{"id":90,"date":"2013-12-12T21:32:42","date_gmt":"2013-12-12T19:32:42","guid":{"rendered":"http:\/\/4blutgruppen.metapublic.com\/?page_id=90"},"modified":"2014-02-12T22:08:32","modified_gmt":"2014-02-12T20:08:32","slug":"blutgruppe-und-persoenlichkeit-bei-kindern","status":"publish","type":"page","link":"https:\/\/www.4blutgruppen.de\/?page_id=90","title":{"rendered":"Blutgruppe und Pers\u00f6nlichkeit bei Kindern"},"content":{"rendered":"<h2>Kleinkinder und Blutgruppe Typ 0<\/h2>\n<p>Vergessen Sie nicht, dass auch Kinder eine Blutgruppen-Pers\u00f6nlichkeit haben.<\/p>\n<p>F\u00f6rdern Sie Unabh\u00e4ngigkeit und Flexibilit\u00e4t innerhalb der t\u00e4glichen Routine. Legen Sie Wert auf soziale Interaktionen mit Kindern im gleichen Alter. Typ O Kinder neigen nat\u00fcrlicherweise dazu, F\u00fchrer zu sein und sie kommen zu ihrer vollen Entfaltung in Vorschulen, Spielgruppen und anderen sozialen Gruppen. Planen Sie t\u00e4glich eine Stunde f\u00fcr eine aktive Zeit &#8211; laufen, klettern, schwimmen oder Rad fahren. Fangen Sie bereits in jungen Jahren mit der Blutgruppe-O-Ern\u00e4hrung an. Geben Sie Ihrem Kind Lob und Best\u00e4tigung, wenn ihr Kind ein Ziel erreicht hat. Dies ist notwendig f\u00fcr alle Kinder, aber besonders Typ O Kinder wachsen und gedeihen mit Aufmerksamkeit und Lob. Machen Sie klare Richtlinien um bei Temperaments- und Wutanf\u00e4llen die Wogen zu gl\u00e4tten &#8211; setzen Sie ein Zeitlimit, seien Sie konsequent &#8211; w\u00e4hrend Sie positive Wege aufzeigen, um mit \u00c4rger umgehen zu k\u00f6nnen. Wenn Ihr Typ O Kind fr\u00fch lernt mit Unannehmlichkeiten umzugehen, wird Er oder Sie sp\u00e4ter weniger Probleme mit Stress haben.<\/p>\n<p>&nbsp;<\/p>\n<h2>Kleinkinder und Blutgruppe Typ A<\/h2>\n<p>Vergessen Sie nicht, dass auch Kinder eine Blutgruppen-Pers\u00f6nlichkeit haben.<\/p>\n<p>Reduzieren Sie Fernsehen; vermeiden Sie Programme mit Filmen die Gewaltt\u00e4tigkeiten enthalten. Die Einwirkung des Fernsehens hebt das Cortisolniveau. Legen Sie Wert auf Musik, B\u00fccher und Kunst. Schon im Alter von zwei oder drei Jahren kann ihr Kind bei Atem\u00fcbungen und Stretching mitmachen. Vermeiden Sie gro\u00dfe Menschenmassen &#8211; dies ist ein gro\u00dfer Stresserzeuger f\u00fcr Typ A. Kultivieren Sie die Liebe zur Natur und den Wissenschaften. Bieten Sie sechs kleine Mahlzeiten an, anstelle von drei gro\u00dfen. Legen Sie ein oder zwei Ruhezeitr\u00e4ume pro Tag fest. Erstellen Sie einen festen Zeitplan f\u00fcr Schlafenszeit und \u00fcberpr\u00fcfen Sie, ob Ihr Kind zwischen acht und 10 Stunden Schlaf pro Nacht einh\u00e4lt zur Unterst\u00fctzung des Tagesrythmus und zur Vermeidung eines Cortisolungleichgewichts. Spielen Sie Stress-reduzierende Musik und nutzen Sie die Aromatherapie f\u00fcr den Raum Ihres Kindes. Typ tendiert dazu Gef\u00fchle zu verinnerlichen. Seien Sie sensitiv gegen\u00fcber den Signalen Ihres Kindes, wenn es aufgeregt oder aufgew\u00fchlt ist. Regen Sie es an, mit Ihnen dar\u00fcber zu reden.<\/p>\n<p>&nbsp;<\/p>\n<h2>Kleinkinder und Blutgruppe Typ B<\/h2>\n<p>Vergessen Sie nicht, dass auch Kinder eine Blutgruppen-Pers\u00f6nlichkeit haben.<\/p>\n<p>Sorgen Sie f\u00fcr eine Nicht-Einschr\u00e4nkende Umwelt. Z.B. erlauben Sie Ihrem Kind, seine oder ihre eigene Kleidung zu w\u00e4hlen, selbst wenn Farben nicht zusammenpassen oder Sie die Zusammenstellung nicht m\u00f6gen. Seien Sie flexibel mit Richtlinien wo immer es m\u00f6glich ist &#8211; z.B. beim zu-Bett-gehen oder den Zeiten der Mahlzeiten. Finden Sie Wege um Ihr Kind auf nicht-\u00fcbereinstimmende-Neigungen anzusprechen &#8211; z.B. bieten Sie ihm ein Sandwich zum Fr\u00fchst\u00fcck an und Eier zum Abendessen. Finden Sie Wege, die die organisatorische Seite Ihres Kindes ansprechen &#8211; wie Listen abhaken, einen Wecker oder farbunterlegte Kleidungsf\u00e4cher. Regen Sie Kreativit\u00e4ts- und Fantasiespiele an. F\u00f6rdern Sie die Anerkennung f\u00fcr andere Kulturen. Limitieren Sie Zucker und k\u00fcnstliche S\u00fc\u00dfstoffe, von denen vermutet wird, dass sie ein Faktor sind bei Aufmerksamkeitsst\u00f6rungen.<\/p>\n<p>&nbsp;<\/p>\n<h2>Kleinkinder und Blutgruppe Typ AB<\/h2>\n<p>Vergessen Sie nicht, dass auch Kinder eine Blutgruppen-Pers\u00f6nlichkeit haben.<\/p>\n<p>Sorgen Sie f\u00fcr eine Nicht-Einschr\u00e4nkende Umwelt. Erlauben Sie Ihrem Kind, die Kleidung zu w\u00e4hlen, die seine Pers\u00f6nlichkeit oder Stimmung ausdr\u00fcckt. Stellen Sie sicher, dass Ihr Kind viel Zeit drau\u00dfen verbringt. Frische Luft und Sonnenschein hilft, ein hohes NK-Zell-Niveau (nat\u00fcrliche Killerzellen) beizubehalten. F\u00f6rdern Sie soziale Kontakte in einer Umgebung die nicht auf Konkurrenzkampf ausgerichtet sind. AB-Kinder neigen dazu, in hohem Grade sozial zu sein, aber bei belastenden Situationen &#8222;fremdeln&#8220; sie sehr leicht. Typ AB hat eine Tendenz Gef\u00fchle zu verinnerlichen. Seien Sie besonders aufmerksam, wenn Ihr Kind aufgeregt oder aufgew\u00fchlt ist. Seien flexibel mit Richtlinien, soweit es m\u00f6glich ist.<\/p>\n","protected":false},"excerpt":{"rendered":"<p>Kleinkinder und Blutgruppe Typ 0 Vergessen Sie nicht, dass auch Kinder eine Blutgruppen-Pers\u00f6nlichkeit haben. F\u00f6rdern Sie Unabh\u00e4ngigkeit und Flexibilit\u00e4t innerhalb der t\u00e4glichen Routine. Legen Sie Wert auf soziale Interaktionen mit Kindern im gleichen Alter. Typ O Kinder neigen nat\u00fcrlicherweise dazu, &hellip;<\/p>\n<p class=\"read-more\"> <a class=\"more-link\" href=\"https:\/\/www.4blutgruppen.de\/?page_id=90\"> <span class=\"screen-reader-text\">Blutgruppe und Pers\u00f6nlichkeit bei Kindern<\/span> Read More &raquo;<\/a><\/p>\n","protected":false},"author":3,"featured_media":0,"parent":0,"menu_order":0,"comment_status":"closed","ping_status":"open","template":"content-sidebar-page.php","meta":{"footnotes":""},"class_list":["post-90","page","type-page","status-publish","hentry"],"_links":{"self":[{"href":"https:\/\/www.4blutgruppen.de\/index.php?rest_route=\/wp\/v2\/pages\/90","targetHints":{"allow":["GET"]}}],"collection":[{"href":"https:\/\/www.4blutgruppen.de\/index.php?rest_route=\/wp\/v2\/pages"}],"about":[{"href":"https:\/\/www.4blutgruppen.de\/index.php?rest_route=\/wp\/v2\/types\/page"}],"author":[{"embeddable":true,"href":"https:\/\/www.4blutgruppen.de\/index.php?rest_route=\/wp\/v2\/users\/3"}],"replies":[{"embeddable":true,"href":"https:\/\/www.4blutgruppen.de\/index.php?rest_route=%2Fwp%2Fv2%2Fcomments&post=90"}],"version-history":[{"count":1,"href":"https:\/\/www.4blutgruppen.de\/index.php?rest_route=\/wp\/v2\/pages\/90\/revisions"}],"predecessor-version":[{"id":920,"href":"https:\/\/www.4blutgruppen.de\/index.php?rest_route=\/wp\/v2\/pages\/90\/revisions\/920"}],"wp:attachment":[{"href":"https:\/\/www.4blutgruppen.de\/index.php?rest_route=%2Fwp%2Fv2%2Fmedia&parent=90"}],"curies":[{"name":"wp","href":"https:\/\/api.w.org\/{rel}","templated":true}]}}