{"id":7,"date":"2013-11-26T17:34:42","date_gmt":"2013-11-26T15:34:42","guid":{"rendered":"http:\/\/4blutgruppen.metapublic.com\/?page_id=7"},"modified":"2016-01-27T21:43:48","modified_gmt":"2016-01-27T19:43:48","slug":"ernaehrung","status":"publish","type":"page","link":"https:\/\/www.4blutgruppen.de\/?page_id=7","title":{"rendered":"Ern\u00e4hrung"},"content":{"rendered":"<p><strong>Personalisierte Ern\u00e4hrung<\/strong><\/p>\n<p>&nbsp;<\/p>\n<h2><span style=\"color: #0000ff;\">Blutgruppenern\u00e4hrung<br \/>\n<\/span><\/h2>\n<h4><span style=\"color: #0000ff;\">Eine Macht im Kampf gegen Krankheiten!?<\/span><\/h4>\n<p>Die Blutgruppen-Ern\u00e4hrung geht davon aus, dass jeder Mensch ein absolutes Individuum ist, und dass es so auch keine &#8222;f\u00fcr-alle-geeignet&#8220; Di\u00e4t oder Ern\u00e4hrung geben kann. Die Zukunft ist eine dem genetischen Code des Menschen entsprechende Ern\u00e4hrung, und hierf\u00fcr ist der erste Faktor Ihre Blutgruppe.<\/p>\n<p>Haben Sie sich nicht schon einmal gewundert, warum manche Menschen durch eine spezielle Di\u00e4t abnehmen und andere nicht? Warum werden manche Menschen mit zunehmendem Alter krank und gebrechlich, w\u00e4hrend andere auch im hohen Alter noch gesund und vital sind?<\/p>\n<p>Ein einzelner Tropfen Ihres Blutes enth\u00e4lt einen biochemischen Code, der so einzigartig ist wie Ihr Fingerabdruck. Ihre Blutgruppe ist ein Schl\u00fcssel der unz\u00e4hligen Wege zu ihrer biochemischen Individualit\u00e4t. Nahrung und Nahrungserg\u00e4nzungen beinhalten Proteine, sogenannte Lektine die mit ihren Zellen interagieren, abh\u00e4ngig von ihrer Blutgruppe. Dies erkl\u00e4rt, warum manche Nahrung vorteilhaft f\u00fcr die Zellen einer Blutgruppe sind, aber sch\u00e4dlich f\u00fcr die Zellen einer anderen Blutgruppe.<\/p>\n<p>Dr. Peter D&#8217;Adamo praktiziert Naturmedizin in zweiter Generation seit mehr als 20 Jahren. Nach den \u00fcber 50j\u00e4hrigen Erfahrungen seines Vaters auf dem Gebiet der Blutgruppe setzt Dr. D&#8217;Adamo diese Arbeit fort. Zahlreiche Publikationen und mehrere Bestseller-B\u00fccher von Peter D&#8217;Adamo haben einen bedeutenden Beitrag geleistet zu einem besseren Verst\u00e4ndnis \u00fcber individuelle Ern\u00e4hrung. Seine B\u00fccher wurden in mehr als 50 Sprachen \u00fcbersetzt und erreichten Millionen von Lesern. Aus Dr. D&#8217;Adamos wegweisenden Forschungen entstand eine individuelle Wissenschaft.<\/p>\n<h2><span style=\"color: #0000ff;\">Ern\u00e4hrungsprofile in der Blutgruppenern\u00e4hrung<\/span><\/h2>\n<h4><span style=\"color: #0000ff;\">Ern\u00e4hrungsprofile nach Dr. D&#8217;Adamo<\/span><\/h4>\n<p>Dr. D&#8217;Adamos Forschung teilt die Nahrungsmittel in verschiedene Kategorien ein, welche f\u00fcr Ihre Gesundheit und Fitness am besten geeignet sind, basierend auf Ihrer Blutgruppe<\/p>\n<ul>\n<li>Bek\u00f6mmlich: Diese Nahrungsmittel n\u00e4hren Ihre Zellen und wirken als Katalysator f\u00fcr Ihre Gesundheit.<\/li>\n<li>Zu vermeiden: Diese Nahrungsmittel verursachen eine sch\u00e4dliche Lektinreaktion in Ihrem Blut.<\/li>\n<li>Neutral: Weder bek\u00f6mmlich noch zu vermeiden.<\/li>\n<\/ul>\n<p>&nbsp;<\/p>\n<h2><span style=\"color: #0000ff;\">St\u00e4rken und Herausforderungen<\/span><\/h2>\n<h4><span style=\"color: #0000ff;\">Was sind die St\u00e4rken und Schw\u00e4chen Ihrer Blutgruppe?<\/span><\/h4>\n<p>Tendiert Ihre Blutgruppe zu einem robusten Verdauungstrakt und einem stabilen Immunsystem, oder eher zu einem sensiblen Verdauungstrakt mit einem Immunsystem das anf\u00e4lliger ist f\u00fcr Virus-Infektionen?<\/p>\n<p>Jeder Blutgruppen-Typ hat bestimmte &#8218;zu vermeidende&#8216; Nahrungsmittel die eine Gewichtszunahme verursachen k\u00f6nnen, z.B. Fleisch und Milchprodukte bei Typ A und Getreide bei Typ O. Typ B profitiert besonders von Magnesium, Licorice und Lecithin; w\u00e4hrend Typ A gut auf Vitamin C und E, Echinacea und Quercetin anspricht.<\/p>\n<p>Profitieren Sie von beruhigenden, konzentrationsf\u00f6rdernder sportlicher Bet\u00e4tigung wie Yoga, Radfahren oder Tennis &#8211; oder braucht Ihr K\u00f6rper intensive k\u00f6rperliche \u00dcbungen wie Aerobic, Laufen und Kampfsport-Arten?<\/p>\n<p>&nbsp;<\/p>\n<p>&nbsp;<\/p>\n<p>&nbsp;<\/p>\n","protected":false},"excerpt":{"rendered":"<p>Personalisierte Ern\u00e4hrung &nbsp; Blutgruppenern\u00e4hrung Eine Macht im Kampf gegen Krankheiten!? Die Blutgruppen-Ern\u00e4hrung geht davon aus, dass jeder Mensch ein absolutes Individuum ist, und dass es so auch keine &#8222;f\u00fcr-alle-geeignet&#8220; Di\u00e4t oder Ern\u00e4hrung geben kann. Die Zukunft ist eine dem genetischen &hellip;<\/p>\n<p class=\"read-more\"> <a class=\"more-link\" href=\"https:\/\/www.4blutgruppen.de\/?page_id=7\"> <span class=\"screen-reader-text\">Ern\u00e4hrung<\/span> Read More &raquo;<\/a><\/p>\n","protected":false},"author":3,"featured_media":0,"parent":0,"menu_order":0,"comment_status":"closed","ping_status":"closed","template":"content-sidebar-page.php","meta":{"footnotes":""},"class_list":["post-7","page","type-page","status-publish","hentry"],"_links":{"self":[{"href":"https:\/\/www.4blutgruppen.de\/index.php?rest_route=\/wp\/v2\/pages\/7","targetHints":{"allow":["GET"]}}],"collection":[{"href":"https:\/\/www.4blutgruppen.de\/index.php?rest_route=\/wp\/v2\/pages"}],"about":[{"href":"https:\/\/www.4blutgruppen.de\/index.php?rest_route=\/wp\/v2\/types\/page"}],"author":[{"embeddable":true,"href":"https:\/\/www.4blutgruppen.de\/index.php?rest_route=\/wp\/v2\/users\/3"}],"replies":[{"embeddable":true,"href":"https:\/\/www.4blutgruppen.de\/index.php?rest_route=%2Fwp%2Fv2%2Fcomments&post=7"}],"version-history":[{"count":4,"href":"https:\/\/www.4blutgruppen.de\/index.php?rest_route=\/wp\/v2\/pages\/7\/revisions"}],"predecessor-version":[{"id":1821,"href":"https:\/\/www.4blutgruppen.de\/index.php?rest_route=\/wp\/v2\/pages\/7\/revisions\/1821"}],"wp:attachment":[{"href":"https:\/\/www.4blutgruppen.de\/index.php?rest_route=%2Fwp%2Fv2%2Fmedia&parent=7"}],"curies":[{"name":"wp","href":"https:\/\/api.w.org\/{rel}","templated":true}]}}