{"id":5,"date":"2013-11-26T17:34:30","date_gmt":"2013-11-26T15:34:30","guid":{"rendered":"http:\/\/4blutgruppen.metapublic.com\/?page_id=5"},"modified":"2014-03-31T20:55:39","modified_gmt":"2014-03-31T18:55:39","slug":"blutgruppen","status":"publish","type":"page","link":"https:\/\/www.4blutgruppen.de\/?page_id=5","title":{"rendered":"Welcher Typ sind Sie?"},"content":{"rendered":"<h2><strong><\/strong>Blutgruppenern\u00e4hrung: Welche Blutgruppe haben Sie?<\/h2>\n<p>Lesen Sie hier alles zu den vier Blutgruppen.<\/p>\n<p>Jede Blutgruppe bringt Ihre eigenen Kennzeichen und Eigenschaften mit sich. Man unterscheidet vier Hauptgruppen: Die Blutgruppen 0, A, B, und AB. In Deutschland haben etwa 80% aller Menschen Blutgruppe 0 oder A. Etwa 10% besitzen die Blutgruppe B und nur 5% die Blutgruppe AB<\/p>\n<p>Wenn Sie Ihre Blutgruppe nicht kennen, finden Sie diese im Blutspendeausweis oder dem Mutterpass. Unter der Adresse www.blutgruppe-schnelltest.de k\u00f6nnen Sie auch ein Testset zur Bestimmung Ihrer Blutgruppe bestellen.<\/p>\n<p>Was macht mich zu mich und Sie zu Sie?<br \/>\nDies ist die Frage die im Herzen des genetischen Puzzlespiels steht. Es ist auch die zentrale Frage bei unserer Erforschung der Blutgruppen. Der Schl\u00fcssel ist das genetische Erbe &#8211; der rote Faden in Ihrem Leben.<\/p>\n<p>Obwohl Sie im 21. Jahrhundert leben, teilen sie eine gemeinsame Bindung mit Ihren Vorfahren. Die genetischen Informationen, die Ihre bestimmten Eigenschaften ergaben, wurden an Sie weitergeleitet.<\/p>\n<p>Menschen mit Blutgruppe O haben andere Eigenschaften als Menschen, die Blutgruppe B oder A haben &#8211; sie sind anf\u00e4llig f\u00fcr unterschiedliche Krankheiten, sie sollten unterschiedlicheNahrungsmittel zu sich nehmen und unterschiedliche sportliche Bet\u00e4tigungen machen und dies alles in einer komplett unterschiedlichen Art und Weise. Einige glauben auch, dass die Pers\u00f6nlichkeit von der Blutgruppe beeinflusst wird!<\/p>\n<p>Dr. D&#8217;Adamo, Autor der Bestseller B\u00fccher &#8218;4 Blutgruppen &#8211; Vier Strategien f\u00fcr ein gesundes Leben&#8216; und &#8218;4 Blutgruppen &#8211; Richtig leben&#8216;, sowie eine Menge anderer B\u00fccher, zeigen uns in einen Plan wie wir leben sollten.<\/p>\n<p>Lesen Sie weiter und lernen Sie mehr \u00fcber Ihren eigenen Bluttyp:<\/p>\n<h4>Menschen mit der Blutgruppe Typ 0<br \/>\nBlutgruppe Typ 0 und Pers\u00f6nlichkeit<\/h4>\n<p>In einer unabh\u00e4ngigen Studie mit 45 MBA-Kursteilnehmern, beschrieben sich Typ O`s oft mit folgenden Eigenschaften:<\/p>\n<ul>\n<li>verantwortungsbewusst<\/li>\n<li>entscheidungsfreudig<\/li>\n<li>organisiert<\/li>\n<li>objektiv<\/li>\n<li>Richtlinien-bewusst und praktisch<\/li>\n<\/ul>\n<p>Typ 0, m\u00e4nnlich wie weiblich, haben im Vergleich zu anderen Typen, einen h\u00f6heren Prozentsatz eines mesomorphen K\u00f6rperbaus. Interessanterweise erzielt Typ 0 auch mehr Punkte als andere beim &#8222;F\u00fchlen&#8220; &#8211; unter Verwendung der 5 Sinne um Informationen zu erfassen und in einer f\u00fchlen-und-denken Kombination, zeigen sie dass sie mehr detail- und Fakten-orientiert sind, logisch, exakt und ordentlich. &#8222;Ich glaube, dass die Tendenz zu f\u00fchlen und Fakten richtig einzusch\u00e4tzen eine angeborene Notwendigkeit der J\u00e4ger-Sammler war, die Umwelt zu beobachten und genau einzusch\u00e4tzen, um das \u00dcberleben zu sichern.&#8220; sagt D&#8217;Adamo.<\/p>\n<p>Lesen sie hier mehr zur Blutgruppe Typ 0<\/p>\n<h4>Menschen mit der Blutgruppe Typ A<br \/>\nBlutgruppe Typ A und Pers\u00f6nlichkeit<\/h4>\n<p>Die Blutgruppe ist ein Merkmal der Individualit\u00e4t &#8211; und m\u00f6glicherweise auch der Pers\u00f6nlichkeit. In Japan wurde lange geglaubt, dass die Blutgruppe ein Indikator f\u00fcr die Pers\u00f6nlichkeit ist &#8211; tats\u00e4chlich ist es wahrscheinlich, dass Sie in Japan bei einem Vorstellungsgespr\u00e4ch oder w\u00e4hrend eines Treffens mit einem potentiellen Partner nach Ihrer Blutgruppe gefragt werden!<\/p>\n<p>In einer Studie, die von Dr. D&#8217;Adamo im Jahr 1999 geleitet wurde, fand er interessante Verbindungen zwischen Blutgruppe und Pers\u00f6nlichkeit. Typ A beschreibt sich selbst oft mit folgenden Charakteristiken:<\/p>\n<ul>\n<li>sensitiv f\u00fcr die Bed\u00fcrfnisse anderer<br \/>\ngute Zuh\u00f6rer<br \/>\nDetail orientiert<br \/>\nanalytisch<br \/>\nkreativ und erfinderisch<\/li>\n<\/ul>\n<p>Lesen sie hier mehr zur Blutgruppe Typ A<\/p>\n<h4>Menschen mit der Blutgruppe Typ B<br \/>\nDie Geschichte der Blutgruppe Typ B: B wie Balance<\/h4>\n<p>Die Verbindung zwischen Blutgruppe und Pers\u00f6nlichkeit wurde lange studiert. In einer unabh\u00e4ngigen Studie fand Dr. D&#8217;Adamo, dass die meisten mit Typ B sich mit folgenden Eigenschaften beschreiben:<\/p>\n<ul>\n<li>subjektiv<br \/>\nunbek\u00fcmmert<br \/>\nkreativ<br \/>\nurspr\u00fcnglich<br \/>\nflexibel<\/li>\n<\/ul>\n<p>In einer anderen Studie, erzielt Typ B eine h\u00f6here Punktzahl als andere bei &#8222;Intuition&#8220;, und erreichen auch eine hohe Punktzahl bei einer &#8222;Intuition\/Gef\u00fchl&#8220; Kombination, was zeigt dass sie dazu neigen einf\u00fchlsam, mystisch, idealistisch, kreative, global-orientiert, personenorientiert sind und eine gute Vorstellungskraft besitzen.<\/p>\n<p>Sie berichten auch, dass sie am besten lernen durch H\u00f6ren, dann reflektieren und deuten was sie beobachtet haben. M\u00f6glicherweise hat das nomadische Leben in den Steppen dazu beigetragen, viele Stunden mit Gespr\u00e4chen zu verbringen genauso wie reichlich Zeit zu haben f\u00fcr Meditation und zur Besinnung.<\/p>\n<p>Lesen sie hier mehr zur Blutgruppe Typ B<\/p>\n<h4>Menschen mit der Blutgruppe Typ AB<br \/>\nDer individuelle Lebensstil von Blutgruppe AB<\/h4>\n<p>Typ AB ist empf\u00e4nglich f\u00fcr Mitteilungen in Bezug auf die emotionale Gesundheit. W\u00e4hren Sie dazu neigen, anderen Menschen gegen\u00fcber freundlich und vertrauensvoll zu sein, gibt es eine Seite in ihnen die sich fremd f\u00fchlt in gr\u00f6\u00dferen Gemeinschaften. Sie sind intuitiv und spirituell, mit der F\u00e4higkeit hinter die Fassaden der Gesellschaft zu schauen. Sie sind leidenschaftlich in ihren Vorstellungen\/Glauben, m\u00f6chten aber auch von den anderen gemocht werden, was Konflikte verursachen kann.<\/p>\n<p>In einer unabh\u00e4ngigen Studie beschreiben sich AB-Typen als<\/p>\n<ul>\n<li>emotional<br \/>\nleidenschaftlich<br \/>\nfreundlich<br \/>\nvertrauensvoll<br \/>\neinf\u00fchlsam<\/li>\n<\/ul>\n<p>Einige interessante Menschen mit Blutgruppe AB waren John F. Kennedy und Marilyn Monroe, beide haben bis heute einen Platz in unserer Psyche.<\/p>\n<p>Lesen sie hier mehr zur Blutgruppe Typ AB<\/p>\n","protected":false},"excerpt":{"rendered":"<p>Blutgruppenern\u00e4hrung: Welche Blutgruppe haben Sie? Lesen Sie hier alles zu den vier Blutgruppen. Jede Blutgruppe bringt Ihre eigenen Kennzeichen und Eigenschaften mit sich. Man unterscheidet vier Hauptgruppen: Die Blutgruppen 0, A, B, und AB. In Deutschland haben etwa 80% aller &hellip;<\/p>\n<p class=\"read-more\"> <a class=\"more-link\" href=\"https:\/\/www.4blutgruppen.de\/?page_id=5\"> <span class=\"screen-reader-text\">Welcher Typ sind Sie?<\/span> Read More &raquo;<\/a><\/p>\n","protected":false},"author":3,"featured_media":0,"parent":0,"menu_order":0,"comment_status":"closed","ping_status":"closed","template":"content-sidebar-page.php","meta":{"footnotes":""},"class_list":["post-5","page","type-page","status-publish","hentry"],"_links":{"self":[{"href":"https:\/\/www.4blutgruppen.de\/index.php?rest_route=\/wp\/v2\/pages\/5","targetHints":{"allow":["GET"]}}],"collection":[{"href":"https:\/\/www.4blutgruppen.de\/index.php?rest_route=\/wp\/v2\/pages"}],"about":[{"href":"https:\/\/www.4blutgruppen.de\/index.php?rest_route=\/wp\/v2\/types\/page"}],"author":[{"embeddable":true,"href":"https:\/\/www.4blutgruppen.de\/index.php?rest_route=\/wp\/v2\/users\/3"}],"replies":[{"embeddable":true,"href":"https:\/\/www.4blutgruppen.de\/index.php?rest_route=%2Fwp%2Fv2%2Fcomments&post=5"}],"version-history":[{"count":3,"href":"https:\/\/www.4blutgruppen.de\/index.php?rest_route=\/wp\/v2\/pages\/5\/revisions"}],"predecessor-version":[{"id":1409,"href":"https:\/\/www.4blutgruppen.de\/index.php?rest_route=\/wp\/v2\/pages\/5\/revisions\/1409"}],"wp:attachment":[{"href":"https:\/\/www.4blutgruppen.de\/index.php?rest_route=%2Fwp%2Fv2%2Fmedia&parent=5"}],"curies":[{"name":"wp","href":"https:\/\/api.w.org\/{rel}","templated":true}]}}