{"id":35,"date":"2013-11-29T19:34:23","date_gmt":"2013-11-29T17:34:23","guid":{"rendered":"http:\/\/4blutgruppen.metapublic.com\/?page_id=35"},"modified":"2014-02-12T21:52:25","modified_gmt":"2014-02-12T19:52:25","slug":"blutgruppe-typ-ab","status":"publish","type":"page","link":"https:\/\/www.4blutgruppen.de\/?page_id=35","title":{"rendered":"Blutgruppe Typ AB"},"content":{"rendered":"<h2><span style=\"color: #008000;\">Blutgruppe Typ AB<\/span><\/h2>\n<h4><span style=\"color: #008000;\">Der individuelle Lebensstil von Menschen mit Blutgruppe AB<\/span><\/h4>\n<p>Menschen mit Blutgruppe AB sind selten &#8211; man findet sie bei weniger als f\u00fcnf Prozent der Bev\u00f6lkerung. Und sie ist die neuste der Blutgruppen. Vor tausend bis zw\u00f6lfhundert Jahren gab es keine Menschen mit Blutgruppe AB. Typ AB resultiert aus der Vermischung von Typ A und Typ B.<\/p>\n<p>Typ AB ist die einzige Blutgruppe, deren Bestehen das Ergebnis einer Vermischung ist, eher als ein Ergebnis aus der Umwelt. So teilt Blutgruppe AB die Vorteile und die Herausforderungen beider Blutgruppen &#8211; Typ A und Typ B. Typ AB hat eine einzigartige Cham\u00e4leon-artige Qualit\u00e4t &#8211; abh\u00e4ngig von den Umst\u00e4nden kann diese Blutgruppe die Eigenschaften der jeweils anderen Blutgruppe (A oder B) verwenden.<\/p>\n<p>Typ AB ist manchmal A-\u00e4hnlich, manchmal B-\u00e4hnlich und manchmal eine Fusion von beiden. Wenn wir heute zur\u00fcck schauen und uns diese bemerkenswerte Evolutionsrevolution betrachten, ist klar, dass die genetischen Eigenschaften unserer Vorfahren in unserem Blut von heute leben.<\/p>\n<h4><span style=\"color: #008000;\">Richtig Essen f\u00fcr Wellness<\/span><\/h4>\n<p>Typ A reflektiert die Mischung aus der Erbschaft ihrer A- und B-Gene. Nach Ansicht von Dr. D&#8217;Adamo hat Typ AB die niedrige Magens\u00e4ure von Typ A, jedoch auch die Adaption von Typ B zum Fleisch. Aufgrund des Mangels an Magens\u00e4ure zur effizienten Umwandlung des Fleisches, hat Typ AB die Tendenz dieses Fleisch als Fett zu speichern. Typ AB neigt dazu, die gleiche Insulinreaktion zu haben wie Typ B auf Limabohnen, Mais, Buchweizen oder Sesamsamen.<\/p>\n<p>Eine blockierte Insulinproduktion resultiert in Hypoglycemia, einer Senkung des Blutzuckers nach den Mahlzeiten und f\u00fchrt zu einer geringeren effektiven Verstoffwechslung der Nahrungsmittel.<\/p>\n<p>Typ AB sollte Koffein und Alkohol vermeiden, besonders in stressigen Situationen. Dr. D&#8217;Adamo empfiehlt f\u00fcr Typ AB den Fokus auf Nahrungsmittel wie Tofu, Meeresfr\u00fcchte, Molkereiprodukte und gr\u00fcnes Gem\u00fcse zu legen, wenn Sie Gewicht verlieren m\u00f6chten. Vermeiden Sie alles ger\u00e4ucherte oder gep\u00f6kelte Fleisch. Diese Nahrungsmittel k\u00f6nnen Magenkrebs verursachen bei Menschen mit niedriger Magens\u00e4ure, empfiehlt Dr. D&#8217;Adamo.<\/p>\n<p>Es gibt eine gro\u00dfe Vielfalt an Meeresfr\u00fcchten f\u00fcr Typ AB, und ist auch eine ausgezeichnete Proteinquelle f\u00fcr Typ AB. Einige sehr bek\u00f6mmliche Fische sind Mahi-Mahi, Schnapper, Lachs, Sardinen und Thunfisch. Einige Molkereiprodukte sind ebenso sehr bek\u00f6mmlich f\u00fcr Typ AB &#8211; besonders Produkte wie Joghurt und Kefir.<\/p>\n<p>Dr. D&#8217;Adamo empfiehlt auch h\u00e4ufigere, kleinere Mahlzeiten, da sie den Verdauungs-Problemen entgegenwirken die durch unzul\u00e4ngliche Magens\u00e4ure und wenig Verdauungsf\u00f6rdernde Enzyme verursacht werden. Ihr Magen leitet den Verdauungsprozess ein in einer Kombination von Verdauungs-Sekretion und muskul\u00f6sen Kontraktionen, die die Nahrung mischen. Wenn Sie ein niedriges Niveau an Verdauungsf\u00f6rdernder Sekretion haben, neigt Nahrung dazu, l\u00e4nger im Magen zu bleiben erkl\u00e4rt Dr. D&#8217;Adamo. Er empfiehlt dass Typ AB die Aufmerksamkeit auf eine Kombination bestimmter Nahrungsmittel legt. Zum Beispiel verdauen und wandeln Sie Nahrungsmittel besser um, wenn Sie vermeiden, St\u00e4rke und Proteine in der gleichen Mahlzeit zu essen.<\/p>\n<p>&nbsp;<\/p>\n<h4><span style=\"color: #008000;\">Stress und sportliche Bet\u00e4tigung<\/span><\/h4>\n<p>Auch wenn Menschen eine unterschiedliche F\u00e4higkeit haben f\u00fcr angepassten Stress, haben wir alle einen Schnittpunkt. Gen\u00fcgend Stressfaktoren mit einer ausreichenden Intensit\u00e4t w\u00e4hrend eines ausreichend langen Zeitabschnitts wirken auf jeden maladaptiv (&#8218;zuviel des Guten&#8216;).<\/p>\n<p>Typ AB \u00e4hnelt in ihrer Tendenz wenn es um Stresshormone geht Typ 0 und produziert zu viel Catecholamine wie Adrenalin. Jedoch haben sie auch die zus\u00e4tzliche Komplexit\u00e4t von Typ B des raschen Ausgleichs von Stickstoffoxid, also die physikalische Konsequenz starker Emotionen. Die gr\u00f6\u00dfte Gefahr liegt in der Tendenz diese Gef\u00fchle zu verinnerlichen, besonders \u00c4rger und Feindseligkeit, was f\u00fcr die Gesundheit viel zerst\u00f6render ist als wenn diese Gef\u00fchle nach au\u00dfen hin ausgedr\u00fcckt werden.<\/p>\n<p>Sportliche Bet\u00e4tigungen spielen eine entscheidende Rolle bei Stressreduzierung und bei der Unterst\u00fctzung einer gesunden emotionalen Balance bei Typ AB. Dr. D&#8217;Adamo empfiehlt eine Kombination aus beruhigenden T\u00e4tigkeiten und intensiveren k\u00f6rperlichen \u00dcbungen zur Beibehaltung einer optimalen Balance. Zum Beispiel drei Tage intensive \u00dcbungen wie Laufen oder Radfahren und zwei Tage beruhigender \u00dcbungen wie Yoga oder Tai-Chi.<\/p>\n<h4><span style=\"color: #008000;\">Pers\u00f6nlichkeit<\/span><\/h4>\n<p>Typ AB bekommt h\u00e4ufig etwas gemischte Botschaften in Bezug auf die emotionale Gesundheit. W\u00e4hrend Typ AB dazu neigt, sich auf andere zu beziehen und freundlich und vertrauensvoll sind, gibt es auch eine Seite bei ihnen, von der sie gef\u00fchlsm\u00e4\u00dfig glauben von der gr\u00f6\u00dferen Gemeinschaft entfremdet zu sein.<\/p>\n<p>Auf ihrer besten Seite sind Typ AB intuitiv und spirituell mit der F\u00e4higkeit \u00fcber die steifen Grenzen der Gesellschaft hinaus zu schauen. Sie sind passioniert von dem an was sie glauben, m\u00f6chten aber auch von anderen gemocht werden und dies kann Konflikte schaffen. In einer unabh\u00e4ngigen Studie beschrieben sich Menschen mit Blutgruppe AB als emotional, leidenschaftlich, freundlich, vertrauensvoll und einf\u00fchlsam.<\/p>\n<p>Beim Typ AB finden wir einige interessante Menschen dieses Blutgruppentyps: John F. Kennedy und Marilyn Monroe hatten Blutgruppe AB und auch wenn beide bereits gestorben sind, haben sie bis zum heutigen Tag einen Platz in unserem nationalen Denken.<\/p>\n<p>&nbsp;<\/p>\n<h4><span style=\"color: #008000;\">Richtig Leben!<\/span><\/h4>\n<p>Die Lebensstrategien f\u00fcr Menschen mit Blutgruppe AB sind:<\/p>\n<ul>\n<li>F\u00f6rdern Sie Ihre soziale Natur in einer freundlichen Umgebung. Vermeiden Sie Situationen die stark wettbewerbsorientiert sind.<\/li>\n<li>Vermeiden Sie rituelles Denken und die Fixierung auf bestimmte Themen, besonders die, die Sie nicht steuern oder beeinflussen k\u00f6nnen.<\/li>\n<li>Entwickeln Sie einen klaren Plan f\u00fcr Ziele und Aufgaben &#8211; j\u00e4hrlich, monatlich, w\u00f6chentlich, t\u00e4glich &#8211; um Eile zu vermeiden.<\/li>\n<li>Nehmen Sie ihre Ver\u00e4nderung des Lebensstils allm\u00e4hlich vor, und versuchen Sie nicht alles sofort zu anzupacken.<\/li>\n<li>Machen Sie mindestens zweimal w\u00f6chentlich f\u00fcr 45 bis 60 Minuten sportliche \u00dcbungen. Ausgeglichenheit wird erreicht durch t\u00e4gliche Dehnungs\u00fcbungen, Meditation oder Yoga.<\/li>\n<li>Engagieren Sie sich in einer Gemeinschaft, in der Nachbarschaft oder in einer anderen Gruppenaktivit\u00e4t die Ihnen eine sinnvolle Verbindung zur Gruppe gibt.<\/li>\n<li>Praktizieren Sie t\u00e4glich Visualisierungstechniken.<\/li>\n<li>Verbringen Sie auch Zeit alleine. Haben Sie mindestens einen Sport, ein Hobby oder eine T\u00e4tigkeit, die Sie unabh\u00e4ngig von anderen durchf\u00fchren.<\/li>\n<li>Unterbrechen Sie Ihren Arbeitstag mit etwas k\u00f6rperlicher T\u00e4tigkeit, besonders wenn Sie einen Job haben, bei dem Sie viel sitzen. Sie werden sich energiegeladener f\u00fchlen.<\/li>\n<\/ul>\n<p>&nbsp;<\/p>\n<p>&nbsp;<\/p>\n","protected":false},"excerpt":{"rendered":"<p>Blutgruppe Typ AB Der individuelle Lebensstil von Menschen mit Blutgruppe AB Menschen mit Blutgruppe AB sind selten &#8211; man findet sie bei weniger als f\u00fcnf Prozent der Bev\u00f6lkerung. Und sie ist die neuste der Blutgruppen. Vor tausend bis zw\u00f6lfhundert Jahren &hellip;<\/p>\n<p class=\"read-more\"> <a class=\"more-link\" href=\"https:\/\/www.4blutgruppen.de\/?page_id=35\"> <span class=\"screen-reader-text\">Blutgruppe Typ AB<\/span> Read More &raquo;<\/a><\/p>\n","protected":false},"author":3,"featured_media":0,"parent":0,"menu_order":0,"comment_status":"closed","ping_status":"open","template":"content-sidebar-page.php","meta":{"footnotes":""},"class_list":["post-35","page","type-page","status-publish","hentry"],"_links":{"self":[{"href":"https:\/\/www.4blutgruppen.de\/index.php?rest_route=\/wp\/v2\/pages\/35","targetHints":{"allow":["GET"]}}],"collection":[{"href":"https:\/\/www.4blutgruppen.de\/index.php?rest_route=\/wp\/v2\/pages"}],"about":[{"href":"https:\/\/www.4blutgruppen.de\/index.php?rest_route=\/wp\/v2\/types\/page"}],"author":[{"embeddable":true,"href":"https:\/\/www.4blutgruppen.de\/index.php?rest_route=\/wp\/v2\/users\/3"}],"replies":[{"embeddable":true,"href":"https:\/\/www.4blutgruppen.de\/index.php?rest_route=%2Fwp%2Fv2%2Fcomments&post=35"}],"version-history":[{"count":1,"href":"https:\/\/www.4blutgruppen.de\/index.php?rest_route=\/wp\/v2\/pages\/35\/revisions"}],"predecessor-version":[{"id":916,"href":"https:\/\/www.4blutgruppen.de\/index.php?rest_route=\/wp\/v2\/pages\/35\/revisions\/916"}],"wp:attachment":[{"href":"https:\/\/www.4blutgruppen.de\/index.php?rest_route=%2Fwp%2Fv2%2Fmedia&parent=35"}],"curies":[{"name":"wp","href":"https:\/\/api.w.org\/{rel}","templated":true}]}}