{"id":31,"date":"2013-11-29T19:33:39","date_gmt":"2013-11-29T17:33:39","guid":{"rendered":"http:\/\/4blutgruppen.metapublic.com\/?page_id=31"},"modified":"2014-02-12T21:51:53","modified_gmt":"2014-02-12T19:51:53","slug":"blutgruppe-typ-a","status":"publish","type":"page","link":"https:\/\/www.4blutgruppen.de\/?page_id=31","title":{"rendered":"Blutgruppe Typ A"},"content":{"rendered":"<h2><span style=\"color: #333399;\">Blutgruppe Typ A<\/span><\/h2>\n<h4><span style=\"color: #333399;\">Historie<\/span><\/h4>\n<p>Typ A taucht in das 21. Jahrhundert mit viel mehr komplexen Herausforderungen ein, als ihre Vorfahren es sich vorstellen konnten. Der Schl\u00fcsselfaktor in der Entwicklung von Typ A kann bis zu der Zeit des \u00dcberlebenskampfes zur\u00fcckverfolgt werden als eine rapide Verminderung des gejagten Wildbestandes die Versorgung gef\u00e4hrdete.<\/p>\n<p>Die gro\u00dfen Herden von Afrika waren weitgehend ersch\u00f6pft und die Menschen verlie\u00dfen das Land ihrer Vorfahren und wanderten weiter nach Europa und Asien. Die Kultivierung von Getreide und Viehbestand \u00e4nderte alles. Zum ersten Mal waren Menschen in der Lage, den &#8218;von der Hand in den Mund&#8216; Lebensstil des J\u00e4ger \/ Sammlers aufzugeben und stabile Gemeinschaften zu bilden.<\/p>\n<p>Im Laufe der Zeit basierten die Anpassungen die Typ A hervorbrachten, auf dem Bedarf N\u00e4hrstoffe aus Kohlenhydrat-Quellen v\u00f6llig zu verwerten. Diese biologischen Anpassungen k\u00f6nnen in der Struktur des Verdauungssystems noch heute beobachtet werden. Ein geringes Niveau an Salzs\u00e4ure im Magen und ein hohes Niveau des Verdauungsf\u00f6rdernden Enzyms Disaccharid erm\u00f6glichen eine leistungsf\u00e4hige Verdauung von Kohlenhydraten.<\/p>\n<p>Nach Ansicht von Dr. D&#8217;Adamo sind es auch diese Faktoren, zusammen mit einem niedrigen Niveau an intestinaler alkalischer Phosphatase, die es schwierig macht f\u00fcr Menschen mit Blutgruppe A, bei der Verdauung und Verstoffwechslung von Tierproteinen und Fetten.<\/p>\n<h4><span style=\"color: #333399;\">Die Einzigartigkeit von Typ A<\/span><\/h4>\n<p>Viele Neurochemischen Faktoren in der Genetik von Typ A bevorzugen ein strukturiertes, rhythmisches, harmonisches Leben, umgeben von einer positiven, unterst\u00fctzenden Gemeinschaft. Das sich beschleunigende Tempo und die zunehmende Isolation in unserer heutigen Gesellschaft machen es schwierig, dieses Bed\u00fcrfnis zu befriedigen.<\/p>\n<p>Typ A lebt die kraftvolle Verbindung zwischen K\u00f6rper und Geist vor. Dies war lebensnotwendig bei der Verschiebung die weg vom Jagen ging und hin zu Bauen und Anpflanzung. Die Eigenschaft von Typ A eine eher verinnerlichte Verbindung zu Stress zu haben, welche den Vorfahren diente, kann eine Herausforderung bedeuten f\u00fcr den modernen A-Typ.<\/p>\n<p>Die vorausschauende Mischung der Blutgruppen-Di\u00e4t f\u00fcr Lifestyle, Strategien, hormoneller Ausgeglichenheit, beruhigender sportlicher Bet\u00e4tigung und speziellen Ern\u00e4hrungsrichtlinien wird Ihre allgemeine Gesundheit maximieren und ihre naturgegebenen Risikofaktoren f\u00fcr Krebs, Diabetes und Herz-Kreislauf verringern.<\/p>\n<p>Das Ergebnis: eine gute Performance, geistige Klarheit, gr\u00f6\u00dfere Vitalit\u00e4t und langes Leben.<\/p>\n<h4><span style=\"color: #333399;\">Typ A Ern\u00e4hrung<\/span><\/h4>\n<p>Wenn wir \u00fcber &#8218;Di\u00e4t&#8216; sprechen, reden wir hier nicht notwendigerweise \u00fcber eine Ern\u00e4hrung um Gewicht zu verlieren, denn dies ist ein Nebeneffekt der Blutgruppendi\u00e4t. Wir sprechen hier \u00fcber eine Di\u00e4t in eher traditionellem Sinn, was Ern\u00e4hrungsweise bedeutet, erkl\u00e4rt Dr. D&#8217;Adamo.<\/p>\n<p>Typ A bl\u00fcht auf mit einer vegetarischen Ern\u00e4hrung &#8211; wenn Sie es gewohnt sind Fleisch zu essen, werden Sie durch die vegetarische Ern\u00e4hrung Gewicht verlieren und mehr Energie haben sobald Sie die f\u00fcr Sie toxischen Nahrungsmittel von Ihrer Di\u00e4t entfernt haben.<\/p>\n<p>Viele Menschen finden es schwierig, weg von typischen Fleisch- und Kartoffelspeisen und hin zu Soja Proteinen, Getreide und Gem\u00fcse zu wechseln. Aber es ist wichtig f\u00fcr den sensitiven A-Typ ihre Nahrungsmittel in einer so nat\u00fcrlichen Art und Weise wie m\u00f6glich zu essen: rein, frisch und biologisch.<\/p>\n<p>&#8222;Ich kann gar nicht genug betonen, wie wichtig diese entscheidende Anpassung an die Ern\u00e4hrung sein kann f\u00fcr das sensitive Immunsystem von Typ A. Mit dieser Ern\u00e4hrung k\u00f6nnen Sie Ihr Immunsystem wieder aufladen und m\u00f6glicherweise die Entwicklung lebensbedrohlicher Krankheiten ausschalten.&#8220;<\/p>\n<h4><span style=\"color: #333399;\">Der Umgang mit Stress<\/span><\/h4>\n<p>In dieser gesch\u00e4ftigen, sich st\u00e4ndig ver\u00e4nderbaren Welt ist es fast unm\u00f6glich jeden Tag Stress zu vermeiden. Menschen mit Typ A haben von Natur aus ein hohes Niveau des Stresshormons Cortisol und produzieren noch mehr davon als Reaktion auf stressige Situationen. Cortisol wird freigegeben in 24-st\u00fcndigen Mustern, normalerweise am fr\u00fchen Morgen zwischen sechs und acht Uhr und nimmt w\u00e4hrend des Tages allm\u00e4hlich ab. Es hilft bei der Regelung anderer zyklischer Rhythmen des K\u00f6rpers.<\/p>\n<p>Aufgrund des naturgegebenen erh\u00f6hten Cortisolspiegels bei Typ A, kann sich zus\u00e4tzlicher Stress auf verschiedene Arten zeigen: unterbrochene Schlafmuster, &#8218;umnebelter Verstand&#8216; w\u00e4hrend des Tages, erh\u00f6hte Blutviskosit\u00e4t (Verdickung), f\u00f6rdert Muskelverlust und Fett-Zunahme. In Extremf\u00e4llen kann sich bei Typ A Stress auch auf ernstere Art manifestieren und Zwangsneurosen, Insulin Resistenz und Hypothyerose (Schilddr\u00fcsenunterfunktion) verursachen.<\/p>\n<p>Um das Cortisol Niveau in der Balance zu halten, empfiehlt Dr. D&#8217;Adamo die Reduzierung von Zucker, Koffein und Alkohol. \u00dcberspringen Sie keine Mahlzeiten, besonders nicht das Fr\u00fchst\u00fcck; essen Sie h\u00e4ufig kleinere Mahlzeiten, dies hilft den Blutzuckerspiegel zu stabilisieren.<\/p>\n<p>Er weist auch darauf hin, dass folgende Faktoren daf\u00fcr bekannt sind, das Cortisol-Niveau und mentale Ersch\u00f6pfung zu erh\u00f6hen &#8211; beachten Sie dies und limitieren Sie diese Belastungen wenn m\u00f6glich:<\/p>\n<ul>\n<li>Menschenmengen<\/li>\n<li>Laute Ger\u00e4usche<\/li>\n<li>Negative Gef\u00fchle<\/li>\n<li>Rauchen<\/li>\n<li>Starke Ger\u00fcche oder Parf\u00fcme<\/li>\n<li>Zu viel Zucker und Speisest\u00e4rke<\/li>\n<li>\u00dcberlastung<\/li>\n<li>Gewalt im Fernsehen oder Filmen<\/li>\n<li>Schlafmangel<\/li>\n<li>Extreme Wetterbedingungen (hei\u00df oder kalt)<\/li>\n<\/ul>\n<p>&nbsp;<\/p>\n<h4><span style=\"color: #333399;\">Beruhigende \u00dcbungen<\/span><\/h4>\n<p><span style=\"color: #333399;\"><strong>Die entscheidende Komponente f\u00fcr Gesundheit und Wohlbefinden<\/strong><\/span><\/p>\n<p>Das erh\u00f6hte Cortisolniveau macht es f\u00fcr Typ A schwerer, sich von Stress zu erholen. Forschungen haben gezeigt, dass das gesamte Cortisol Niveau gesenkt werden kann durch regelm\u00e4\u00dfige Beruhigungs- und Konzentrationsf\u00f6rdernde \u00dcbungen. Machen Sie solche Aktivit\u00e4ten zu einem regelm\u00e4\u00dfigen Teil Ihres Lebens.<\/p>\n<p>Dr. D&#8217;Adamo empfiehlt Hatha Yoga, Tai-Chi, Meditation und Atem\u00fcbungen. Studien \u00fcber die Auswirkungen von Meditation auf Stresshormone haben herausgefunden, dass nach einer Meditation das Cortisolniveau im Blut erheblich geringer war.<\/p>\n<p>Dr. D&#8217;Adamo schreibt &#8222;<em>obwohl es f\u00fcr Typ A in Ordnung ist an intensiveren k\u00f6rperlichen \u00dcbungen teilzunehmen, wenn sie gesund und in guter Kondition sind, beachten Sie bitte dass diese \u00dcbungen bei Ihrer Blutgruppe kein Ventil f\u00fcr Stress sind. Ich habe Menschen mit Blutgruppe A gesehen, die andere \u00fcbertreffen in Gewichtheben und Aerobic, aber Sie m\u00fcssen aufpassen, dass Sie nicht \u00fcbertrainieren, da dies das Cortisolniveau hebt<\/em>.&#8220;<\/p>\n<h4><span style=\"color: #333399;\">Die Verbindung zur Pers\u00f6nlichkeit<\/span><\/h4>\n<p>Die Blutgruppe ist ein Kennzeichen der Individualit\u00e4t &#8211; und m\u00f6glicherweise auch von der Pers\u00f6nlichkeit. In Japan wird seit langem daran geglaubt, dass die Blutgruppe ein Indikator der Pers\u00f6nlichkeit ist &#8211; tats\u00e4chlich kann es vorkommen, dass man Sie w\u00e4hrend eines Vorstellungsgespr\u00e4ches oder bei einer Partnersuche nach Ihrer Blutgruppe fragt.<\/p>\n<p>In einer Studie im Jahr 1999 die von Dr. D&#8217;Adamo durchgef\u00fchrt wurde, fand er interessante Verbindungen zwischen Blutgruppe und Pers\u00f6nlichkeit. Menschen mit Blutgruppe A beschreiben sich selbst h\u00e4ufig mit folgenden Eigenschaften: sensitiv f\u00fcr die Bed\u00fcrfnisse anderer, gute Zuh\u00f6rer, Detail orientiert, analytisch, kreativ und einfallsreich.<\/p>\n<h4><span style=\"color: #333399;\">Richtig leben!<\/span><\/h4>\n<p>Zus\u00e4tzlich zur sportlichen Bet\u00e4tigung, dem Stress Management und Ern\u00e4hrung sind folgend einige Lifestyle Strategien spezielle f\u00fcr Menschen mit Blutgruppe A:<\/p>\n<ul>\n<li>Pflegen Sie Kreativit\u00e4t und sprachlichen Ausdruck in Ihrem Leben.<\/li>\n<li>Stellen Sie sich einen t\u00e4glichen Zeitplan auf, jeden Tag.<\/li>\n<li>Gehen Sie nicht sp\u00e4ter als 23 Uhr schlafen, und schlafen Sie acht Stunden oder mehr. Bleiben Sie nicht im Bett liegen, sobald Sie aufgewacht sind, stehen Sie auf!<\/li>\n<li>Machen Sie w\u00e4hrend eines Arbeitstages mindestens zwei Pausen von jeweils zwanzig Minuten. Machen Sie Dehnungs\u00fcbungen, machen Sie eine Spaziergang, Atem\u00fcbungen oder meditieren Sie.<\/li>\n<li>\u00dcberspringen Sie keine Mahlzeiten.<\/li>\n<li>Essen Sie mehr Proteine am Anfang des Tages, und weniger gegen Ende des Tages.<\/li>\n<li>Essen Sie nicht wenn Sie unruhig oder besorgt sind.<\/li>\n<li>Essen Sie kleinere, daf\u00fcr h\u00e4ufigere Mahlzeiten.<\/li>\n<li>Machen Sie dreimal in der Woche beruhigende, Konzentrationsf\u00f6rdernde \u00dcbungen f\u00fcr 30 bis 45 Minuten.<\/li>\n<li>Machen Sie regelm\u00e4\u00dfig Vorsorgeuntersuchungen f\u00fcr Herz und Krebspr\u00e4vention.<\/li>\n<li>Kauen Sie die Nahrung g\u00e4nzlich um die Verdauung zu steigern. Eine niedrige Magens\u00e4ure macht das Verdauen schwieriger.<\/li>\n<\/ul>\n<p>&nbsp;<\/p>\n","protected":false},"excerpt":{"rendered":"<p>Blutgruppe Typ A Historie Typ A taucht in das 21. Jahrhundert mit viel mehr komplexen Herausforderungen ein, als ihre Vorfahren es sich vorstellen konnten. Der Schl\u00fcsselfaktor in der Entwicklung von Typ A kann bis zu der Zeit des \u00dcberlebenskampfes zur\u00fcckverfolgt &hellip;<\/p>\n<p class=\"read-more\"> <a class=\"more-link\" href=\"https:\/\/www.4blutgruppen.de\/?page_id=31\"> <span class=\"screen-reader-text\">Blutgruppe Typ A<\/span> Read More &raquo;<\/a><\/p>\n","protected":false},"author":3,"featured_media":0,"parent":0,"menu_order":0,"comment_status":"closed","ping_status":"open","template":"content-sidebar-page.php","meta":{"footnotes":""},"class_list":["post-31","page","type-page","status-publish","hentry"],"_links":{"self":[{"href":"https:\/\/www.4blutgruppen.de\/index.php?rest_route=\/wp\/v2\/pages\/31","targetHints":{"allow":["GET"]}}],"collection":[{"href":"https:\/\/www.4blutgruppen.de\/index.php?rest_route=\/wp\/v2\/pages"}],"about":[{"href":"https:\/\/www.4blutgruppen.de\/index.php?rest_route=\/wp\/v2\/types\/page"}],"author":[{"embeddable":true,"href":"https:\/\/www.4blutgruppen.de\/index.php?rest_route=\/wp\/v2\/users\/3"}],"replies":[{"embeddable":true,"href":"https:\/\/www.4blutgruppen.de\/index.php?rest_route=%2Fwp%2Fv2%2Fcomments&post=31"}],"version-history":[{"count":1,"href":"https:\/\/www.4blutgruppen.de\/index.php?rest_route=\/wp\/v2\/pages\/31\/revisions"}],"predecessor-version":[{"id":915,"href":"https:\/\/www.4blutgruppen.de\/index.php?rest_route=\/wp\/v2\/pages\/31\/revisions\/915"}],"wp:attachment":[{"href":"https:\/\/www.4blutgruppen.de\/index.php?rest_route=%2Fwp%2Fv2%2Fmedia&parent=31"}],"curies":[{"name":"wp","href":"https:\/\/api.w.org\/{rel}","templated":true}]}}