{"id":300,"date":"2013-12-15T16:42:35","date_gmt":"2013-12-15T14:42:35","guid":{"rendered":"http:\/\/4blutgruppen.metapublic.com\/?page_id=300"},"modified":"2014-02-12T21:46:42","modified_gmt":"2014-02-12T19:46:42","slug":"lektin-reinigung-mit-deflect","status":"publish","type":"page","link":"https:\/\/www.4blutgruppen.de\/?page_id=300","title":{"rendered":"Lektin-Reinigung mit Deflect"},"content":{"rendered":"<p><strong>Dr. D&#8217;Adamo beantwortet Fragen zur Blutgruppenern\u00e4hrung und Di\u00e4t<\/strong><\/p>\n<p><strong><span style=\"color: #0000ff;\">Frage:<br \/>\n<\/span><\/strong>Ich habe Schwierigkeiten damit, Gewicht zu verlieren und bin daran interessiert Deflect zu nehmen um in meinem K\u00f6rper all jene b\u00f6sen Lektine \u201ewegzuschrubben\u201d die sich an meine Insulinrezeptoren heften (es sind wahrscheinlich alles Weizenlektine). Wie auch immer, ich las Ihren Artikel \u00fcber Deflect, in dem Sie beschreiben, dass es Kohlenhydrate enth\u00e4lt, die sich \u201eopfern\u201d und die Lektine sich daran binden. Meine Frage nun ist &#8230;. woher wissen Sie, dass ein Lektin, das gl\u00fccklich auf einer Fett-Zelle sitzt, sich dazu bewegen l\u00e4sst, sich an ein \u201eOpfer\u201d-Kohlenhydrat zu binden? Warum bevorzugt es das \u201eOpfer\u201d-Kohlenhydrat mehr als meine Fettzelle?<\/p>\n<p><strong><span style=\"color: #0000ff;\">Antwort:<br \/>\n<\/span><\/strong>Um die Antwort auf diese Frage zu verstehen, m\u00fcssen wir die Art und Weise der Lektinbindung verstehen. Lektine binden sich an Kohlenhydrate reversibel oder irreversibel. Dies ist abh\u00e4ngig von den Charakteristiken der spezifischen Zucker und der Art der R\u00fcckst\u00e4nde der Aminos\u00e4uren die mit dem Zucker in den Zellw\u00e4nden verbunden sind. Kleine Ver\u00e4nderungen in der Struktur, wie die Substitution von nur ein oder zwei Aminos\u00e4uren, ergeben deutliche Ver\u00e4nderungen in der Spezifit\u00e4t und Avidit\u00e4t (der Grad oder die Kraft der Anziehung). Obwohl also der Zucker der Kern der Spezifit\u00e4t ist, bestimmen die \u201eStiele\/St\u00e4ngel\u201d der Aminos\u00e4ure viel der besonderen Bindungseigenschaften. (1) Einige Beweise zeigen auch, dass die Koordinierung mit Metall-Ionen gelegentlich eine Rolle spielen kann.<\/p>\n<p>Der Zucker wird mit dem Lektin vor allem durch die Anziehung \u00fcber kovalente (Elektronen-Sharing)-Bindungen verbunden. Die einzelnen Elektronen innerhalb dieser Atombindungen von Elektronen bewegen sich immer.<\/p>\n<p>Manchmal ist ein Bereich der Atombindung dichter als eine andere. Dies f\u00fchrt zur Bildung eines transienten Dipols im Molek\u00fcl. Transiente Dipole k\u00f6nnen ein Dipol in einem nahe gelegenen Molek\u00fcl erzeugen durch die Gewinnung seiner Elektronen. Die Anziehungskraft zwischen den beiden entgegengesetzt orientierten Dipolen wird als Van-der-Waals Interaktion bezeichnet. Im Wesentlichen neigen die Van-der-Waals Kr\u00e4fte dazu, Molek\u00fcle zueinander zu \u201edr\u00fccken\u201d, w\u00e4hrend die Form der Konformit\u00e4t dazu neigt, sie aufeinander zu \u201eziehen\u201d.<\/p>\n<p>So wird die Anziehung zwischen Lektinen und Kohlehydraten sowohl durch Form wie auch Ladung bestimmt.<\/p>\n<p>Ein Faktor, der die Agglutination beeinflusst, ist das Zeta-Potential, welches die negativ geladene Oberfl\u00e4che der Zelle umgibt. Fast alle Partikel die in Kontakt mit einer Fl\u00fcssigkeit sind, bekommen eine elektronische Ladung auf ihren Oberfl\u00e4chen. Aufgrund der gro\u00dfen Menge an Sialins\u00e4uren auf der Zellmembran, ist das Zeta-Potential etwas neutraler, im Vergleich zu den Partikeln der Suspension, die etwas mehr negativ geladen sind. Die meisten Lektine sind sehr hoch positiv geladen. (3) Deshalb k\u00f6nnen zwei Aminozucker mit \u00e4hnlicher Form zwei verschiedene Ebenen der Lektin Avidit\u00e4t bez\u00fcglich der Unterschiede ihrer relativen Ladung haben.<\/p>\n<p>Wenn wir diese geringe strukturellen Unterschiede der Aminos\u00e4ure-Reste zwischen Kohlenhydraten hinzuf\u00fcgen in die Matrix der Zellmembran und den freien Kohlenhydraten in Suspension, erhalten wir die notwendige Kr\u00e4fte-Differenz, um die eher schwachen kovalenten Bindungen und die van der Walls Kr\u00e4fte zu \u00fcberwinden.<\/p>\n<p>Wie &#8222;hei\u00df&#8220; ist dieses Konzept? Hier ist eine Zusammenfassung aus einem gerade ver\u00f6ffentlichten Artikel:<\/p>\n<p>&#8222;Es ist somit gerechtfertigt, wichtige Kohlenhydratepitope mit dem postalischen Code zu vergleichen, um sicherzustellen, dass es die korrekte Mail-Route und Lieferung betrifft. Im Hinblick auf die funktionelle Bedeutung von Lektinen belegt das Muster der Hoch-Affinit\u00e4tsreagens ihrer Kohlenhydrate die Anerkennung der Einsatzgebiete und bietet die Perspektive f\u00fcr eine attraktive Quelle neuer Medikamente. Ihre Anwendungen k\u00f6nnen wahrscheinlich die Verwendung als Zelltyp-selektive Determinante f\u00fcr die gezielte Verabreichung von Arzneimitteln und als Sperrelement bei Anti-Adhesions-Therapie w\u00e4hrend Infektionen und Entz\u00fcndungskrankheiten umfassen.&#8220; (2)<\/p>\n<p>Obwohl v\u00f6llig unabh\u00e4ngig, k\u00f6nnen zwei weitere Gr\u00fcnde den Einsatz von Aminozuckern bei Therapien zur Gewichtskontrolle rechtfertigen:<\/p>\n<ul>\n<li>Sie binden Nahrungsfette. (4)<\/li>\n<li>Sie erh\u00f6hen die Produktion des &#8222;Anti-Fett&#8220; Hormons Leptin. (5) * Leptin wirkt auf Rezeptoren im Hypothalamus des Gehirns, wo es die Nahrungsaufnahme hemmt, indem es den Effekten von Neuropeptid Y (ein potenter Ern\u00e4hrungs Stimulans der durch Zellen im Darm und im Hypothalamus abgesondert wird) entgegenwirkt.<\/li>\n<\/ul>\n<p>&nbsp;<\/p>\n<p>Quelle: https:\/\/www.dadamo.com\/B2blogs\/blogs\/index.php\/add-2008\/?blog=27<\/p>\n<p>&nbsp;<\/p>\n<p>1. Sharon N, Lis H. Related Articles Lectins&#8211;proteins with a sweet tooth: functions in cell recognition. Essays Biochem. 1995;30:59-75. Review.<\/p>\n<p>2. Rudiger H, Siebert HC, Solis D, Jimenez-Barbero J, Romero A, von der Lieth CW, Diaz-Marino T, Gabius HJ. Medicinal chemistry based on the sugar code: fundamentals of lectinology and experimental strategies with lectins as targets. Curr Med Chem. 2000 Apr;7(4):389-416. Review.<\/p>\n<p>3. Monsigny M, Roche AC, Sene C, Maget-Dana R, Delmotte F. Sugar-lectin interactions: how does wheat-germ agglutinin bind sialoglycoconjugates? Eur J Biochem 1980 Feb;104(1):147-5<\/p>\n<p>4. Han LK, Kimura Y, Okuda H. Reduction in fat storage during chitin-chitosan treatment in mice fed a high-fat diet.Int J Obes Relat Metab Disord 1999 Feb;23(2):174-9<\/p>\n<p>5. McClain DA, Alexander T, Cooksey RC, Considine RV. Hexosamines stimulate leptin production in transgenic mice. Endocrinology 2000 Jun;141(6):1999-200<\/p>\n<p>&nbsp;<\/p>\n","protected":false},"excerpt":{"rendered":"<p>Dr. D&#8217;Adamo beantwortet Fragen zur Blutgruppenern\u00e4hrung und Di\u00e4t Frage: Ich habe Schwierigkeiten damit, Gewicht zu verlieren und bin daran interessiert Deflect zu nehmen um in meinem K\u00f6rper all jene b\u00f6sen Lektine \u201ewegzuschrubben\u201d die sich an meine Insulinrezeptoren heften (es sind &hellip;<\/p>\n<p class=\"read-more\"> <a class=\"more-link\" href=\"https:\/\/www.4blutgruppen.de\/?page_id=300\"> <span class=\"screen-reader-text\">Lektin-Reinigung mit Deflect<\/span> Read More &raquo;<\/a><\/p>\n","protected":false},"author":3,"featured_media":0,"parent":0,"menu_order":0,"comment_status":"closed","ping_status":"open","template":"content-sidebar-page.php","meta":{"footnotes":""},"class_list":["post-300","page","type-page","status-publish","hentry"],"_links":{"self":[{"href":"https:\/\/www.4blutgruppen.de\/index.php?rest_route=\/wp\/v2\/pages\/300","targetHints":{"allow":["GET"]}}],"collection":[{"href":"https:\/\/www.4blutgruppen.de\/index.php?rest_route=\/wp\/v2\/pages"}],"about":[{"href":"https:\/\/www.4blutgruppen.de\/index.php?rest_route=\/wp\/v2\/types\/page"}],"author":[{"embeddable":true,"href":"https:\/\/www.4blutgruppen.de\/index.php?rest_route=\/wp\/v2\/users\/3"}],"replies":[{"embeddable":true,"href":"https:\/\/www.4blutgruppen.de\/index.php?rest_route=%2Fwp%2Fv2%2Fcomments&post=300"}],"version-history":[{"count":1,"href":"https:\/\/www.4blutgruppen.de\/index.php?rest_route=\/wp\/v2\/pages\/300\/revisions"}],"predecessor-version":[{"id":909,"href":"https:\/\/www.4blutgruppen.de\/index.php?rest_route=\/wp\/v2\/pages\/300\/revisions\/909"}],"wp:attachment":[{"href":"https:\/\/www.4blutgruppen.de\/index.php?rest_route=%2Fwp%2Fv2%2Fmedia&parent=300"}],"curies":[{"name":"wp","href":"https:\/\/api.w.org\/{rel}","templated":true}]}}