{"id":266,"date":"2013-12-14T20:28:53","date_gmt":"2013-12-14T18:28:53","guid":{"rendered":"http:\/\/4blutgruppen.metapublic.com\/?page_id=266"},"modified":"2014-02-13T14:11:01","modified_gmt":"2014-02-13T12:11:01","slug":"die-suche-nach-selbst-heilung","status":"publish","type":"page","link":"https:\/\/www.4blutgruppen.de\/?page_id=266","title":{"rendered":"Die Suche nach Selbst-Heilung"},"content":{"rendered":"<p>Generative Medizin ist ein erstaunliches neues Fachgebiet der Naturheilkunde, das als Ziel hat, die k\u00f6rpereigenen Selbstheilungskr\u00e4fte zu ermitteln und es so dem Arzt erm\u00f6glicht partnerschaftlich mit Ihnen mitzuwirken. Dies wird durch die Anwendung der Werkzeuge der Systembiologie und Bioinformatik im Hinblick auf die komplexen Verhaltensweisen sowohl in Gesundheit wie auch in Krankheit gesehen erreicht. Dieser Ansatz erm\u00f6glicht eine sicherere und noch individuellere Therapie von Krankheiten und der Verbesserung und Optimierung von Gesundheit und Wohlbefinden.<\/p>\n<p>Die Wurzel aller generativen Wissenschaft ist die Qualit\u00e4t der Entstehung und der Prozess der Selbstorganisation. Wenn wir Holismus zusammenfassen als &#8222;das Ganze ist gr\u00f6\u00dfer als die Summe seiner Teile&#8220;, dann k\u00f6nnte Entstehung (Emergenz) umschrieben werden als &#8222;die Ebenen der Signifikanz entstehen mit neuen Hierarchien&#8220;. Emergenz ist zentral f\u00fcr die Theorien der integrativen Ebenen und komplexen Systeme. Diese Eigenschaften erm\u00f6glichen eine ganzheitliche Interpretation der Ereignisse, im Vergleich zu der h\u00e4ufigeren linearen Interpretation des Reduktionismus, der bisher dominierenden medizinischen Weltsicht.<\/p>\n<p>Die Emergenz (vom lateinischen emergere f\u00fcr \u201edas Auftauchen\u201c, \u201edas Herauskommen\u201c oder \u201edas Emporsteigen\u201c) ist die spontane Herausbildung von neuen Eigenschaften oder Strukturen eines Systems infolge des Zusammenspiels seiner Elemente. Quelle: Wikipedia<\/p>\n<p>Krankheit wird traditionell als St\u00f6rung des molekularen Systems (Zellen, Stoffwechsel) definiert und Medikamente sind in Wirklichkeit St\u00f6rfaktoren des molekularen Systems. Jeder kann das Paradox hier leicht erkennen: Ist es vern\u00fcnftig zu erwarten, dass \u00c4rzte die Gesundheit eines gest\u00f6rten Systems mit der Verwendung eines offensichtlich st\u00f6renden Faktors erh\u00f6hen?<\/p>\n<p>Im Gegensatz dazu, durch die Identifizierung der grundlegenden Elemente in diesem Selbstheilungsprozess (wie Ern\u00e4hrung, Lebensstil, etc.) und konkrete Vorschl\u00e4ge zur Verbesserung, strebt der generative Arzt die Errichtung der Emergenz (Ganzheitlichkeit) von st\u00e4rker integrierten, robusten F\u00e4higkeiten im Patienten an. Alle gesunden lebenden Systeme zeigen ein robustes Verhalten: Sie erholen sich von St\u00f6rungen durch ihre angeborenen selbst organisierenden Prozesse. Eine steigende systemische Widerstandskraft (Robustheit) des Patienten hat den zus\u00e4tzlichen Vorteil der Steigerung der Reaktionsf\u00e4higkeit auf ein h\u00f6heres Niveau, fein abgestufte Aspekte guter Gesundheit wie Bioenergetik und eine gute Geist-K\u00f6rper-Verbindung.<\/p>\n<p>Beispiel: ein einziges Molek\u00fcl des Wassers besitzt keine &#8222;Temperatur&#8220; im w\u00f6rtlichen Sinne. Doch ein Glas Wasser kann ganz sicher hei\u00df oder kalt sein. Temperatur ist somit eine emergente Eigenschaft des Wassers. Die Natur der emergenten Eigenschaften ist es, sich selbst zu organisieren. Selbstorganisation ist ein Merkmal aller Lebewesen, von Zellmembranen, der Entwicklung der Organe, und der neuronalen Plastizit\u00e4t des Gehirns. Generative Formen sind multi-zentrisch: Es gibt nicht nur einen einzigen Ablauf von Befehl, der von der Spitze der Pyramide \u00fcber die verschiedenen Ebenen nach ganz unten verl\u00e4uft. Es gibt viele Web-\u00e4hnliche Netzwerke, die mehr oder weniger aktiv sind, und ihr oft komplexes Verhalten ergibt sich aus Wechselwirkungen zwischen sehr einfachen Komponenten.<\/p>\n<p>&nbsp;<\/p>\n<p>Unter neuronaler Plastizit\u00e4t versteht man die Eigenschaft von Synapsen, Nervenzellen oder auch ganzen Hirnarealen, sich in Abh\u00e4ngigkeit von der Verwendung in ihren Eigenschaften zu ver\u00e4ndern. Quelle: Wikipedia<\/p>\n","protected":false},"excerpt":{"rendered":"<p>Generative Medizin ist ein erstaunliches neues Fachgebiet der Naturheilkunde, das als Ziel hat, die k\u00f6rpereigenen Selbstheilungskr\u00e4fte zu ermitteln und es so dem Arzt erm\u00f6glicht partnerschaftlich mit Ihnen mitzuwirken. Dies wird durch die Anwendung der Werkzeuge der Systembiologie und Bioinformatik im &hellip;<\/p>\n<p class=\"read-more\"> <a class=\"more-link\" href=\"https:\/\/www.4blutgruppen.de\/?page_id=266\"> <span class=\"screen-reader-text\">Die Suche nach Selbst-Heilung<\/span> Read More &raquo;<\/a><\/p>\n","protected":false},"author":3,"featured_media":0,"parent":0,"menu_order":0,"comment_status":"closed","ping_status":"open","template":"content-sidebar-page.php","meta":{"footnotes":""},"class_list":["post-266","page","type-page","status-publish","hentry"],"_links":{"self":[{"href":"https:\/\/www.4blutgruppen.de\/index.php?rest_route=\/wp\/v2\/pages\/266","targetHints":{"allow":["GET"]}}],"collection":[{"href":"https:\/\/www.4blutgruppen.de\/index.php?rest_route=\/wp\/v2\/pages"}],"about":[{"href":"https:\/\/www.4blutgruppen.de\/index.php?rest_route=\/wp\/v2\/types\/page"}],"author":[{"embeddable":true,"href":"https:\/\/www.4blutgruppen.de\/index.php?rest_route=\/wp\/v2\/users\/3"}],"replies":[{"embeddable":true,"href":"https:\/\/www.4blutgruppen.de\/index.php?rest_route=%2Fwp%2Fv2%2Fcomments&post=266"}],"version-history":[{"count":1,"href":"https:\/\/www.4blutgruppen.de\/index.php?rest_route=\/wp\/v2\/pages\/266\/revisions"}],"predecessor-version":[{"id":996,"href":"https:\/\/www.4blutgruppen.de\/index.php?rest_route=\/wp\/v2\/pages\/266\/revisions\/996"}],"wp:attachment":[{"href":"https:\/\/www.4blutgruppen.de\/index.php?rest_route=%2Fwp%2Fv2%2Fmedia&parent=266"}],"curies":[{"name":"wp","href":"https:\/\/api.w.org\/{rel}","templated":true}]}}