{"id":237,"date":"2013-12-14T19:58:37","date_gmt":"2013-12-14T17:58:37","guid":{"rendered":"http:\/\/4blutgruppen.metapublic.com\/?page_id=237"},"modified":"2015-01-14T13:07:07","modified_gmt":"2015-01-14T11:07:07","slug":"dr-michael-tank-naehrstoffmaengel-kommen-immer-haeufiger-vor","status":"publish","type":"page","link":"https:\/\/www.4blutgruppen.de\/?page_id=237","title":{"rendered":"Dr. Michael Tank: N\u00e4hrstoffm\u00e4ngel kommen immer h\u00e4ufiger vor"},"content":{"rendered":"<p><strong><span style=\"color: #0000ff;\"><a href=\"https:\/\/www.4blutgruppen.de\/wp-content\/uploads\/2014\/02\/dr_tank1.jpg\"><img loading=\"lazy\" decoding=\"async\" class=\"alignleft size-thumbnail wp-image-1098\" src=\"https:\/\/www.4blutgruppen.de\/wp-content\/uploads\/2014\/02\/dr_tank1-150x150.jpg\" alt=\"dr_tank1\" width=\"150\" height=\"150\" \/><\/a><\/span><\/strong><\/p>\n<p>Dr. Tank ist Facharzt f\u00fcr Dermatologie, Allergologe, Sportmedizin, Chirotherapie. Seit 1992 ist er der Teamarzt der Beachvolleyball-Nationalmannschaft und betreibt seit dem Jahr 2000 eine Ganzheitsmedizinische Privatpraxis in Hamburg. Auch war der betreuende Arzt beim \u201eRTL-Di\u00e4t-Duell im Jahr 2005. Informationen im Internet unter <a title=\"Dr. Michael Tank\" href=\"https:\/\/www.tank-deutschland.de\/\" target=\"_blank\">www.tank-deutschland.de<\/a><\/p>\n<p>&nbsp;<\/p>\n<p><strong><span style=\"color: #0000ff;\">N\u00e4hrstoffm\u00e4ngel kommen immer h\u00e4ufiger vor<\/span><\/strong><\/p>\n<p>Nicht nur, dass die B\u00f6den, auf denen unsere Lebensmittel angebaut werden auslaugen und so immer weniger Geschmacksstoffe und Mikron\u00e4hrstoffe enthalten, auch das vorzeitige Ernten, um unreife Fr\u00fcchte besser transportieren und lagern zu k\u00f6nnen, f\u00fchrt dazu, dass wir bei vollen T\u00f6pfen trotzdem innerlich verhungern. Was dann noch ankommt wird verarbeitet, erhitzt, bestrahlt, zerlegt. Was \u00fcbrig bleibt hat mit gesunder Ern\u00e4hrung wenig zu tun und ist meist leere Energie.<\/p>\n<p>Bereits geringe Mangelsituationen k\u00f6nnen zu gro\u00dfen Funktionseinbu\u00dfen f\u00fchren. Schon bei etwa 20% Mangel ist die Enzymfunktion um bis zu 50% vermindert. Deutliche Symptome treten erst sp\u00e4t auf.<\/p>\n<p>F\u00fcr bestimmte Stoffe kann sich also die Notwendigkeit ergeben, sie gezielt zuzuf\u00fchren.<\/p>\n<p>Wahllos Pr\u00e4parate zu kaufen erscheint wenig sinnvoll. Was also tun?<\/p>\n<p>Zun\u00e4chst d\u00fcrfte klar zustellen sein, dass, wie bei allen Nahrungsmitteln, zuwenig und zuviel gleicherma\u00dfen schlecht sind. Irgendein Multipr\u00e4parat in sich hineinzusch\u00fctten, weil die Einzelinhaltsstoffe ja sooo gesund sind, wird der individuellen Situation nicht gerecht. Wenn jemand einen Mangel aufweist, ist die zus\u00e4tzliche Gabe des fehlenden Stoffes sicher sinnvoll. Doch wie stellt man einen solchen Mangel fest?<\/p>\n<p>Blutuntersuchungen geben Bereiche an, in denen der pers\u00f6nliche Spiegel liegen sollte. Nur, was hilft mir dass, wenn ich wei\u00df, ich liege in einem Bereich den die meisten anderen auch haben? Bedeutet ein Normwert, dass ich keinen Mangel haben kann?<\/p>\n<p>Klares Nein!<\/p>\n<p>90% aller Menschen mit Osteoporose haben einen normalen Kalziumspiegel im Blut. Trotzdem liegt ein Kalziummangel vor. Wie kommt man darauf? Ganz einfach! Wenn man ein R\u00f6ntgenbild der Knochen macht und das wenig Kalksalze zeigt oder jemand sich die Knochen bei einem Sturz bricht oder in Ruhe Knochenschmerzen hat, dann sind das Anzeichen (lateinisch: Symptome) f\u00fcr einen Kalziummangel, &#8211; auch wenn das Blut Normwerte ausweist. In diesem und vielen anderen F\u00e4llen ist eine Blutuntersuchung keine Hilfe.<\/p>\n<p>F\u00fcr die meisten Mineralien gilt, dass sie in den Zellen konzentriert sind und sich im Blutserum kaum finden. Allerdings wird fast immer das Blutserum (Blutfl\u00fcssigkeit ohne Gerinnungsfaktoren und ohne Zellen) untersucht, weil es billiger ist, als das Vollblut (Blut incl. Zellen und Gerinnungsfaktoren) zu untersuchen. Es werden also die Zellen, die die Mineralien enthalten, abzentrifugiert und weggeworfen, und aus dem \u00dcberstand bestimmt man die Mineralkonzentration. Diese Untersuchungsergebnisse sind relativ ungenau und spiegeln nicht die Situation in den K\u00f6rperzellen wider.<\/p>\n<p>Vitamin D-Spiegel im Blut sagen nur etwas \u00fcber die zirkulierende Vitamin D-Menge aus, der Speicher kann nicht beurteilt werden.<\/p>\n<p>Der Eisenspiegel im Blut schwankt tageszeitlich und ist alleine ohne Aussagewert. Erst die Bestimmung von Transferrin (Eisentransporter) und Ferritin (Eisenspeicher) sagen etwas \u00fcber einen m\u00f6glichen Eisenmangel aus.<\/p>\n<p>Fazit: f\u00fcr manche Vitalstoffe gibt es sinnvolle Bluttests, f\u00fcr manche nicht. Normwerte spiegeln den Durchschnitt in der Bev\u00f6lkerung wider, sagen aber wenig \u00fcber individuelle Bedarfssituationen.<\/p>\n<p>Symptome sind ein Zeichen des K\u00f6rpers, das etwas nicht stimmt. Mangelsymptome zeigen Mangelsituationen an, auch wenn im Blut Normwerte erreicht werden.<\/p>\n<p>Wenn Sie also Ihre Symptome auswerten, bekommen Sie ein Bild von Ihrem Zustand.<\/p>\n<p>zum online N\u00e4hrstoffcheck: <a title=\"N\u00e4hrstoffcheck\" href=\"www.meingesundheitscheck.de\" target=\"_blank\">hier klicken<\/a><\/p>\n<p><a title=\"Michael Tank\" href=\"https:\/\/www.tank-deutschland.de\/\" target=\"_blank\">Dr. Michael Tank<\/a><\/p>\n","protected":false},"excerpt":{"rendered":"<p>Dr. Tank ist Facharzt f\u00fcr Dermatologie, Allergologe, Sportmedizin, Chirotherapie. Seit 1992 ist er der Teamarzt der Beachvolleyball-Nationalmannschaft und betreibt seit dem Jahr 2000 eine Ganzheitsmedizinische Privatpraxis in Hamburg. Auch war der betreuende Arzt beim \u201eRTL-Di\u00e4t-Duell im Jahr 2005. Informationen im &hellip;<\/p>\n<p class=\"read-more\"> <a class=\"more-link\" href=\"https:\/\/www.4blutgruppen.de\/?page_id=237\"> <span class=\"screen-reader-text\">Dr. Michael Tank: N\u00e4hrstoffm\u00e4ngel kommen immer h\u00e4ufiger vor<\/span> Read More &raquo;<\/a><\/p>\n","protected":false},"author":3,"featured_media":0,"parent":0,"menu_order":0,"comment_status":"closed","ping_status":"open","template":"content-sidebar-page.php","meta":{"footnotes":""},"class_list":["post-237","page","type-page","status-publish","hentry"],"_links":{"self":[{"href":"https:\/\/www.4blutgruppen.de\/index.php?rest_route=\/wp\/v2\/pages\/237","targetHints":{"allow":["GET"]}}],"collection":[{"href":"https:\/\/www.4blutgruppen.de\/index.php?rest_route=\/wp\/v2\/pages"}],"about":[{"href":"https:\/\/www.4blutgruppen.de\/index.php?rest_route=\/wp\/v2\/types\/page"}],"author":[{"embeddable":true,"href":"https:\/\/www.4blutgruppen.de\/index.php?rest_route=\/wp\/v2\/users\/3"}],"replies":[{"embeddable":true,"href":"https:\/\/www.4blutgruppen.de\/index.php?rest_route=%2Fwp%2Fv2%2Fcomments&post=237"}],"version-history":[{"count":7,"href":"https:\/\/www.4blutgruppen.de\/index.php?rest_route=\/wp\/v2\/pages\/237\/revisions"}],"predecessor-version":[{"id":1684,"href":"https:\/\/www.4blutgruppen.de\/index.php?rest_route=\/wp\/v2\/pages\/237\/revisions\/1684"}],"wp:attachment":[{"href":"https:\/\/www.4blutgruppen.de\/index.php?rest_route=%2Fwp%2Fv2%2Fmedia&parent=237"}],"curies":[{"name":"wp","href":"https:\/\/api.w.org\/{rel}","templated":true}]}}