{"id":233,"date":"2013-12-14T19:51:14","date_gmt":"2013-12-14T17:51:14","guid":{"rendered":"http:\/\/4blutgruppen.metapublic.com\/?page_id=233"},"modified":"2014-02-20T15:09:48","modified_gmt":"2014-02-20T13:09:48","slug":"lektine-ein-schluessel-zu-gewichtsverlust","status":"publish","type":"page","link":"https:\/\/www.4blutgruppen.de\/?page_id=233","title":{"rendered":"Lektine: ein Schl\u00fcssel zu Gewichtsverlust"},"content":{"rendered":"<p>Es ist nicht ungew\u00f6hnlich, dass diejenigen, die gerade mit der Blutgruppen-Ern\u00e4hrung beginnen, die Erfahrung eines schnellen und effektvollen Gewichtsverlust machen, gefolgt von einer \u201eruhenden\u201c Phase in der der Gewichtsverlust verlangsamt oder auch vollst\u00e4ndig stoppt. Dies ist aufgrund der Tatsache, dass jedes Individuum verschiedene \u201eSollwerte\u201c aufweist, wobei die metabolische Maschinerie (entweder aufgrund genetischer oder metabolischer Gr\u00fcnde) in einem bestimmten Verh\u00e4ltnis von Gewicht zu K\u00f6rperfett gesperrt bleibt. Ein Gro\u00dfteil davon ist das Ergebnis des k\u00f6rpereigenen Insulin-Stoffwechsels. Wie ich in \u201e4 Blutgruppen \u2013 Vier Strategien f\u00fcr ein gesundes Leben\u201c schrieb, haben Nahrungsmittel-Lectine gezeigt, dass diese mit dem Insulin der Fettzellen des K\u00f6rpers im Wettstreit stehen.<\/p>\n<p>Insulin inaktiviert das Enzym Triglycerid Lipase, das normalerweise verwendet wird, um gespeicherte Fett Triglyceride sowohl in Glycerin wie auch in Fetts\u00e4uren umzuwandeln; diese werden dann freigesetzt, in Kohlenhydrate umgewandelt und verbrannt. Normalerweise besteht ein Gleichgewicht zwischen den Wirkungen von Insulin (das Fett speichert) und dem Enzym Adenylatcyclase (aktiviert die Fettzellen um Fett zu verbrennen).<\/p>\n<p>Wenn das System richtig ausbalanciert ist, funktioniert alles einwandfrei; vor allem weil Insulin eine &#8222;Halbwertszeit&#8220; hat und unter einer &#8222;Feedback-Kontrolle&#8220; steht. Mit anderen Worten, nachdem das Insulin seine Aufgabe vollbracht hat, wird eine R\u00fcckmeldung an das Gehirn geschickt, welches der Bauchspeicheldr\u00fcse sagt, dass sie die Insulin-Produktion einstellen soll. Wenn kein neues Insulin produziert wird, schwindet das zirkulierende Insulin allm\u00e4hlich und der Zyklus beginnt erneut.<\/p>\n<p>Lebensmittel Lektine, einschlie\u00dflich solcher Lektine aus Weizen und Mais, haben gezeigt, dass sie sich an die Insulinrezeptoren der Fettzellen binden und die Triglycerid Lipase inaktivieren. Im Gegensatz zu Insulin jedoch, haben diese Lektine keine Feedback-Kontrolle und k\u00f6nnen sich irreversibel an den Insulin-Rezeptor binden. In dieser Situation ist die Fettzelle dauerhaft lahm gelegt, kann nur noch Fett speichern, aber es nicht wieder loslassen. Dies erkl\u00e4rt, warum manche Menschen Di\u00e4t die hoch an Kohlenhydraten ist, an Gewicht gewinnen: Es sind nicht die Kalorien in der Nahrung, oder die Anteile von Fett, Eiwei\u00df und Kohlenhydraten die eine Gewichtszunahme verursachen (schlie\u00dflich haben die meisten Kohlenhydrate einen niedrigen Kaloriengehalt), sondern eher die Lektine in der Nahrung selbst, indem sie den Eindruck von nat\u00fcrlich vorkommenden Hormonen nachahmen.<\/p>\n<p>Peter D\u00b4Adamo<\/p>\n","protected":false},"excerpt":{"rendered":"<p>Es ist nicht ungew\u00f6hnlich, dass diejenigen, die gerade mit der Blutgruppen-Ern\u00e4hrung beginnen, die Erfahrung eines schnellen und effektvollen Gewichtsverlust machen, gefolgt von einer \u201eruhenden\u201c Phase in der der Gewichtsverlust verlangsamt oder auch vollst\u00e4ndig stoppt. Dies ist aufgrund der Tatsache, dass &hellip;<\/p>\n<p class=\"read-more\"> <a class=\"more-link\" href=\"https:\/\/www.4blutgruppen.de\/?page_id=233\"> <span class=\"screen-reader-text\">Lektine: ein Schl\u00fcssel zu Gewichtsverlust<\/span> Read More &raquo;<\/a><\/p>\n","protected":false},"author":3,"featured_media":0,"parent":0,"menu_order":0,"comment_status":"closed","ping_status":"open","template":"content-sidebar-page.php","meta":{"footnotes":""},"class_list":["post-233","page","type-page","status-publish","hentry"],"_links":{"self":[{"href":"https:\/\/www.4blutgruppen.de\/index.php?rest_route=\/wp\/v2\/pages\/233","targetHints":{"allow":["GET"]}}],"collection":[{"href":"https:\/\/www.4blutgruppen.de\/index.php?rest_route=\/wp\/v2\/pages"}],"about":[{"href":"https:\/\/www.4blutgruppen.de\/index.php?rest_route=\/wp\/v2\/types\/page"}],"author":[{"embeddable":true,"href":"https:\/\/www.4blutgruppen.de\/index.php?rest_route=\/wp\/v2\/users\/3"}],"replies":[{"embeddable":true,"href":"https:\/\/www.4blutgruppen.de\/index.php?rest_route=%2Fwp%2Fv2%2Fcomments&post=233"}],"version-history":[{"count":1,"href":"https:\/\/www.4blutgruppen.de\/index.php?rest_route=\/wp\/v2\/pages\/233\/revisions"}],"predecessor-version":[{"id":1082,"href":"https:\/\/www.4blutgruppen.de\/index.php?rest_route=\/wp\/v2\/pages\/233\/revisions\/1082"}],"wp:attachment":[{"href":"https:\/\/www.4blutgruppen.de\/index.php?rest_route=%2Fwp%2Fv2%2Fmedia&parent=233"}],"curies":[{"name":"wp","href":"https:\/\/api.w.org\/{rel}","templated":true}]}}