{"id":227,"date":"2013-12-14T19:44:58","date_gmt":"2013-12-14T17:44:58","guid":{"rendered":"http:\/\/4blutgruppen.metapublic.com\/?page_id=227"},"modified":"2014-02-12T22:29:48","modified_gmt":"2014-02-12T20:29:48","slug":"fibromyalgie","status":"publish","type":"page","link":"https:\/\/www.4blutgruppen.de\/?page_id=227","title":{"rendered":"Fibromyalgie"},"content":{"rendered":"<p>Fibromyalgie als Krankheitsbild hat eine lange, wenn auch weitgehend unbekannte Geschichte. Fibromyalgie ist eine komplexe chronische Erkrankung, die mit Schmerzen im ganzen K\u00f6rper und M\u00fcdigkeit einhergeht. Der Name Fibromyalgie kommt von \u201efibra\u201c (Fasern \/ Bindegewebe wie etwa Sehnen und B\u00e4nder), \u201emy\u201c(Muskel) und \u201ealgeo\u201c (Schmerz). Anders als die Arthritis verursacht die Fibromyalgie in den Gelenken selbst keine Schmerzen oder Schwellungen; vielmehr entstehen die Schmerzen hier im Bindegewebe um die Gelenke herum, in der haut und in Organen im gesamten K\u00f6rper. Da Fibromyalgie kaum \u00e4u\u00dferlich sichtbare Symptome zeigt, wurde sie auch als das \u201eunsichtbare Leiden\u201c tituliert.<\/p>\n<p>Die Fibromyalgie-Schmerzen bestehen normalerweise aus einem diffusen Dauerschmerz oder einem brennenden Schmerz, der als von \u201eKopf bis Fu\u00df\u201c reichend beschrieben wird, h\u00e4ufig begleitet von Muskelkr\u00e4mpfen. Die Intensit\u00e4t der Schmerzen schwankt von Tag zu Tag, die schmerzhaften Stellen k\u00f6nnen wandern und die St\u00e4rke der Schmerzen kann in den am meisten beanspruchten Teilen des K\u00f6rpers (z.B. Nacken, Schultern und F\u00fc\u00dfe) zunehmen. Bei manchen Menschen k\u00f6nnen die Schmerzen so stark sein, dass sie ihre Arbeitsf\u00e4higkeit und ihr Alltagsleben beeintr\u00e4chtigen, w\u00e4hrend bei anderen Menschen nur minimale Beschwerden auftreten. In \u00e4hnlicher Weise schwankt auch die mit der Fibromyalgie einhergehende M\u00fcdigkeit; sie reicht von leichter Abgeschlagenheit bis hin zu schwerer Ersch\u00f6pfung, wie sie auch bei grippeartigen Erkrankungen auftritt.<\/p>\n<p>Fibromyalgie ist keine Krankheit, die leicht zu diagnostizieren ist. Bei Verdacht auf Fibromyalgie werden 18 definierte Punkte untersucht, die sog. Tender Points. Auf jeden Kontrollpunkt wird ein Druck von etwa neun Pfund ausge\u00fcbt; der Kontrollpunkt gilt als positiv, wenn der Patient angibt, dass er druckschmerzhaft ist. F\u00fcr eine positive Diagnose m\u00fcssen elf der 18 Punkte druckschmerzhaft sein.<\/p>\n<p>Auch wenn die Ursache von Fibromyalgie derzeit noch nicht bekannt ist, steht dennoch fest, dass es bei Fibromyalgie-Patienten zu einer Fehlfunktion des Schmerzwahrnehmungssystem kommt, wodurch sie au\u00dferordentlich sensitiv f\u00fcr Schmerzen sind.<\/p>\n<p>In letzter Zeit wurde in der Forschung auch gro\u00dfe Beachtung auf das neuroendokrinen System und der gest\u00f6rten Funktion von neurochemischen Botenstoffen wie Calcitonin-Gen-assozierte Peptide, Noradrenalin, Endorphine, Dopamin, Histamin und GABA gerichtet. Auch eine Funktionsst\u00f6rung der vom Hypothalamus, der Hirnanhangdr\u00fcse und der Nebennierenrinde produzierten Hormone wird diskutiert.<\/p>\n<p>Manchmal ist die Krankheit erst nach einer Verletzung oder Krankheit, wie z.B. einer R\u00fcckenverletzung, Grippe oder Lyme-Krankheit aufgetreten. Allerdings gibt es keine konkreten Beweise, dass eine Krankheit oder eine Verletzung Fibromyalgie verursacht.<\/p>\n<p>Auch kann es einen Zusammenhang zwischen Depressionen und Fibromyalgie geben. Depressionen k\u00f6nnen zu einer Ver\u00e4nderung in der Chemie des Gehirns f\u00fchren und Stoffe freisetzen, die eine gr\u00f6\u00dfere Sensibilit\u00e4t f\u00fcr Schmerz verursachen, was zu Fibromyalgie f\u00fchren kann.<\/p>\n<p>Einige Studien haben gezeigt, dass sowohl Stress wie auch eine schlechte k\u00f6rperliche Verfassung Faktoren f\u00fcr die Ursache von Fibromyalgie sein k\u00f6nnen. Es wird vermutet, dass in Zeiten von Stress die Symptome schlimmer werden, und dass die Schmerzen w\u00e4hrend weniger stressigen Zeiten nachlassen.<\/p>\n<p>Einige Informationen in der medizinischen Literatur deuten darauf hin, dass eine Vermeidung von Weizen-Produkten das Befinden von an Fibromyalgie erkrankten Menschen verbessern kann. Einige Blutgruppen sind daf\u00fcr bekannt, immunologische Probleme mit einem \u00fcberm\u00e4\u00dfigen Verzehr von Weizen zu haben.<\/p>\n<p>Quelle: Buch \u201eArthritis \u2013 Fight It with the Blood Type Diet\u201c von Peter D\u00b4Adamo<\/p>\n","protected":false},"excerpt":{"rendered":"<p>Fibromyalgie als Krankheitsbild hat eine lange, wenn auch weitgehend unbekannte Geschichte. Fibromyalgie ist eine komplexe chronische Erkrankung, die mit Schmerzen im ganzen K\u00f6rper und M\u00fcdigkeit einhergeht. Der Name Fibromyalgie kommt von \u201efibra\u201c (Fasern \/ Bindegewebe wie etwa Sehnen und B\u00e4nder), &hellip;<\/p>\n<p class=\"read-more\"> <a class=\"more-link\" href=\"https:\/\/www.4blutgruppen.de\/?page_id=227\"> <span class=\"screen-reader-text\">Fibromyalgie<\/span> Read More &raquo;<\/a><\/p>\n","protected":false},"author":3,"featured_media":0,"parent":0,"menu_order":0,"comment_status":"closed","ping_status":"open","template":"content-sidebar-page.php","meta":{"footnotes":""},"class_list":["post-227","page","type-page","status-publish","hentry"],"_links":{"self":[{"href":"https:\/\/www.4blutgruppen.de\/index.php?rest_route=\/wp\/v2\/pages\/227","targetHints":{"allow":["GET"]}}],"collection":[{"href":"https:\/\/www.4blutgruppen.de\/index.php?rest_route=\/wp\/v2\/pages"}],"about":[{"href":"https:\/\/www.4blutgruppen.de\/index.php?rest_route=\/wp\/v2\/types\/page"}],"author":[{"embeddable":true,"href":"https:\/\/www.4blutgruppen.de\/index.php?rest_route=\/wp\/v2\/users\/3"}],"replies":[{"embeddable":true,"href":"https:\/\/www.4blutgruppen.de\/index.php?rest_route=%2Fwp%2Fv2%2Fcomments&post=227"}],"version-history":[{"count":1,"href":"https:\/\/www.4blutgruppen.de\/index.php?rest_route=\/wp\/v2\/pages\/227\/revisions"}],"predecessor-version":[{"id":937,"href":"https:\/\/www.4blutgruppen.de\/index.php?rest_route=\/wp\/v2\/pages\/227\/revisions\/937"}],"wp:attachment":[{"href":"https:\/\/www.4blutgruppen.de\/index.php?rest_route=%2Fwp%2Fv2%2Fmedia&parent=227"}],"curies":[{"name":"wp","href":"https:\/\/api.w.org\/{rel}","templated":true}]}}