{"id":2122,"date":"2022-02-02T21:46:25","date_gmt":"2022-02-02T19:46:25","guid":{"rendered":"https:\/\/www.4blutgruppen.de\/?page_id=2122"},"modified":"2022-02-02T21:46:27","modified_gmt":"2022-02-02T19:46:27","slug":"warum-aeltere-menschen-staerker-betroffen-sind","status":"publish","type":"page","link":"https:\/\/www.4blutgruppen.de\/?page_id=2122","title":{"rendered":"Warum \u00e4ltere Menschen st\u00e4rker betroffen sind"},"content":{"rendered":"\n<p>Ich habe immer wieder geh\u00f6rt, dass der Grund daf\u00fcr, dass \u00e4ltere Menschen st\u00e4rker von Covid19 betroffen sind, in ihrer verminderten Kapazit\u00e4t des Immunsystems liegt. Dies schien mir von Anfang an wenig sinnvoll zu sein. Ich meine, wenn ihr Immunsystem geschw\u00e4cht w\u00e4re, h\u00e4tten sie weniger akute Entz\u00fcndungen als Folge einer Infektion, nicht mehr. Jetzt glaube ich, dass der wahre Grund nicht darin besteht, dass ihr Immunsystem nachl\u00e4sst, sondern dass ihre antioxidativen Abwehrkr\u00e4fte mit zunehmendem Alter abnehmen.<br>Studien haben gezeigt, dass die Aktivit\u00e4ten von Zn, Cu-Superoxiddismutase (SOD-1), Katalase (CAT) und Glutathionperoxidase (GSH-Px) bei \u00e4lteren Menschen im Vergleich zur Kontrollgruppe statistisch signifikant abnehmen. Dar\u00fcber hinaus besteht eine inverse Korrelation zwischen den Aktivit\u00e4ten von SOD-1, CAT und GSH-Px und dem Alter der untersuchten Personen (https:\/\/doi.org\/10.2147\/CIA.S201250)<br>Warum sollte das wichtig sein?<br>TMPRSS2.<br>Sowohl das SARS-Coronavirus von 2003 als auch das neuartige Coronavirus von 2019\/20 werden durch TMPRSS2 aktiviert und k\u00f6nnen somit durch TMPRSS2-Inhibitoren blockiert werden. SARSCoV2 verwendet ACE2 als Rezeptor f\u00fcr den Eintritt und sein Spike-Protein wird durch TMPRSS2 vorbereitet. Zellen, die TMPRSS2 exprimieren, zeigen eine erh\u00f6hte Aktivierung und Replikation von SARS-CoV. Abgesehen davon ist bekannt, dass TMPRSS2 durch androgene Hormone hochreguliert wird. Dies ist eine m\u00f6gliche Erkl\u00e4rung daf\u00fcr, warum Covid19 bei M\u00e4nnern h\u00e4ufiger und schwerer auftritt.<br><strong>Sprossen und gr\u00fcner Tee.<\/strong><br>Sulforaphan ist eine nat\u00fcrliche Pflanzenverbindung, die in vielen Kreuzbl\u00fctlern wie Brokkoli, Kohl, Blumenkohl und Gr\u00fcnkohl enthalten ist. Es wurde gezeigt, dass TMPRSS2 blockiert wird. Aus dem Artikel unten:<br>&#8222;Antioxidantien wie Sulforaphan (SFN) d\u00e4mpfen Entz\u00fcndungen, lindern oxidativen Stress und ver\u00e4ndern das Gleichgewicht zwischen Protease und Antiprotease.&#8220;<br>&#8222;Dar\u00fcber hinaus haben wir und andere gezeigt, dass SFN die TMPRSS2-Expression verringert, von der wir spekulieren, dass sie den SFN-abh\u00e4ngigen Schutz gegen Influenza vermittelt.&#8220;<br>\u201eUnsere Studien zeigen, dass SFN vor Atemwegsviren wie IAV sch\u00fctzt. Wir haben gezeigt, dass SFN die IAV-Replikation verringert, indem es den IAV-Eintritt in respiratorische Epithelzellen verringert. \u201c<br>&#8222;Dar\u00fcber hinaus hat unsere Gruppe k\u00fcrzlich gezeigt, dass Sulforaphan-haltige Brokkolisprossen IL-6 und Marker der Virusreplikation in Nasensp\u00fclfl\u00fcssigkeit von Rauchern bei Probanden, die mit dem abgeschw\u00e4chten Lebendimpfstoff gegen Influenzaviren geimpft wurden, signifikant verringerten.&#8220;<br>EGCG aus gr\u00fcnem Tee reduzierte auch die TMPRSS2-Sekretion und verringerte die Influenza-Replikation.<br>\u00dcbrigens w\u00fcrde dies auch erkl\u00e4ren, warum die sehr jungen Menschen von Covid19 weniger betroffen zu sein scheinen: Sie haben eine erstklassige antioxidative Abwehr. Ihre Antioxidantien sind nicht nur h\u00f6her, sondern sie wirken auch viel besser. Andererseits ist bekannt, dass viele der Komorbidit\u00e4ten, die die Wahrscheinlichkeit einer schweren Infektion zu erh\u00f6hen scheinen (Rauchen, Diabetes, Atemwegserkrankungen usw.), auch mit niedrigen SOD- und Katalase-Spiegeln verbunden sind.<br>Es gibt andere Wirkstoffe, die ebenfalls eine Aktivit\u00e4t aufweisen k\u00f6nnen, haupts\u00e4chlich solche, die den internen Hauptantioxidationszyklus verbessern, der NFE2L2 (NRF2) \u00fcber KEAP1 verwendet.<br>Das Gleichgewicht zwischen Atemwegsprotease und Antiprotease bestimmt die Anf\u00e4lligkeit f\u00fcr Virusinfektionen und kann durch Antioxidantien aus der Nahrung ver\u00e4ndert werden.<\/p>\n\n\n\n<p>Quelle <\/p>\n\n\n\n<figure class=\"wp-block-embed is-type-wp-embed is-provider-people-nature-and-data wp-block-embed-people-nature-and-data\"><div class=\"wp-block-embed__wrapper\">\n<blockquote class=\"wp-embedded-content\" data-secret=\"nOaJbtw9gA\"><a href=\"https:\/\/dadamo.com\/dangerous\/2020\/03\/14\/covid19-why-older-people-get-hit-harder\/\">Covid-19:  Why older people get hit harder<\/a><\/blockquote><iframe loading=\"lazy\" class=\"wp-embedded-content\" sandbox=\"allow-scripts\" security=\"restricted\" style=\"position: absolute; clip: rect(1px, 1px, 1px, 1px);\" title=\"&#8220;Covid-19:  Why older people get hit harder&#8221; &#8212; People, Nature, and Data\" src=\"https:\/\/dadamo.com\/dangerous\/2020\/03\/14\/covid19-why-older-people-get-hit-harder\/embed\/#?secret=nOaJbtw9gA\" data-secret=\"nOaJbtw9gA\" width=\"600\" height=\"338\" frameborder=\"0\" marginwidth=\"0\" marginheight=\"0\" scrolling=\"no\"><\/iframe>\n<\/div><\/figure>\n","protected":false},"excerpt":{"rendered":"<p>Ich habe immer wieder geh\u00f6rt, dass der Grund daf\u00fcr, dass \u00e4ltere Menschen st\u00e4rker von Covid19 betroffen sind, in ihrer verminderten Kapazit\u00e4t des Immunsystems liegt. Dies schien mir von Anfang an wenig sinnvoll zu sein. Ich meine, wenn ihr Immunsystem geschw\u00e4cht &hellip;<\/p>\n<p class=\"read-more\"> <a class=\"more-link\" href=\"https:\/\/www.4blutgruppen.de\/?page_id=2122\"> <span class=\"screen-reader-text\">Warum \u00e4ltere Menschen st\u00e4rker betroffen sind<\/span> Read More &raquo;<\/a><\/p>\n","protected":false},"author":3,"featured_media":0,"parent":0,"menu_order":0,"comment_status":"closed","ping_status":"closed","template":"","meta":{"footnotes":""},"class_list":["post-2122","page","type-page","status-publish","hentry"],"_links":{"self":[{"href":"https:\/\/www.4blutgruppen.de\/index.php?rest_route=\/wp\/v2\/pages\/2122","targetHints":{"allow":["GET"]}}],"collection":[{"href":"https:\/\/www.4blutgruppen.de\/index.php?rest_route=\/wp\/v2\/pages"}],"about":[{"href":"https:\/\/www.4blutgruppen.de\/index.php?rest_route=\/wp\/v2\/types\/page"}],"author":[{"embeddable":true,"href":"https:\/\/www.4blutgruppen.de\/index.php?rest_route=\/wp\/v2\/users\/3"}],"replies":[{"embeddable":true,"href":"https:\/\/www.4blutgruppen.de\/index.php?rest_route=%2Fwp%2Fv2%2Fcomments&post=2122"}],"version-history":[{"count":1,"href":"https:\/\/www.4blutgruppen.de\/index.php?rest_route=\/wp\/v2\/pages\/2122\/revisions"}],"predecessor-version":[{"id":2123,"href":"https:\/\/www.4blutgruppen.de\/index.php?rest_route=\/wp\/v2\/pages\/2122\/revisions\/2123"}],"wp:attachment":[{"href":"https:\/\/www.4blutgruppen.de\/index.php?rest_route=%2Fwp%2Fv2%2Fmedia&parent=2122"}],"curies":[{"name":"wp","href":"https:\/\/api.w.org\/{rel}","templated":true}]}}