{"id":2117,"date":"2022-02-02T20:45:08","date_gmt":"2022-02-02T18:45:08","guid":{"rendered":"https:\/\/www.4blutgruppen.de\/?page_id=2117"},"modified":"2022-02-02T20:45:10","modified_gmt":"2022-02-02T18:45:10","slug":"ein-paar-vorbehalte-und-ein-bisschen-optimismus","status":"publish","type":"page","link":"https:\/\/www.4blutgruppen.de\/?page_id=2117","title":{"rendered":"Ein paar Vorbehalte und ein bisschen Optimismus"},"content":{"rendered":"\n<p>Ein paar Vorbehalte<\/p>\n\n\n\n<p>Es gibt hilfreiche Menschen und Gemeinschaften mit vertrauensw\u00fcrdigen Vorschl\u00e4gen und Ratschl\u00e4gen.<br>Und dann sind es andere \u201eExperten\u201c, die dem Publikum in einem brennenden Theater genau sagen m\u00fcssen, wo sich die Ausgangst\u00fcren befinden, obwohl sie nicht wissen, wo sich die Ausgangst\u00fcren befinden.<\/p>\n\n\n\n<p>Sie m\u00fcssen kein \u201ezweifelnder Thomas\u201c sein. Aber seien Sie da drau\u00dfen vorsichtig. Und glauben Sie nicht alles, was Sie h\u00f6ren.<br>Chlordioxid ist antiviral. Es war auch das erste Giftgas, das im Ersten Weltkrieg verwendet wurde. Es wird verwendet, um viele Dinge zu sterilisieren, aber sein keimt\u00f6tender Wert beruht auf seinem direkten Kontakt mit dem Virus. Die meisten Virostatika (einschlie\u00dflich der k\u00f6rpereigenen Interferone) wirken auf Zellmechanismen, die vom Virus ausgenutzt werden, nicht direkt auf das Virus selbst. Dies w\u00fcrde es nahezu unm\u00f6glich machen, Konzentrationen zu erreichen, die wahrscheinlich schwerwiegende Nebenwirkungen haben w\u00fcrden. Soldaten, die im Ersten Weltkrieg durch Chlorgas verkr\u00fcppelt wurden, hatten Lungennarben. Denk dar\u00fcber nach.<\/p>\n\n\n\n<p>Silber ist \u00e4hnlich. Gro\u00dfartiges antimikrobielles Mittel (damals wurden Silbernitrat-Tropfen in die Augen des Neugeborenen gegeben, um vor einer Gonnorhea-Infektion durch die Mutter zu sch\u00fctzen), aber Silber ist auch ein antimikrobielles Kontaktmittel. Konzentrationen die ausreichen, um in vivo mit Viruspartikeln zu interagieren, sind unpraktisch und wahrscheinlich gef\u00e4hrlich.<br>Trinkwasser ist immer eine gute Idee, aber es ist unwahrscheinlich, dass es st\u00e4ndig viel bringt, wenn man denkt, dass es die Wahrscheinlichkeit beeinflusst, dass Sie sich mit dem Virus infizieren. Die Theorie ist, dass ein feuchter Mund dazu neigt, das Virus in den Magen zu dr\u00fccken, wo es durch Magens\u00e4ure zerst\u00f6rt w\u00fcrde. Das mag wahr sein, aber ein feuchter Mund wird das Virus genauso wahrscheinlich auch leichter in Ihren Nebenh\u00f6hlen einfangen. Wasser trinken; Erwarten Sie einfach nicht zu viel davon.<\/p>\n\n\n\n<p>Es geht ein Mem um, dass Leute berichtet haben, dass sie das Virus von den Griffen der Zapfs\u00e4ule bekommen haben. Es ist sicher m\u00f6glich, dass diese Oberfl\u00e4che Viruspartikel enthalten kann, aber die Anzahl der Personen, die sich durch Oberfl\u00e4chenkontamination mit dem Virus infizieren, ist wahrscheinlich gering. Wenn Ihre Zapfs\u00e4ulen jedoch wie meine sind, werden Sie nach dem Pumpen von Gas immer eine Spur von Gasgeruch an Ihren H\u00e4nden bemerken. Das ist Gas am Griff, und es ist wahrscheinlich, dass der Griff f\u00fcr den Virus gef\u00e4hrlicher ist als f\u00fcr Sie. Handschuhe an, wenn Sie sie haben, oder desinfizieren oder waschen Sie einfach Ihre H\u00e4nde wenn Sie nach Hause kommen und denken Sie daran Ihr Gesicht nicht zu ber\u00fchren.<\/p>\n\n\n\n<p>Wenn Sie einen Haartrockner bei h\u00f6chster Hitzeeinstellung verwenden und den Einlass mit Ihrer Hand bedecken, um die Hitze noch weiter zu erh\u00f6hen, verbrennen Sie sich wahrscheinlich Ihre Hand und setzen Ihre Nebenh\u00f6hlen und Nasenh\u00f6hlen in Brand. Einige Viren werden unweigerlich entkommen und die Arbeit, die Sie bei der Mazeration Ihrer Nasenh\u00f6hle geleistet haben, wird wahrscheinlich die Arbeit erleichtern.<\/p>\n\n\n\n<p>Holunder (oder eines der \u00fcber 50 Dinge, die in sozialen Medien herumfliegen) erh\u00f6ht wahrscheinlich nicht die Wahrscheinlichkeit, dass Sie einen Zytokinsturm entwickeln, wenn Sie sich mit Covid19 infizieren. Sie m\u00fcssen im Endstadium der Infektion ziemlich weit sein, um sich dar\u00fcber Gedanken zu machen (ich w\u00fcrde mir mehr Sorgen um Lungenfibrose machen, aber das hat keinen so sexy Namen). Wenn Sie aufgrund der Informationen im Internet Angst haben Dinge wie Holunder zu verwenden, ist dies sicherlich Ihre Wahl, aber hinter der Angst steckt keine Wissenschaft, sodass Sie anderen Menschen nur mehr Holunder zur Verf\u00fcgung stellen.<\/p>\n\n\n\n<p>Hier ist eine, die tats\u00e4chlich wahr sein k\u00f6nnte und ein wertvoller Hinweis.<br>Es scheint, dass asymptomatische Tr\u00e4ger tats\u00e4chlich ihren Geruchs- und \/ oder Geschmackssinn verlieren k\u00f6nnen. Toller neuer Hinweis, aber denken Sie daran, dass Sokrates zwar ein Mann ist, aber nicht alle M\u00e4nner Sokrates sind. Mit anderen Worten, einige Menschen haben dieses Symptom und Covid19, andere haben Covid19 und haben es nicht; Einige werden es haben und nicht Covid19. Sie k\u00f6nnen wirklich nicht viel allein aus diesem Grund &#8222;best\u00e4tigen&#8220;, und viele Leute werden sich wahrscheinlich dar\u00fcber aufregen. Das Universum der Menschen mit einem bereits bestehenden miesen Geruchssinn ist ziemlich gro\u00df, und es kann schwierig sein, sie herauszuziehen. Asymptomatische Personen mit einem dramatischen Geschmacks- oder Geruchsverlust sollten sich jedoch mindestens 2 Wochen lang selbst isolieren.<br>Oder zumindest vom Strand runter gehen.<\/p>\n\n\n\n<p>Hier sind ein paar gute Neuigkeiten.<br>Als ich den Bericht der Gemeinsamen Mission der WHO China zur Coronavirus-Krankheit 2019 (COVID-19) vom 16. bis 24. Februar 2020 las, fand ich Daten (auf den Seiten 8 bis 9 vergraben), die ich f\u00fcr ziemlich interessant hielt und die mich tats\u00e4chlich ein wenig aufmunterten.<br>Studien zur Haushalts\u00fcbertragung zeigten, dass die Sekund\u00e4rangriffsrate in Haushalten zwischen 3 und 10% lag. Das ist insofern tiefgreifend, als Menschen, die viel Zeit in engem Kontakt miteinander verbracht haben (und Familien im st\u00e4dtischen China wahrscheinlich n\u00e4her als die westlichen L\u00e4nder sind), noch weitgehend infiziert waren.<br>Unter weniger eng verbundenen Kontakten (nicht famili\u00e4r; beruflich, sozial) betrug der Infektionsanteil 1-5%.<\/p>\n\n\n\n<p>Sobald die Menschen wissen, wie sie dieses Virus bekommen k\u00f6nnen, und einfache Gegenma\u00dfnahmen ergreifen, scheint die Anzahl der Infektionen dramatisch zu sinken. Ich kann nicht herausfinden, wie das mit einem R0 von 2,3 (2,3 von jeder infizierten Person infizierte Personen) funktioniert, aber die Distanzierung ist wahrscheinlich sowohl auf individueller als auch auf gesellschaftlicher Ebene ziemlich gut. Mit den richtigen Vorsichtsma\u00dfnahmen ist dieses Virus m\u00f6glicherweise nicht so leicht zu fangen, wie wir dachten. Die Medien sprechen dies nicht an, und die meisten Menschen besch\u00e4ftigen sich nicht mit Wahrscheinlichkeiten. Sie m\u00fcssen also glauben, dass Sie zum Scheitern verurteilt sind, sobald der Virus auf Sie gelangt. Quelle: <\/p>\n\n\n\n<figure class=\"wp-block-embed is-type-wp-embed is-provider-people-nature-and-data wp-block-embed-people-nature-and-data\"><div class=\"wp-block-embed__wrapper\">\n<blockquote class=\"wp-embedded-content\" data-secret=\"LF2lzeLPKz\"><a href=\"https:\/\/dadamo.com\/dangerous\/2020\/03\/23\/covid-19-a-few-caveats-and-a-bit-of-optimism\/\">Covid-19:  A few caveats and a bit of optimism<\/a><\/blockquote><iframe loading=\"lazy\" class=\"wp-embedded-content\" sandbox=\"allow-scripts\" security=\"restricted\" style=\"position: absolute; clip: rect(1px, 1px, 1px, 1px);\" title=\"&#8220;Covid-19:  A few caveats and a bit of optimism&#8221; &#8212; People, Nature, and Data\" src=\"https:\/\/dadamo.com\/dangerous\/2020\/03\/23\/covid-19-a-few-caveats-and-a-bit-of-optimism\/embed\/#?secret=LF2lzeLPKz\" data-secret=\"LF2lzeLPKz\" width=\"600\" height=\"338\" frameborder=\"0\" marginwidth=\"0\" marginheight=\"0\" scrolling=\"no\"><\/iframe>\n<\/div><\/figure>\n\n\n\n<p><\/p>\n","protected":false},"excerpt":{"rendered":"<p>Ein paar Vorbehalte Es gibt hilfreiche Menschen und Gemeinschaften mit vertrauensw\u00fcrdigen Vorschl\u00e4gen und Ratschl\u00e4gen.Und dann sind es andere \u201eExperten\u201c, die dem Publikum in einem brennenden Theater genau sagen m\u00fcssen, wo sich die Ausgangst\u00fcren befinden, obwohl sie nicht wissen, wo sich &hellip;<\/p>\n<p class=\"read-more\"> <a class=\"more-link\" href=\"https:\/\/www.4blutgruppen.de\/?page_id=2117\"> <span class=\"screen-reader-text\">Ein paar Vorbehalte und ein bisschen Optimismus<\/span> Read More &raquo;<\/a><\/p>\n","protected":false},"author":3,"featured_media":0,"parent":0,"menu_order":0,"comment_status":"closed","ping_status":"closed","template":"","meta":{"footnotes":""},"class_list":["post-2117","page","type-page","status-publish","hentry"],"_links":{"self":[{"href":"https:\/\/www.4blutgruppen.de\/index.php?rest_route=\/wp\/v2\/pages\/2117","targetHints":{"allow":["GET"]}}],"collection":[{"href":"https:\/\/www.4blutgruppen.de\/index.php?rest_route=\/wp\/v2\/pages"}],"about":[{"href":"https:\/\/www.4blutgruppen.de\/index.php?rest_route=\/wp\/v2\/types\/page"}],"author":[{"embeddable":true,"href":"https:\/\/www.4blutgruppen.de\/index.php?rest_route=\/wp\/v2\/users\/3"}],"replies":[{"embeddable":true,"href":"https:\/\/www.4blutgruppen.de\/index.php?rest_route=%2Fwp%2Fv2%2Fcomments&post=2117"}],"version-history":[{"count":1,"href":"https:\/\/www.4blutgruppen.de\/index.php?rest_route=\/wp\/v2\/pages\/2117\/revisions"}],"predecessor-version":[{"id":2118,"href":"https:\/\/www.4blutgruppen.de\/index.php?rest_route=\/wp\/v2\/pages\/2117\/revisions\/2118"}],"wp:attachment":[{"href":"https:\/\/www.4blutgruppen.de\/index.php?rest_route=%2Fwp%2Fv2%2Fmedia&parent=2117"}],"curies":[{"name":"wp","href":"https:\/\/api.w.org\/{rel}","templated":true}]}}