{"id":2110,"date":"2022-02-02T20:04:16","date_gmt":"2022-02-02T18:04:16","guid":{"rendered":"https:\/\/www.4blutgruppen.de\/?page_id=2110"},"modified":"2022-02-02T20:04:18","modified_gmt":"2022-02-02T18:04:18","slug":"pionierarbeit","status":"publish","type":"page","link":"https:\/\/www.4blutgruppen.de\/?page_id=2110","title":{"rendered":"Pionierarbeit"},"content":{"rendered":"\n<p>In einem k\u00fcrzlich ver\u00f6ffentlichten Thread schrieb ein Praktizierender in meiner Facebook-Gruppe \u00fcber seine Angst und Frustration beim Versuch, einem \u00e4lteren Freund aus der Ferne zu helfen. Sie schrieben \u00fcber ihre eigene Angst und Unsicherheit und das allgemeine Fehlen jeglicher Anleitung, wie sie sich um diese Person k\u00fcmmern sollten, falls schwerwiegende Folgen einer Covid19-Infektion sich entwickeln sollten.<br>Anfangs konnte ich f\u00fchlen, wie ich in ein \u00e4hnliches Gef\u00fchl der Sinnlosigkeit verfiel und war fast im Begriff, weiterzumachen, aber etwas in mir weigerte sich loszulassen. Ich dachte an jene fr\u00fchen Pioniere in der amerikanischen Pr\u00e4rie, die vielleicht auf Farmen gelebt haben, die kilometerweit von ihren n\u00e4chsten Nachbarn entfernt waren, und an \u00c4rzte, die mit Pferd und Buggy stundenlang entfernt waren. Mit welchen Herausforderungen m\u00fcssen sie sich befasst haben! Und ohne Internet, um ihnen n\u00fctzliche (und nutzlose) Ratschl\u00e4ge und Meinungen zu geben. Wie sind sie damit umgegangen? Sie taten, was sie konnten, mit dem, was sie hatten, und \u00fcberraschenderweise war dies oft gut genug.<br>In den Tiefen unserer Traurigkeit und Angst k\u00f6nnen wir manchmal die Kraft der unterst\u00fctzenden F\u00fcrsorge untersch\u00e4tzen. Ja, es wird unter den schlimmsten Umst\u00e4nden weniger wichtig (mit Ausnahme der Kraft der \u201ez\u00e4rtlichen, liebevollen G\u00fcte\u201c, die auch in diesem Stadium funktioniert), aber jeder Schritt auf dem Weg vor medizinischen Extremen birgt viele M\u00f6glichkeiten.<br>Wir werden oft durch das Hypothetische belastet, als ob die Vorstellung von der M\u00f6glichkeit von etwas das \u00c4quivalent zu seiner Existenz ist. Es ist nicht. Die \u00fcberwiegende Mehrheit dessen, was m\u00f6glich ist, ist unwahrscheinlich. Sicher, Vorsichtsma\u00dfnahmen sind immer angebracht, aber das Vertrauen in die strengen Anforderungen der Realit\u00e4t kann sehr heilsam sein. Ich habe den gr\u00f6\u00dften Teil meines Lebens damit verbracht, zu untersuchen, was in unserem K\u00f6rper schief gehen kann, und Sie w\u00fcrden denken, dass es mich konditioniert h\u00e4tte das Damoklesschwert in allem zu sehen. Die Erfahrung hat mich genau das Gegenteil gelehrt. Wir fahren die Schienen in einer Maschine von wundersamen F\u00e4higkeiten; Ein Ger\u00e4t, das in der Lage ist, sich wie keine Maschine zu reparieren, die jeder hergestellt oder vorgesehen hat.<\/p>\n\n\n\n<p><strong>Du bist ein Ingenieur.<\/strong><br>Ingenieure besch\u00e4ftigen sich nicht mit Hypothesen. Ihre Sichtlinie reicht von Logik \u00fcber Mathematik bis hin zu einer praktischen L\u00f6sung. In der Regel mit einer Prise Kunstfertigkeit. Ingenieure lieben Struktur, weil Struktur die Dinge aufh\u00e4lt und alles zusammenh\u00e4lt. Struktur definiert oft die Beziehung zwischen Dingen, die uns viel \u00fcber ihren Zweck und ihre Beziehung zur Welt erz\u00e4hlen kann.<br>Wir sind Wesen der Logik und der Wissenschaft, daher gibt es absolut keinen Grund, warum wir nicht jede Gelegenheit absichern k\u00f6nnen, diese wundersame Maschinerie dabei zu unterst\u00fctzen, die bestm\u00f6gliche Arbeit zu leisten. Wir m\u00fcssen dem Mix nur eine Prise Strategie hinzuf\u00fcgen.<br>Milit\u00e4rische Denker haben Tausende von Jahren damit verbracht, die Theorien von Angriff und Verteidigung zu verfeinern. Schauen wir uns einige der Konzepte an, die sich im Laufe der Zeit bew\u00e4hrt haben.<br>Denken Sie wie Ihr Gegner. Das Schlimmste, was Sie tun k\u00f6nnen, ist, einen Plan zu entwickeln, bei dem Ihr Gegner genau das tun muss, was er tun muss, damit Ihr Plan funktioniert. Das kostete die Franzosen 1940 die Schlacht; Sie steckten ihre Energie in eine Reihe von Befestigungen, die die Deutschen einfach umrundeten, anstatt ihre K\u00f6pfe in der vom franz\u00f6sischen Kommando erwarteten Weise dagegen zu schlagen.<br>Viren sind knifflige Tiere. Wenn wir \u201eCritter\u201c als etwas Lebendiges definieren, qualifizieren sie sich m\u00f6glicherweise nicht einmal als Critter. Sie sind einfach F\u00e4den aus genetischem Material, die ein Zuhause suchen und deren Maschinerie sie entf\u00fchren k\u00f6nnen, um mehr F\u00e4den aus genetischer Maschinerie herzustellen. Die DNA- und RNA-Nukleins\u00e4uren, aus denen ein Virus besteht, sind etwas widerstandsf\u00e4hig, wie die Verwendung von DNA als Tatortbeweis zeigt. Nukleins\u00e4uren k\u00f6nnen jedoch durch eine \u00fcberraschende Anzahl von Dingen auf dieser Welt leicht durcheinander gebracht (\u201edenaturiert\u201c) werden: von Salz bis Sonnenschein, von Essig bis Bicarbonat, von Alkohol und Bleichmittel bis Urin. Wie jedes gute multinationale Unternehmen m\u00fcssen Viren wachsen oder sterben. Allein gelassen sterben sie auf den meisten Oberfl\u00e4chen bald an Obdachlosigkeit, fr\u00fcher, wenn die Oberfl\u00e4che feucht und mit anderen Lebewesen gef\u00fcllt ist, um sie zu kauen (wie Schmutz), und sp\u00e4ter, wenn die Oberfl\u00e4che gl\u00e4nzend und tr\u00e4ge ist (wie eine Arbeitsplatte).<br><br><strong>Grundlagen<\/strong> sind die Kraft der Vorfreude. Dies ist besonders wichtig, wenn Sie entfernte Marschger\u00e4usche h\u00f6ren, die lauter zu werden scheinen. Und es sind nicht deine Leute. Von den alten R\u00f6mern wurde gesagt, dass &#8222;sie f\u00fcr den Krieg praktizierten und somit ihre Kriege praktizierten&#8220;. Lassen Sie uns f\u00fcr Covid19 trainieren.<br><strong>Covid19-Grundlagenstrategien:<\/strong><br>Grundnahrungsmittel f\u00fcr Ihre Blutgruppe<br>Erw\u00e4gen Sie eine Erg\u00e4nzung mit:<br>\u2022 Selen<br>\u2022 Astragalus<br>\u2022 Vitamin A.<br>\u2022 Vitamin-D<br>\u2022 Vitamin C<br><strong>Der Umgang damit: <\/strong><br>Was Viren so b\u00f6se macht, ist ihre unaufhaltsame F\u00e4higkeit, sich an Dinge zu klammern, die \u00fcber Milliarden von Jahren des Versuchs und Irrtums kultiviert wurden. Wie jeder anst\u00e4ndige Parasit finden die Besten normalerweise einen allgegenw\u00e4rtigen biologischen Prozess und mutieren dann, um sich auf einen Aspekt davon zu konzentrieren, um sich in den Wirt zu schleichen. Zu diesem Zeitpunkt teilt das Virus nach den Worten meines Mikrobiologielehrers der Zelle mit, dass Sie gerade f\u00fcr mich arbeiten. Und obwohl die Idee einer befestigten Linie 1940 f\u00fcr die Franzosen nicht so gut funktionierte, hat die Strategie (bekannt als &#8222;ausschlie\u00dfliche Sicherheit&#8220;) Wert. Sie m\u00fcssen jedoch einen Weg finden, den Eindringling zu zwingen (&#8222;zu kanalisieren&#8220;), keine andere Wahl zu haben, als Ihre Verteidigungsmauer direkt anzugreifen.<br>Noch bevor unsere Invasoren beginnen, die Mauern unserer Zitadellen zu erklimmen, gibt es andere M\u00f6glichkeiten, ihre sch\u00e4ndliche Absicht zu vereiteln. Diese werden als &#8222;Schlachtfeldkonditionierer&#8220; bezeichnet. Die Idee ist, dass Sie den Eindringling behindern, bevor er \u00fcberhaupt die M\u00f6glichkeit hat, sich mit den Befestigungen zu befassen.<br><strong>Covid19-Behinderungsstrategien:<\/strong><br>\u2022 L\u00e4rche<br>\u2022 Quercetin<br>\u2022 Lebensmittel mit mannosebindenden Lektinen (Lauch, Zwiebeln, Knoblauch, Schalotten)<br>\u2022 Gr\u00fcner Tee<br>\u2022 Holunder<br>\u2022 Magnolienrinde<br>Burgen hatten Wassergr\u00e4ben und der Erste Weltkrieg hatte seinen Stacheldraht. Wir denken, dass die derzeitigen Methoden zur Eind\u00e4mmung der Isolierung uns eine Infektion ersparen, aber sie k\u00f6nnen durchaus andere unbeabsichtigte Vorteile haben. Dies liegt an der sogenannten &#8222;Viruslast&#8220;, bei der es sich um die tats\u00e4chliche Menge an Viruspartikeln f\u00fcr ein bestimmtes Raumvolumen handelt (dieses &#8222;Volumen&#8220; sind Sie). Einer der Gr\u00fcnde, warum Besch\u00e4ftigte im Gesundheitswesen anscheinend schwerwiegendere Folgen von Covid19 haben, ist die Wahrscheinlichkeit wiederholter Expositionen, die sich aus der Behandlung zahlreicher infizierter Patienten ergeben. Andererseits k\u00f6nnte eine niedrige Virusdosis, die durch gute Hand- und Umgebungshygiene geschw\u00e4cht (&#8222;abgeschw\u00e4cht&#8220;) wird, in Verbindung mit einer insgesamt minimalen Exposition ein gutes Zeichen f\u00fcr eine begrenzte Krankheit sein. Nun, ich sage nicht, dass Sie loslaufen und dies versuchen sollten , sondern es wird wahrscheinlich unvermeidlich sein, dass dies schlie\u00dflich an Ihnen versucht wird, ob Sie es wollen oder nicht; wenn dies also der Fall ist, k\u00f6nnte man, wie in den Worten von Louis Pasteur, von dem Aphorismus profitieren, von dem der Zufall profitiert ein vorbereiteter Geist.&#8216;<br><strong>M\u00e4chtigkeit<\/strong><br>Das Virus ist also jetzt in unserem Schlachtfeld, seine Uniform wird durch Stacheldraht zerfetzt, klatschnass vom Wassergraben schwimmen und ziemlich beunruhigt dar\u00fcber, dass sie, wenn sie \u00fcber ihre Schultern zur\u00fcckblicken, nicht viel von ihnen sehen andere Viren dahinter. Aber das sind aufdringliche kleine Kerle, also sollten wir uns nicht entspannen. Noch. Wie sind die Mauern unserer Zitadelle? Br\u00f6ckeln sie an manchen Stellen, weil wir ihre Pflege vernachl\u00e4ssigt haben? Was getan werden muss? Jetzt ist die Zeit f\u00fcr das, was Strategen \u201eDefense-in-Depth\u201c nennen. <br><strong>Covid19-Strategien zur Tiefenverteidigung:<\/strong><br>Andrographis<br>Sulforaphan (gekeimtes Kreuzbl\u00fctlergem\u00fcse)<br>Chinesische Sch\u00e4deldecke (Scutellaria baicalensis)<br>Brennnesselwurzel<br><strong>Vielfalt.<\/strong><br>Kybernetik ist ein weitgehend vernachl\u00e4ssigtes Gebiet, das die Philosophie der Kontrolle untersucht. Vielleicht ist sein wichtigster Beitrag f\u00fcr die Welt das, was als \u201eDas Gesetz der erforderlichen Vielfalt\u201c bezeichnet wird. Es ist ein bisschen stumpfsinnig, aber intuitiv leicht zu verstehen, da es nur besagt, dass \u201eein Kontrollmechanismus mehr Variationsgrade aufweisen muss als die Anzahl der Zust\u00e4nde, die das aufweist, was er zu kontrollieren versucht.\u201c Zum Beispiel eine Ampel, die gut funktioniert f\u00fcr eine Vier-Wege-Kreuzung, m\u00fcsste modernisiert werden, wenn wir diagonal \u00fcber die Kreuzung eine neue Stra\u00dfe pflastern. Es h\u00e4tte keine ausreichende Variation, um das zu kontrollieren, was jetzt eine Kreuzung mit sechs Richtungen ist.<\/p>\n\n\n\n<p>Die erforderliche Vielfalt verst\u00e4rkt viele Therapien. Zum Beispiel kontrollieren wir HIV\/AIDS jetzt mit Cocktails aus mehreren Medikamenten, von denen jedes auf einen anderen vom Virus verwendeten Prozess einwirkt. Interessanterweise w\u00e4ren die meisten dieser Medikamente nicht so therapeutisch, wenn sie alleine verwendet w\u00fcrden; Es ist die Kombination unterschiedlicher Aktionen, die dem Virus eine Waffe an den Kopf setzt und sagt: \u201eMutieren oder sterben.\u201c Abgesehen davon, dass nichts in der Natur, einschlie\u00dflich Viren, gleichzeitig zu mehreren Bedrohungen mutieren kann.<\/p>\n\n\n\n<p>Sie k\u00f6nnen Requisite Variety als Teil Ihrer Covid19-Verteidigung verwenden. W\u00e4hlen Sie einfach ein oder zwei Wirkstoffe aus jeder der oben genannten Kategorien zusammen aus, um eine \u201eBehandlungsgruppe\u201c zu bilden. Dadurch entsteht eine Kombination, die aus Wirkstoffen besteht, die nach unterschiedlichen Mechanismen arbeiten und somit die erforderliche Vielfalt erf\u00fcllen. Sie k\u00f6nnen der Vielfalt sogar mehr Abwechslung hinzuf\u00fcgen, indem Sie die Kombination regelm\u00e4\u00dfig \u00e4ndern. Das sollte wirklich mit den Dingen schrauben.<br>Wenn Sie meine \u00f6ffentlichen Beitr\u00e4ge seit Mitte Januar verfolgen, wissen Sie, dass ich zutiefst der Meinung bin, dass Covid19 viel zu bieten hat. Wir k\u00f6nnen dieses Ding jedoch schlagen. Alles hat eine Bruchstelle, einschlie\u00dflich des neuartigen Coronavirus.<br>Wir m\u00fcssen nur wie Ingenieure denken, mit dem Geist, dem Vertrauen und der Widerstandsf\u00e4higkeit von Pionieren. <\/p>\n\n\n\n<figure class=\"wp-block-embed is-type-wp-embed is-provider-people-nature-and-data wp-block-embed-people-nature-and-data\"><div class=\"wp-block-embed__wrapper\">\n<blockquote class=\"wp-embedded-content\" data-secret=\"3uWxe1QRRu\"><a href=\"https:\/\/dadamo.com\/dangerous\/2020\/03\/19\/pioneering\/\">Covid-19: Pioneering<\/a><\/blockquote><iframe loading=\"lazy\" class=\"wp-embedded-content\" sandbox=\"allow-scripts\" security=\"restricted\" style=\"position: absolute; clip: rect(1px, 1px, 1px, 1px);\" title=\"&#8220;Covid-19: Pioneering&#8221; &#8212; People, Nature, and Data\" src=\"https:\/\/dadamo.com\/dangerous\/2020\/03\/19\/pioneering\/embed\/#?secret=3uWxe1QRRu\" data-secret=\"3uWxe1QRRu\" width=\"600\" height=\"338\" frameborder=\"0\" marginwidth=\"0\" marginheight=\"0\" scrolling=\"no\"><\/iframe>\n<\/div><\/figure>\n","protected":false},"excerpt":{"rendered":"<p>In einem k\u00fcrzlich ver\u00f6ffentlichten Thread schrieb ein Praktizierender in meiner Facebook-Gruppe \u00fcber seine Angst und Frustration beim Versuch, einem \u00e4lteren Freund aus der Ferne zu helfen. Sie schrieben \u00fcber ihre eigene Angst und Unsicherheit und das allgemeine Fehlen jeglicher Anleitung, &hellip;<\/p>\n<p class=\"read-more\"> <a class=\"more-link\" href=\"https:\/\/www.4blutgruppen.de\/?page_id=2110\"> <span class=\"screen-reader-text\">Pionierarbeit<\/span> Read More &raquo;<\/a><\/p>\n","protected":false},"author":3,"featured_media":0,"parent":0,"menu_order":0,"comment_status":"closed","ping_status":"closed","template":"","meta":{"footnotes":""},"class_list":["post-2110","page","type-page","status-publish","hentry"],"_links":{"self":[{"href":"https:\/\/www.4blutgruppen.de\/index.php?rest_route=\/wp\/v2\/pages\/2110","targetHints":{"allow":["GET"]}}],"collection":[{"href":"https:\/\/www.4blutgruppen.de\/index.php?rest_route=\/wp\/v2\/pages"}],"about":[{"href":"https:\/\/www.4blutgruppen.de\/index.php?rest_route=\/wp\/v2\/types\/page"}],"author":[{"embeddable":true,"href":"https:\/\/www.4blutgruppen.de\/index.php?rest_route=\/wp\/v2\/users\/3"}],"replies":[{"embeddable":true,"href":"https:\/\/www.4blutgruppen.de\/index.php?rest_route=%2Fwp%2Fv2%2Fcomments&post=2110"}],"version-history":[{"count":1,"href":"https:\/\/www.4blutgruppen.de\/index.php?rest_route=\/wp\/v2\/pages\/2110\/revisions"}],"predecessor-version":[{"id":2111,"href":"https:\/\/www.4blutgruppen.de\/index.php?rest_route=\/wp\/v2\/pages\/2110\/revisions\/2111"}],"wp:attachment":[{"href":"https:\/\/www.4blutgruppen.de\/index.php?rest_route=%2Fwp%2Fv2%2Fmedia&parent=2110"}],"curies":[{"name":"wp","href":"https:\/\/api.w.org\/{rel}","templated":true}]}}