{"id":2107,"date":"2022-02-02T19:27:01","date_gmt":"2022-02-02T17:27:01","guid":{"rendered":"https:\/\/www.4blutgruppen.de\/?page_id=2107"},"modified":"2026-04-04T20:56:48","modified_gmt":"2026-04-04T18:56:48","slug":"aus-angst","status":"publish","type":"page","link":"https:\/\/www.4blutgruppen.de\/?page_id=2107","title":{"rendered":"Aus Angst"},"content":{"rendered":"\n<p>Ein enger Freund, der auch ein Patient war, erz\u00e4hlte mir einmal (nachdem bei ihm ein Melanom diagnostiziert worden war), dass, als er ein Kind war, bei seinem Vater von einem Arzt ebenfalls eine unheilbare Krankheit diagnostiziert wurde, sein Vater aber seltsamerweise ruhig und gesammelt war. Als mein Freund ihn danach fragte, antwortete er: &#8222;Eine ver\u00e4ngstigte Person stirbt hundertmal, aber eine mutige Person muss nur einmal sterben.&#8220;<br>Vergiss das nicht. Die anderen 99 Todesf\u00e4lle sind unn\u00f6tig. Von ihnen kommt nie etwas Gutes.<br>Lassen Sie Angst und Furcht keine Spiele in Ihrer Fantasie spielen. Beschr\u00e4nken Sie die Berichterstattung in den Medien auf 30 Minuten pro Tag. Fragen Sie nicht jede kleine Beule ab und suchen Sie nach Anzeichen von Covid19.<br>Sportliche Bet\u00e4tigung. Gutes Essen. Lachen.<br>Es wird dir gut gehen.<br>Und die heutigen guten Nachrichten:<br>Das neuartige Coronavirus scheint nicht in einer Weise zu mutieren, die darauf hinweist, dass Immunstrategien wie Impfstoffe nicht wirksam w\u00e4ren. Es gibt subtile Unterschiede im viralen Genom, die die Virusstr\u00e4nge, die den Nordwesten des US-Pazifik treffen, von denen zu unterscheiden die Wuhan getroffen haben, aber diese Unterschiede scheinen keinen Einfluss auf die Antigenit\u00e4t des Virus gehabt zu haben. Tats\u00e4chlich mutieren Coronaviren in der Regel nicht so leicht wie andere Viren. Sie verf\u00fcgen \u00fcber ziemlich gute Korrekturlesefunktionen, sodass zuf\u00e4llige Mutationen, die durch Replikationsfehler verursacht werden, seltener auftreten.  https:\/\/dadamo.com\/dangerous\/2020\/03\/25\/covid-19-on-fear\/ <\/p>\n","protected":false},"excerpt":{"rendered":"<p>Ein enger Freund, der auch ein Patient war, erz\u00e4hlte mir einmal (nachdem bei ihm ein Melanom diagnostiziert worden war), dass, als er ein Kind war, bei seinem Vater von einem Arzt ebenfalls eine unheilbare Krankheit diagnostiziert wurde, sein Vater aber &hellip;<\/p>\n<p class=\"read-more\"> <a class=\"more-link\" href=\"https:\/\/www.4blutgruppen.de\/?page_id=2107\"> <span class=\"screen-reader-text\">Aus Angst<\/span> Read More &raquo;<\/a><\/p>\n","protected":false},"author":3,"featured_media":0,"parent":0,"menu_order":0,"comment_status":"closed","ping_status":"closed","template":"","meta":{"footnotes":""},"class_list":["post-2107","page","type-page","status-publish","hentry"],"_links":{"self":[{"href":"https:\/\/www.4blutgruppen.de\/index.php?rest_route=\/wp\/v2\/pages\/2107","targetHints":{"allow":["GET"]}}],"collection":[{"href":"https:\/\/www.4blutgruppen.de\/index.php?rest_route=\/wp\/v2\/pages"}],"about":[{"href":"https:\/\/www.4blutgruppen.de\/index.php?rest_route=\/wp\/v2\/types\/page"}],"author":[{"embeddable":true,"href":"https:\/\/www.4blutgruppen.de\/index.php?rest_route=\/wp\/v2\/users\/3"}],"replies":[{"embeddable":true,"href":"https:\/\/www.4blutgruppen.de\/index.php?rest_route=%2Fwp%2Fv2%2Fcomments&post=2107"}],"version-history":[{"count":2,"href":"https:\/\/www.4blutgruppen.de\/index.php?rest_route=\/wp\/v2\/pages\/2107\/revisions"}],"predecessor-version":[{"id":2181,"href":"https:\/\/www.4blutgruppen.de\/index.php?rest_route=\/wp\/v2\/pages\/2107\/revisions\/2181"}],"wp:attachment":[{"href":"https:\/\/www.4blutgruppen.de\/index.php?rest_route=%2Fwp%2Fv2%2Fmedia&parent=2107"}],"curies":[{"name":"wp","href":"https:\/\/api.w.org\/{rel}","templated":true}]}}