{"id":2102,"date":"2022-02-02T19:14:47","date_gmt":"2022-02-02T17:14:47","guid":{"rendered":"https:\/\/www.4blutgruppen.de\/?page_id=2102"},"modified":"2022-02-02T19:14:47","modified_gmt":"2022-02-02T17:14:47","slug":"kann-die-blutgruppe-das-risiko-fuer-covid-vorhersagen","status":"publish","type":"page","link":"https:\/\/www.4blutgruppen.de\/?page_id=2102","title":{"rendered":"Kann die Blutgruppe das Risiko f\u00fcr Covid vorhersagen?"},"content":{"rendered":"\n<p>Als das Buch &#8222;4 Blutgruppen&#8220; vor mehr als zwei Jahrzehnten zum ersten Mal ver\u00f6ffentlicht wurde, begann es mit einer einfachen Pr\u00e4misse: <\/p>\n\n\n\n<p>Die Blutgruppe ist der Weg, um die vielen Paradoxien in Ern\u00e4hrungsstudien und das \u00dcberleben von Krankheiten zu erkl\u00e4ren. Die Blutgruppendi\u00e4t ist zu einem wirksamen Instrument f\u00fcr ein ges\u00fcnderes Leben geworden, hat aber auch neue Untersuchungswege er\u00f6ffnet, die weit \u00fcber die Ern\u00e4hrung selbst hinausgehen.<br>Ihre Blutgruppe hat alles damit zu tun, wie Sie Ihre Nahrung verdauen, wie Sie auf Stress reagieren k\u00f6nnen, wie Ihr Geisteszustand ist, wie effizient Ihr Stoffwechsel ist und wie stark Ihr Immunsystem ist. &#8222;Blutgruppen sind wichtige pr\u00e4diktive Marker f\u00fcr Krankheiten&#8220;, sagt Dr. Peter D&#8217;Adamo. Und angesichts der aktuellen Coronavirus-Pandemie ist diese Bedeutung noch gr\u00f6\u00dfer.<br>Gibt es einen Zusammenhang zwischen der Blutgruppe und der Anf\u00e4lligkeit f\u00fcr COVID-19 &#8211; die Krankheit, die durch das neuartige Coronavirus SARS-CoV-2 verursacht wird? Neuere Forschungen deuten darauf hin, dass die Antwort &#8222;Ja&#8220; lautet. In der Tat weisen mehrere Studien darauf hin, dass Menschen mit Blutgruppe A anf\u00e4lliger f\u00fcr die Ansteckung mit der Krankheit sind und Menschen mit Blutgruppe O m\u00f6glicherweise Schutzgene besitzen, die sie einem geringeren Risiko aussetzen.<\/p>\n\n\n\n<p><strong>Studien legen nahe, dass die Blutgruppe A ein h\u00f6heres Infektionsrisiko aufweist<\/strong><br>Im M\u00e4rz ver\u00f6ffentlichten medizinische Forscher des Zentrums f\u00fcr evidenzbasierte und translationale Medizin des Zhongnan-Krankenhauses der Wuhan-Universit\u00e4t in China die vorl\u00e4ufigen Ergebnisse ihrer Untersuchung der Blutgruppenmuster von mehr als 2.000 mit COVID-19 infizierten Patienten in Wuhan und Shenzhen. Nach dem Vergleich von COVID-positiven Patienten mit lokalen gesunden Populationen stellten sie fest, dass Patienten mit Blutgruppe A nicht nur eine h\u00f6here Infektionsrate zeigten, sondern auch tendenziell schwerere Symptome entwickelten.<br>&#8222;Sars-CoV-2-infizierte Patienten mit Blutgruppe A m\u00fcssen m\u00f6glicherweise wachsamer \u00fcberwacht und aggressiv behandelt werden&#8220;, sagte der leitende Forscher Wang Xinghuan.<br>In Anlehnung an die Studie der Universit\u00e4t Wuhan kam eine Gruppe deutscher Forscher an der Universit\u00e4t Kiel nach den in DailyMail ver\u00f6ffentlichten Ergebnissen zu \u00e4hnlichen Ergebnissen. Sie fanden heraus, dass Patienten mit Blutgruppe A \u201e50 Prozent h\u00e4ufiger Sauerstoffunterst\u00fctzung ben\u00f6tigen oder an mechanische Beatmungsger\u00e4te angeschlossen werden als Patienten mit anderen Blutgruppen\u201c.Obwohl diese Studien vorl\u00e4ufig sind, hat Dr. Peter D&#8217;Adamo im Laufe der Jahre \u00fcber die Blutgruppe und die Rolle geschrieben, die sie spielt, wenn Ihr K\u00f6rper bestimmte S\u00e4tze von Proteinen produziert oder nicht und anf\u00e4lliger f\u00fcr eine Vielzahl von Infektionskrankheiten ist Krankheiten.<\/p>\n\n\n\n<p><strong>Blutgruppen O scheinen ein geringeres Risiko zu haben<\/strong><br>Wenn also die Blutgruppe As anf\u00e4lliger ist, gibt es eine Blutgruppe, die eine erh\u00f6hte Resistenz gegen COVID-19 aufweist?<br>Im April startete das US-amerikanische Unternehmen 23andMe f\u00fcr Genomik und Biotechnologie eine Studie, um die Rolle der Genetik bei der Ansteckung mit COVID-19 zu beleuchten. Laut den in Bloomberg News ver\u00f6ffentlichten Ergebnissen deuten \u201evorl\u00e4ufige Ergebnisse von mehr als 750.000 Teilnehmern darauf hin, dass Typ-O-Blut besser vor SARS-CoV-2 sch\u00fctzt.\u201c In diesem PubMed-Zitat ergab die Analyse eines Krankenhausausbruchs in Hongkong \u00e4hnliche Ergebnisse: \u201eBlutgruppe O war mit einem geringen Infektionsrisiko verbunden.\u201c<br>In der Tat kamen auch die Studien von Wuhan und der Universit\u00e4t Kiel zu \u00e4hnlichen Ergebnissen. Typ-O-Blut, so berichteten die deutschen Forscher, sei mit einer \u201egeringeren Wahrscheinlichkeit schwerer Erkrankungen\u201c verbunden.<br><strong>Warum Sie Ihre Blutgruppe kennen sollten<\/strong><br>Die Kenntnis Ihrer Blutgruppe ist ein leistungsstarkes Instrument, mit dem Sie Strategien f\u00fcr die allgemeine Gesundheit, das Wohlbefinden und die Pr\u00e4vention von Krankheiten personalisieren k\u00f6nnen. Jeder K\u00f6rper hat individuelle Gesundheitsbed\u00fcrfnisse und der Schl\u00fcssel zum Verst\u00e4ndnis Ihrer Individualit\u00e4t ist Ihr ABO-Profil, auch bekannt als Ihre Blutgruppe. Wenn Sie wissen, warum bestimmte Lebensmittel richtig sind f\u00fcr Ihren Typ\u00ae und andere nicht, erhalten Sie Einblicke, wie Sie am besten mit Stress umgehen, mit Gewicht umgehen und sogar Krankheiten vorbeugen k\u00f6nnen.<br><br><strong>Wie k\u00f6nnen alle Blutgruppen die optimale Gesundheit am besten unterst\u00fctzen?<\/strong><br>&#8222;Menschen der Blutgruppe A ben\u00f6tigen m\u00f6glicherweise einen st\u00e4rkeren Schutz, um das Infektionsrisiko zu verringern&#8220;, sagte Xinghuan.<br>Unabh\u00e4ngig von Ihrer Blutgruppe ist die Einhaltung einer f\u00fcr Sie geeigneten Ern\u00e4hrung Ihre erste Verteidigungslinie, um Ihren K\u00f6rper gesund zu halten und Ihr Immunsystem effizient zu betreiben. F\u00fcr diejenigen, die zus\u00e4tzliche Unterst\u00fctzung suchen, hat Dr. D\u2019Adamo ein \u201eGo to\u201c -Protokoll mit Nahrungserg\u00e4nzungsmitteln erstellt, um das Immunsystem zu unterst\u00fctzen, insbesondere in diesen volatilen Zeiten.<br>Das Resistance Pack 2020 kombiniert Holunder, Andrographis Paniklata, Urtica dioica Wurzel, chinesischen Sch\u00e4delkappenwurzelextrakt und mehr, um einen Eckpfeiler der immunmodifizierenden Unterst\u00fctzung zu bieten.<br>Wenn Sie neu in der Blutgruppendi\u00e4t sind und mehr dar\u00fcber erfahren m\u00f6chten, welche Lebensmittel f\u00fcr Ihren einzigartigen K\u00f6rper von Vorteil sind und welche vermieden werden sollten, laden wir Sie ein, hier auf dieser Webseite mehr zu erfahren.<\/p>\n\n\n\n<p>Quelle: <\/p>\n\n\n\n<p><a href=\"https:\/\/www.4yourtype.com\/blog\/could-your-blood-type-predict-your-risk-of-covid19\/\">https:\/\/www.4yourtype.com\/blog\/could-your-blood-type-predict-your-risk-of-covid19\/<\/a><\/p>\n","protected":false},"excerpt":{"rendered":"<p>Als das Buch &#8222;4 Blutgruppen&#8220; vor mehr als zwei Jahrzehnten zum ersten Mal ver\u00f6ffentlicht wurde, begann es mit einer einfachen Pr\u00e4misse: Die Blutgruppe ist der Weg, um die vielen Paradoxien in Ern\u00e4hrungsstudien und das \u00dcberleben von Krankheiten zu erkl\u00e4ren. Die &hellip;<\/p>\n<p class=\"read-more\"> <a class=\"more-link\" href=\"https:\/\/www.4blutgruppen.de\/?page_id=2102\"> <span class=\"screen-reader-text\">Kann die Blutgruppe das Risiko f\u00fcr Covid vorhersagen?<\/span> Read More &raquo;<\/a><\/p>\n","protected":false},"author":3,"featured_media":0,"parent":0,"menu_order":0,"comment_status":"closed","ping_status":"closed","template":"","meta":{"footnotes":""},"class_list":["post-2102","page","type-page","status-publish","hentry"],"_links":{"self":[{"href":"https:\/\/www.4blutgruppen.de\/index.php?rest_route=\/wp\/v2\/pages\/2102","targetHints":{"allow":["GET"]}}],"collection":[{"href":"https:\/\/www.4blutgruppen.de\/index.php?rest_route=\/wp\/v2\/pages"}],"about":[{"href":"https:\/\/www.4blutgruppen.de\/index.php?rest_route=\/wp\/v2\/types\/page"}],"author":[{"embeddable":true,"href":"https:\/\/www.4blutgruppen.de\/index.php?rest_route=\/wp\/v2\/users\/3"}],"replies":[{"embeddable":true,"href":"https:\/\/www.4blutgruppen.de\/index.php?rest_route=%2Fwp%2Fv2%2Fcomments&post=2102"}],"version-history":[{"count":1,"href":"https:\/\/www.4blutgruppen.de\/index.php?rest_route=\/wp\/v2\/pages\/2102\/revisions"}],"predecessor-version":[{"id":2103,"href":"https:\/\/www.4blutgruppen.de\/index.php?rest_route=\/wp\/v2\/pages\/2102\/revisions\/2103"}],"wp:attachment":[{"href":"https:\/\/www.4blutgruppen.de\/index.php?rest_route=%2Fwp%2Fv2%2Fmedia&parent=2102"}],"curies":[{"name":"wp","href":"https:\/\/api.w.org\/{rel}","templated":true}]}}