{"id":203,"date":"2013-12-14T01:01:38","date_gmt":"2013-12-13T23:01:38","guid":{"rendered":"http:\/\/4blutgruppen.metapublic.com\/?page_id=203"},"modified":"2014-02-20T15:07:05","modified_gmt":"2014-02-20T13:07:05","slug":"holunderbeere-und-grippe","status":"publish","type":"page","link":"https:\/\/www.4blutgruppen.de\/?page_id=203","title":{"rendered":"Holunderbeere und Grippe"},"content":{"rendered":"<p>Holunder ist ein uraltes Heilmittel gegen das Influenza-Virus, aber wirkt es auch? In Versuchen wurde \u00fcberpr\u00fcft, ob die Holunderbeere tats\u00e4chlich die Replikationen aller Arten der menschlichen Influenza (A und B) Viren hemmt.<\/p>\n<p>In einer derzeitigen Placebo-kontrollierten Doppel-Blind-Studie (naturwissenschaftlicher Sprachgebrauch) zeigte sich ein Extrakt aus Holunderbeeren bei der Behandlung von Influenza B als wirkungsvoll. Diese Forschung zeigte, dass es den Menschen, die Holunderbeer-Extrakt genommen hatten, sehr schnell besser ging (mehr als 70% f\u00fchlten sich nach 2 Tagen besser und bei \u00fcber 90% verschwand die Infektion vollst\u00e4ndig innerhalb von 3 Tagen). Zum Vergleich, die Menschen, denen ein Placebo gegeben wurde, brauchten oftmals mehr als 6 Tage um sich besser zu f\u00fchlen.<\/p>\n<p>Warum wirkt die Holunderbeere? Forscher fanden zwei Gr\u00fcnde daf\u00fcr. Menschen, die die Holunderbeere zu sich nehmen, sind f\u00e4hig, h\u00f6here Anti-H\u00e4magglutinin Titer gegen Influenza B zu produzieren (dies sagt aus, dass Ihr Immunsystem besser seine Funktion erf\u00fcllen kann und nun einen gr\u00f6\u00dferen Rahmen der Wiedererkennung hat, wenn die \u201eGrippe\u201c zur\u00fcckkommt). Und, Holunderbeeren hemmen die Neuraminidase (ja, das ist dieselbe Neuraminidase f\u00fcr die Wissenschaftler Millionen von Dollars ausgeben um Arzneimittel dagegen zu entwickeln).<\/p>\n<p>Eine wichtige Frage, die bis jetzt nicht beantwortet wurde ist . . . kann die Holunderbeere auch bei Influenza A Virus-Arten eingesetzt werden? Ich habe zurzeit keine endg\u00fcltige Antwort f\u00fcr Sie, aber basierend auf der Wirkungsweise in Vitro und meinen Beobachtungen in meiner Praxis, ist die Antwort wahrscheinlich \u2013 ja. Unsere Patienten nehmen eine Mischung aus Holunderbeeren, Blaubeeren, Kirschen und Apfelkonzentrat um gut durch die letzte \u201eGrippe\u201c Jahreszeit zu kommen.<\/p>\n<p>Ein letztes Wort noch zur Beachtung: wenn Sie die Holunderbeere t\u00e4glich einnehmen, denken Sie daran, dass mehr nicht immer besser ist. Eine hohe Dosis f\u00fchrt zu \u00dcbelkeit. Wenn Sie eine \u201eGrippe\u201c abwehren m\u00f6chten, ist eine kleine Menge t\u00e4glich ausreichend. Ich empfehle die Holunderbeere besonders f\u00fcr Blutgruppe B und AB aufgrund deren allgemeiner Anf\u00e4lligkeit gegen\u00fcber dem Virus. Zur Behandlung nehmen wir 2 Teel\u00f6ffel 3-4 mal t\u00e4glich bei Erwachsenen, f\u00fcr Kinder entsprechen weniger, abh\u00e4ngig vom K\u00f6rpergewicht.<\/p>\n<p>Das Ergebnis ist . . . bei der n\u00e4chsten \u201cGrippe\u201d, erinnern Sie sich einfach an die Holunderbeere.<\/p>\n<p>Peter D\u00b4Adamo<\/p>\n","protected":false},"excerpt":{"rendered":"<p>Holunder ist ein uraltes Heilmittel gegen das Influenza-Virus, aber wirkt es auch? In Versuchen wurde \u00fcberpr\u00fcft, ob die Holunderbeere tats\u00e4chlich die Replikationen aller Arten der menschlichen Influenza (A und B) Viren hemmt. In einer derzeitigen Placebo-kontrollierten Doppel-Blind-Studie (naturwissenschaftlicher Sprachgebrauch) zeigte &hellip;<\/p>\n<p class=\"read-more\"> <a class=\"more-link\" href=\"https:\/\/www.4blutgruppen.de\/?page_id=203\"> <span class=\"screen-reader-text\">Holunderbeere und Grippe<\/span> Read More &raquo;<\/a><\/p>\n","protected":false},"author":3,"featured_media":0,"parent":0,"menu_order":0,"comment_status":"closed","ping_status":"open","template":"content-sidebar-page.php","meta":{"footnotes":""},"class_list":["post-203","page","type-page","status-publish","hentry"],"_links":{"self":[{"href":"https:\/\/www.4blutgruppen.de\/index.php?rest_route=\/wp\/v2\/pages\/203","targetHints":{"allow":["GET"]}}],"collection":[{"href":"https:\/\/www.4blutgruppen.de\/index.php?rest_route=\/wp\/v2\/pages"}],"about":[{"href":"https:\/\/www.4blutgruppen.de\/index.php?rest_route=\/wp\/v2\/types\/page"}],"author":[{"embeddable":true,"href":"https:\/\/www.4blutgruppen.de\/index.php?rest_route=\/wp\/v2\/users\/3"}],"replies":[{"embeddable":true,"href":"https:\/\/www.4blutgruppen.de\/index.php?rest_route=%2Fwp%2Fv2%2Fcomments&post=203"}],"version-history":[{"count":1,"href":"https:\/\/www.4blutgruppen.de\/index.php?rest_route=\/wp\/v2\/pages\/203\/revisions"}],"predecessor-version":[{"id":1079,"href":"https:\/\/www.4blutgruppen.de\/index.php?rest_route=\/wp\/v2\/pages\/203\/revisions\/1079"}],"wp:attachment":[{"href":"https:\/\/www.4blutgruppen.de\/index.php?rest_route=%2Fwp%2Fv2%2Fmedia&parent=203"}],"curies":[{"name":"wp","href":"https:\/\/api.w.org\/{rel}","templated":true}]}}