{"id":195,"date":"2013-12-14T00:46:20","date_gmt":"2013-12-13T22:46:20","guid":{"rendered":"http:\/\/4blutgruppen.metapublic.com\/?page_id=195"},"modified":"2014-02-12T23:34:04","modified_gmt":"2014-02-12T21:34:04","slug":"dr-peter-dadamo","status":"publish","type":"page","link":"https:\/\/www.4blutgruppen.de\/?page_id=195","title":{"rendered":"Dr. Peter D\u00b4Adamo"},"content":{"rendered":"<p>Peter James D&#8217;Adamo (geboren 17. Juli 1956) ist ein US-amerikanischer Autor, Arzt der Naturheilkunde, Forscher und Lehrer. Er gilt als ein Weltweiter Experte in Glykobiologie, vor allem in Bezug auf die Blutgruppen ABO (ABH) und Secretor (FUT2)-Polymorphismen.<\/p>\n<p>D &#8218; Adamo erhielt seine ND (naturheilkundliche Promotion) von der Bastyr Univerisity in Seattle und lehrt seitdem personalisierte Medizin, generative Medizin und Bioinformatik an der Universit\u00e4t von Bridgeport wo er Distinguierter Professor f\u00fcr klinische Wissenschaften ist. Er ist auch ein Adjunct Clinical Professor sowohl am Southwest College of Naturopathic Medicine, Tempe AZ und am National College of Naturopathic Medicine, Portland OR.<\/p>\n<p>&nbsp;<\/p>\n<h3><span style=\"color: #008000;\">Werdegang<\/span><\/h3>\n<p>D&#8217;Adamo erlangte sein Naturopathic-Doctorate (Nd) des Bastyr-Colleges, in Seattle WA, im Jahre 1982 und wird zugelassen als Naturopathic Arzt in den Bundesl\u00e4ndern Connecticut, Britisch-Columbia, Washington, Ontario und Arizona. Er hat eine Arztpraxis in Wilton, Connecticut.<\/p>\n<p>Im Jahre 1990 wurde D&#8217;Adamo durch den amerikanischen Verband von Naturopathic-\u00c4rzten zum Arzt des Jahres ernannt. Im Jahre 2003 gr\u00fcndete D&#8217;Adamo das Institut f\u00fcr Human Individuality (ifHI). Im Jahr 2003 leitete er die erste IfHI Konferenz und Zertifizierung, an der er Hauptredner war; IfHI findet alle zwei Jahre statt. Er h\u00e4lt weiterhin regelm\u00e4\u00dfig Vortr\u00e4ge auf diesen Konferenzen.<\/p>\n<h3><span style=\"color: #008000;\">Die Blutgruppen-Ern\u00e4hrung<\/span><\/h3>\n<p>Mit der Ver\u00f6ffentlichung von 4 Blutgruppen \u2013 Vier Strategien f\u00fcr ein gesundes Leben im Jahr 1996 wurde D&#8217;Adamo als Autor international bekannt. Mit Catherine Whitney als Co-Autorin pr\u00e4sentiert das Buch D&#8217;Adamos Theorien \u00fcber den Einfluss der Blutgruppen-Genetik auf die Ern\u00e4hrung in einer einfachen und verst\u00e4ndlichen Art und Weise.<\/p>\n<p>Seine weiteren B\u00fccher haben auf der urspr\u00fcngliche Rolle der ABO-Blutgruppen in der Ern\u00e4hrung aufgebaut und diese um den Secretor Polymorphismus erweitert.<\/p>\n<p>&nbsp;<\/p>\n<h3><span style=\"color: #008000;\">Kontroverse<\/span><\/h3>\n<p>Wegen seiner m\u00f6glichen Effekte auf den wissenschaftlichen und wirtschaftlichen Status Quo, ist die Frage berechtigt, warum, in einem Zeitalter der molekularen Genetik und milliardenschweren Forschungsbudgets, niemals eine Verbindung zwischen den Erkenntnissen wie die Exprimierung der Blutgruppen den Darm beeinflusst und der Auswahl von Nahrungsmittel hergestellt wurde?<\/p>\n<h3><span style=\"color: #008000;\">Genotyp-Ern\u00e4hrung und Epigenetik<\/span><\/h3>\n<p>Mit der Genotyp-Ern\u00e4hrung (2007) wurde das Konzept von epigenetischer Ern\u00e4hrung der breiten Bev\u00f6lkerung vorgestellt. Peter D\u00b4Adamo hob damit seine bahnbrechenden Forschungen auf die n\u00e4chste Ebene mit einem ma\u00dfgeschneiderten Programm, dessen Funktionsweise auf Ihrer genetischen Pr\u00e4gung basiert zur Maximierung der Gesundheit und f\u00fcr ein optimales Gewicht, ebenso wie zur Verhinderung oder Umkehrung von Krankheit. Die sechs Genotyp-Profile (genetische \u00dcberlebensstrategien, die zugrundeliegende Ethnizit\u00e4t und Rasse und deren entsprechenden externen Merkmale wie K\u00f6rperbau, Kieferform und das Muster der Z\u00e4hne) erkl\u00e4ren wie man die Gen-Reaktionen umprogrammieren kann f\u00fcr Gewichtsverlust, Zellreparatur, Vermeidung von Krankheit und einen gesunden Alterungsprozess. D\u00b4Adamo st\u00fctzt sich auf die Forschungen der Epigenetik, der Forschung von der Interaktion zwischen Genen und Umwelt, und argumentiert, dass eine Ern\u00e4hrung- und Lebensweise gem\u00e4\u00df den \u201eGenotypen\u201c das wirksamste Mittel ist um eine optimale Gesundheit zu erreichen.<\/p>\n<p>W\u00e4hrend die Beschaffenheit der pr\u00e4natalen Umwelt &#8211; unsere eigene und die unserer Vorfahren &#8211; profunde Auswirkungen auf unsere Gene hat, behauptet D\u00b4Adamo, dass der Leser sein Erbe kontrollieren kann indem er seine positiven Gene \u201eeinschaltet\u201c und die negativen durch Methylierung, Histonacetylierung und andere biologische Prozesse zum Schweigen bringt. Er stellt Methoden zur Verf\u00fcgung, damit der Leser seinen Typ bestimmen kann, dies schlie\u00dft die K\u00f6rperma\u00dfe, Fingerabdr\u00fccke und die pers\u00f6nliche Familiengeschichte mit ein.<\/p>\n<h3><span style=\"color: #008000;\">Generative Medizin<\/span><\/h3>\n<p>Dr. D\u00b4Adamo unterrichtet Generative Medizin I-II und Biochemische Individualit\u00e4t an der Universit\u00e4t des Bridgeport College of Naturopathic Medicine und betreut eine fachkundige Gemeinschaftspraxis in personalisierter Medizin. Er ist der Direktor der neuen University of Bridgeport\u00b4s Center of Excellence in Generative Medicine.<\/p>\n<p>D\u00b4Adamo pr\u00e4gte den Begriff \u201eGenerative Medizin\u201c, zur Identifizierung eines medizinischen Fachgebietes das darauf abzielt, die Selbstheilung des K\u00f6rpers zu identifizieren und es so dem Arzt zu erm\u00f6glicht in Partnerschaft mit Ihnen daran teilzunehmen. Dies wird erreicht durch die Anwendung der Werkzeuge der Systembiologie und der Bioinformatik auf die komplexen Verhaltensweisen bei Gesundheit und Krankheit. Dieser Ansatz erm\u00f6glicht mehr Sicherheit und mehr individuelle Behandlungen bei Krankheit und die Verbesserung und Optimierung von Gesundheit und Wohlbefinden.<\/p>\n","protected":false},"excerpt":{"rendered":"<p>Peter James D&#8217;Adamo (geboren 17. Juli 1956) ist ein US-amerikanischer Autor, Arzt der Naturheilkunde, Forscher und Lehrer. Er gilt als ein Weltweiter Experte in Glykobiologie, vor allem in Bezug auf die Blutgruppen ABO (ABH) und Secretor (FUT2)-Polymorphismen. D &#8218; Adamo &hellip;<\/p>\n<p class=\"read-more\"> <a class=\"more-link\" href=\"https:\/\/www.4blutgruppen.de\/?page_id=195\"> <span class=\"screen-reader-text\">Dr. Peter D\u00b4Adamo<\/span> Read More &raquo;<\/a><\/p>\n","protected":false},"author":3,"featured_media":0,"parent":0,"menu_order":0,"comment_status":"closed","ping_status":"open","template":"content-sidebar-page.php","meta":{"footnotes":""},"class_list":["post-195","page","type-page","status-publish","hentry"],"_links":{"self":[{"href":"https:\/\/www.4blutgruppen.de\/index.php?rest_route=\/wp\/v2\/pages\/195","targetHints":{"allow":["GET"]}}],"collection":[{"href":"https:\/\/www.4blutgruppen.de\/index.php?rest_route=\/wp\/v2\/pages"}],"about":[{"href":"https:\/\/www.4blutgruppen.de\/index.php?rest_route=\/wp\/v2\/types\/page"}],"author":[{"embeddable":true,"href":"https:\/\/www.4blutgruppen.de\/index.php?rest_route=\/wp\/v2\/users\/3"}],"replies":[{"embeddable":true,"href":"https:\/\/www.4blutgruppen.de\/index.php?rest_route=%2Fwp%2Fv2%2Fcomments&post=195"}],"version-history":[{"count":1,"href":"https:\/\/www.4blutgruppen.de\/index.php?rest_route=\/wp\/v2\/pages\/195\/revisions"}],"predecessor-version":[{"id":956,"href":"https:\/\/www.4blutgruppen.de\/index.php?rest_route=\/wp\/v2\/pages\/195\/revisions\/956"}],"wp:attachment":[{"href":"https:\/\/www.4blutgruppen.de\/index.php?rest_route=%2Fwp%2Fv2%2Fmedia&parent=195"}],"curies":[{"name":"wp","href":"https:\/\/api.w.org\/{rel}","templated":true}]}}