{"id":176,"date":"2013-12-14T00:39:47","date_gmt":"2013-12-13T22:39:47","guid":{"rendered":"http:\/\/4blutgruppen.metapublic.com\/?page_id=176"},"modified":"2014-02-13T14:13:08","modified_gmt":"2014-02-13T12:13:08","slug":"dr-joseph-pizzorno","status":"publish","type":"page","link":"https:\/\/www.4blutgruppen.de\/?page_id=176","title":{"rendered":"Dr. Joseph Pizzorno: Ein medizinischer Durchbruch"},"content":{"rendered":"<h2><span style=\"color: #0000ff;\">Ein medizinischer Durchbruch auf Jahrhunderte<\/span><\/h2>\n<p>Wir leben in einer unglaublich aufregenden Zeit f\u00fcr die naturheilkundliche Medizin. Die moderne Schulmedizin hat endlich die analytischen Mittel und die Informationsgrundlage bereitgestellt, mit denen wir die Mechanismen der jahrhundertealten Weisheit des Heilens verstehen k\u00f6nnen. Von den zahlreichen Gesundheitslehren weltweit wurden nur wenige einer wissenschaftlichen Pr\u00fcfung unterzogen, da es nicht viele Naturmediziner gibt, die die fachliche Bef\u00e4higung oder die emotionale Neigung haben, sich gr\u00fcndlich mit der Forschungsliteratur zu befassen. Damit die Naturmedizin zu einem integralen Bestandteil des heutigen Gesundheitssystems werden kann, muss sie die Erwartungen erf\u00fcllen, die man heute an Verl\u00e4sslichkeit und Glaubw\u00fcrdigkeit stellt.<\/p>\n<p>Die Bastyr-Universit\u00e4t in Seattle im Bundesstaat Washington hat diese Anspr\u00fcche erwiesenerma\u00dfen erf\u00fcllt. Die 1978 gegr\u00fcndete Hochschule hat es seither als ihre Aufgabe betrachtet, allen Menschen den Nutzen einer glaubw\u00fcrdigen Naturmedizin auf der Basis wissenschaftlicher Forschungen bekannt zu machen. Die Bastyr-Universit\u00e4t bietet eine staatlich anerkannte, qualitativ hochstehende Ausbildung, aufschlussreiche Forschungsarbeiten und leistungsf\u00e4hige klinische Dienste auf dem Gebiet der Naturheilmedizin. Ihre Absolventen sind auf ihrem Gebiet f\u00fchrend.<\/p>\n<p>Dr. Peter D\u00b4Adamo absolvierte 1982 sein Studium als einer der ersten im Studiengang Naturheilmedizin. Seine bahnbrechende Forschungsarbeit k\u00f6nnte die Praxis der Medizin f\u00fcr die n\u00e4chsten Jahrhunderte ver\u00e4ndern. Ausgehend von den Theorien seines Vaters hinsichtlich der Bedeutung der Blutgruppe f\u00fcr die Vorhersage der biochemischen Reaktionsweise eines Menschen, hat D\u00b4Adamo seit mehr als einem Jahrzehnt mit Studenten der Bastyr-Universit\u00e4t zusammengearbeitet und dabei mehr als 1000 Aufs\u00e4tze der wissenschaftlichen Forschungsliteratur durchgearbeitet. Dieses ersch\u00f6pfende Studium der medizinischen und anthropologischen Forschungsarbeiten, kombiniert mit klinischer Beobachtung und wissenschaftlicher Forschungsarbeit, reifte zu einer zusammenh\u00e4ngenden Theorie mit einem glaubw\u00fcrdigen Fundament. Die vernunftgepr\u00e4gten Leits\u00e4tze , die D\u00b4Adamo entwickelte, werden die Gesundheit des Menschen grundlegend verbessern und ein tieferes Verst\u00e4ndnis daf\u00fcr liefern, wie die genetische Herkunft eines Menschen seine Biochemie bestimmt und seine Anf\u00e4lligkeit f\u00fcr Krankheiten und Umwelteinfl\u00fcsse, einschlie\u00dflich der Ern\u00e4hrung, diktiert. Dieses Werk wird \u00c4rzten, die sich mit der Bahndlung vieler Krankheiten befassen, deren Ursachen noch nicht bekannt sind, mit Sicherheit wichtige Einsichten liefern. Ich erfuhr von diesem einzigartigen Konzept zur Verwendung der Blutgruppen, mit denen sich die jeweils besonderen Ern\u00e4hrungs- und biochemischen Bed\u00fcrfnisse eines Menschen besser verstehen lassen, als D\u00b4Adamo an der Bastyr-Univiersit\u00e4t studierte. Einer der Kurse, die ich in dem Studiengang Naturheilmedizin gab, erforderte, dass die Studenten ein sie interessierendes Thema sorgf\u00e4ltig recherchierten und den Kursteilnehmern in sowohl schriftlicher als auch m\u00fcndlicher Form vorstellten. W\u00e4hrend einer besonders denkw\u00fcrdigen Seminarsitzung im Jahr 1981 sorgte D\u00b4Adamo f\u00fcr erhebliche Aufregung und eine lebhafte Diskussion, als er unerwartet die Theorie vorstellte, die sein Vater aus der Intuition heraus entwickelt hatte: n\u00e4mlich, dass die Blutgruppe ein bestimmender Faktor der Gesundheit sein kann. Wie zu erwarten war, wurden weitaus mehr Fragen gestellt, als D\u00b4Adamo beantworten konnte. Das gro\u00dfe Interesse und die vielen aufschlussreichen Fragen schienen seine intellektuelle Neugierde besonders anzustacheln und ihn anzuregen, seine bedeutende Arbeit fortzusetzen.<\/p>\n<p>Im Laufe der n\u00e4chsten Jahre hat D\u00b4Adamo zahlreiche Studien durchgef\u00fchrt. Ich erinnere mich an viele faszinierende Gespr\u00e4che, die dazu f\u00fchrten, dass ich einige besonders gute Studenten der Bastyr-Universit\u00e4t heranzog, ihm bei der Durchsicht der medizinischen und anthropologischen Fachliteratur zu helfen. In diesen Jahren rief er mich h\u00e4ufig an, weil er mich an seiner Begeisterung teilhaben lassen wollte, als er die \u00fcberraschend gro\u00dfe Menge relevanter Forschungen aufdeckte, die in einem breiten Spektrum wissenschaftlicher F\u00e4cher durchgef\u00fchrt worden waren. Doch erst D\u00b4Adamo hat das Bild zusammengef\u00fcgt und die Implikationen der unterschiedlichen Forschungsergebnisse durchdacht.<\/p>\n<p>Seine Untersuchungen gipfelten 1989 in seiner bahnbrechenden Rede auf der Jahresversammlung der American Association of Naturophatic Physicians in Rippling River, im Bundesstaat Oregon. Die Zuh\u00f6rerschaft war begeistert von der klinischen Anwendbarkeit der Studien, so dass sich eine lebhafte Diskussion anschloss. Seither setzen viele Kliniker in leitender Stellung D\u00b4Adamos Blutgruppendi\u00e4t in der Praxis ein.<\/p>\n<p>Hippokrates soll gesagt haben: \u201eLasst eure Arzneien eure Nahrungsmittel sein und eure Nahrungsmittel eure Medizin.\u201c Aber wie soll man das erreichen? Zu den gr\u00f6\u00dften Herausforderungen, mit denen sich jeder passionierte Arzt konfrontiert sieht, z\u00e4hlt die Festlegung der Kost, die er Patienten empfehlen soll. Zwar ist es relativ einfach, allen Menschen zu sagen, sie sollten sich ausgewogen ern\u00e4hren und nur Lebensmittel aus biologisch-kontrolliertem Anbau und artgerechter Tierhaltung zu sich nehmen, doch \u00fcbersieht man dabei die Einzigartigkeit des betreffenden Menschen. Genetische und Umweltfaktoren \u00e4ndern den Stoffwechsel einer Person drastisch, so dass ein Arzt ohne ein Instrumentarium zur objektiven Bestimmung dieser \u00c4nderungen nur raten oder die neueste Theorie blind anwenden kann. Im Laufe der Jahrhunderte sind zahlreiche Theorien \u00fcber die M\u00f6glichkeiten zur Verbesserung der E\u00dfgewohnheiten gekommen und gegangen, aber keine dieser Lehren hat den Test der Zeit \u00fcberdauert, denn keine gr\u00fcndete auf Forschungsergebnissen. Dank der Arbeiten von Dr. Peter D\u00b4Adamo und seines Vaters Dr. James D\u00b4Adamo hat sich das jetzt ge\u00e4ndert. Hier liegt nun das Zeugnis der Tatsache vor, dass die urspr\u00fcnglichen Ideen in Verbindung mit einer streng wissenschaftlichen Sichtweise den Lauf der Medizin \u00e4ndern k\u00f6nnen.<\/p>\n<p>Dr. Joseph Pizzorno, Arzt f\u00fcr Naturheilkunde<\/p>\n<p>Rektor der Bastyr-Universit\u00e4t<\/p>\n<p>&nbsp;<\/p>\n<p>Quelle: 4 Blutgruppen \u2013 Vier Strategien f\u00fcr ein gesundes Leben, von Dr. Peter D\u00b4Adamo, Piper Verlag<\/p>\n","protected":false},"excerpt":{"rendered":"<p>Ein medizinischer Durchbruch auf Jahrhunderte Wir leben in einer unglaublich aufregenden Zeit f\u00fcr die naturheilkundliche Medizin. Die moderne Schulmedizin hat endlich die analytischen Mittel und die Informationsgrundlage bereitgestellt, mit denen wir die Mechanismen der jahrhundertealten Weisheit des Heilens verstehen k\u00f6nnen. &hellip;<\/p>\n<p class=\"read-more\"> <a class=\"more-link\" href=\"https:\/\/www.4blutgruppen.de\/?page_id=176\"> <span class=\"screen-reader-text\">Dr. Joseph Pizzorno: Ein medizinischer Durchbruch<\/span> Read More &raquo;<\/a><\/p>\n","protected":false},"author":3,"featured_media":0,"parent":0,"menu_order":0,"comment_status":"closed","ping_status":"open","template":"content-sidebar-page.php","meta":{"footnotes":""},"class_list":["post-176","page","type-page","status-publish","hentry"],"_links":{"self":[{"href":"https:\/\/www.4blutgruppen.de\/index.php?rest_route=\/wp\/v2\/pages\/176","targetHints":{"allow":["GET"]}}],"collection":[{"href":"https:\/\/www.4blutgruppen.de\/index.php?rest_route=\/wp\/v2\/pages"}],"about":[{"href":"https:\/\/www.4blutgruppen.de\/index.php?rest_route=\/wp\/v2\/types\/page"}],"author":[{"embeddable":true,"href":"https:\/\/www.4blutgruppen.de\/index.php?rest_route=\/wp\/v2\/users\/3"}],"replies":[{"embeddable":true,"href":"https:\/\/www.4blutgruppen.de\/index.php?rest_route=%2Fwp%2Fv2%2Fcomments&post=176"}],"version-history":[{"count":1,"href":"https:\/\/www.4blutgruppen.de\/index.php?rest_route=\/wp\/v2\/pages\/176\/revisions"}],"predecessor-version":[{"id":999,"href":"https:\/\/www.4blutgruppen.de\/index.php?rest_route=\/wp\/v2\/pages\/176\/revisions\/999"}],"wp:attachment":[{"href":"https:\/\/www.4blutgruppen.de\/index.php?rest_route=%2Fwp%2Fv2%2Fmedia&parent=176"}],"curies":[{"name":"wp","href":"https:\/\/api.w.org\/{rel}","templated":true}]}}