{"id":172,"date":"2013-12-14T00:32:57","date_gmt":"2013-12-13T22:32:57","guid":{"rendered":"http:\/\/4blutgruppen.metapublic.com\/?page_id=172"},"modified":"2014-02-13T16:00:42","modified_gmt":"2014-02-13T14:00:42","slug":"weizen","status":"publish","type":"page","link":"https:\/\/www.4blutgruppen.de\/?page_id=172","title":{"rendered":"Weizen"},"content":{"rendered":"<p>\u201eDer Mensch lebt nicht von Brot allein\u201c \u2013 so lautet eine tiefsch\u00fcrfende philosophische Bemerkung. Doch es sieht ganz danach aus, als habe die Menschheit in ihrer Mehrheit \u00fcberhaupt niemals von Brot gelebt oder zumindest von dem Brot, wie wir es heute kennen. Viele Menschen vertragen keinen Weizen, doch einem Gro\u00dfteil wird dies gar nicht bewusst, weil sich die Auswirkungen dieser Unvertr\u00e4glichkeit nicht immer durch leicht erkennbare Symptome offenbaren. Weizenproteine enthalten einen betr\u00e4chtlichen Anteil an Gluten und Gliadin \u2013 Proteine, die sich auch in zahlreichen anderen Getreidesorten finden. Aber die Kreuzreaktivit\u00e4t des Immunsystems ist gegen\u00fcber Weizengliadin wesentlich ausgepr\u00e4gter als gegen\u00fcber jenem anderer Getreide. Gluten- und Gliadin\u00fcberempfindlichkeit spielt f\u00fcr eine gesunde Verdauungst\u00e4tigkeit eine nicht unerhebliche Rolle.<\/p>\n<p>Bei der H\u00e4lfte \u2013 also vollen 50 Prozent \u2013 aller Menschen, die \u00fcber Verdauungsprobleme klagen, sind Antik\u00f6rper gegen Gliadin im Serum nachweisbar. Die Mehrheit, das hei\u00dft 9 von 10 Personen mit Glutenunvertr\u00e4glichkeit, deren Probleme man im Rahmen von Familien- beziehungsweise Reihenuntersuchungen auf die Spur kam, haben trotz nachweislich gesch\u00e4digter Darmschleimhaut keinerlei Beschwerden.<\/p>\n<p>Das als Weizenkeim-Agglutinin bezeichnete Weizenlektin stellt f\u00fcr viele Menschen ein schwerwiegendes, wenn auch weithin unerkanntes Ern\u00e4hrungsproblem dar. Wie die meisten Nahrungslektine widersetzt sich Weizenkeim-Agglutinin der Aufspaltung und \u00fcbt zudem einen metabolischen und hormonalen Effekt aus.<\/p>\n<p>Dieses Lektin ahmt die Wirkung von Insulin auf den Insulinrezeptor nach und ist folglich eines der am h\u00e4ufigsten verwendeten Molek\u00fcle bei der wissenschaftlichen Untersuchung der Dynamik des Insulinstoffwechsels. Obwohl in der Molekularbiologie ein anerkanntes Faktum, erscheint es mir doch merkw\u00fcrdig, dass offenbar niemand \u00fcber die tats\u00e4chliche Bedeutung eines solchen Ph\u00e4nomens nachdenkt. So existiert beispielsweise eine Studie, der zufolge etwa 20 Prozent der Patienten mit insulinabh\u00e4ngigem Diabetes mellitus (IDDM) Antik\u00f6rper gegen das Weizenkeimlektin in ihrem Blut aufweisen.<\/p>\n<p>Ihre Anf\u00e4lligkeit f\u00fcr die negativen Auswirkungen des Weizenkeim-Agglutinins h\u00e4ngt von Ihrer Blutgruppe ab. Manches deutet darauf hin, dass das im Darm vorhandene Typ-A-Antigen sich an das Weizenkeim-Agglutinin bindet und damit Secretoren der Blutgruppen A und AB in die Lage versetzt, die Effekte des Weizenkeimlektins abzuschw\u00e4chen. Dies geschieht, indem das Lektin an das freie Blutgruppen-Antigen im Verdauungssaft gebunden wird, noch ehe es irgendwelchen Schaden anrichten kann. Im Falle von Non-Sekretoren w\u00e4re dies nicht m\u00f6glich.<\/p>\n<p>&nbsp;<\/p>\n<p>Quelle: Buch \u201e4 Blutgruppen \u2013 Richtig leben\u201c, von Dr. D\u00b4Adamo<\/p>\n","protected":false},"excerpt":{"rendered":"<p>\u201eDer Mensch lebt nicht von Brot allein\u201c \u2013 so lautet eine tiefsch\u00fcrfende philosophische Bemerkung. Doch es sieht ganz danach aus, als habe die Menschheit in ihrer Mehrheit \u00fcberhaupt niemals von Brot gelebt oder zumindest von dem Brot, wie wir es &hellip;<\/p>\n<p class=\"read-more\"> <a class=\"more-link\" href=\"https:\/\/www.4blutgruppen.de\/?page_id=172\"> <span class=\"screen-reader-text\">Weizen<\/span> Read More &raquo;<\/a><\/p>\n","protected":false},"author":3,"featured_media":0,"parent":0,"menu_order":0,"comment_status":"closed","ping_status":"open","template":"content-sidebar-page.php","meta":{"footnotes":""},"class_list":["post-172","page","type-page","status-publish","hentry"],"_links":{"self":[{"href":"https:\/\/www.4blutgruppen.de\/index.php?rest_route=\/wp\/v2\/pages\/172","targetHints":{"allow":["GET"]}}],"collection":[{"href":"https:\/\/www.4blutgruppen.de\/index.php?rest_route=\/wp\/v2\/pages"}],"about":[{"href":"https:\/\/www.4blutgruppen.de\/index.php?rest_route=\/wp\/v2\/types\/page"}],"author":[{"embeddable":true,"href":"https:\/\/www.4blutgruppen.de\/index.php?rest_route=\/wp\/v2\/users\/3"}],"replies":[{"embeddable":true,"href":"https:\/\/www.4blutgruppen.de\/index.php?rest_route=%2Fwp%2Fv2%2Fcomments&post=172"}],"version-history":[{"count":1,"href":"https:\/\/www.4blutgruppen.de\/index.php?rest_route=\/wp\/v2\/pages\/172\/revisions"}],"predecessor-version":[{"id":1015,"href":"https:\/\/www.4blutgruppen.de\/index.php?rest_route=\/wp\/v2\/pages\/172\/revisions\/1015"}],"wp:attachment":[{"href":"https:\/\/www.4blutgruppen.de\/index.php?rest_route=%2Fwp%2Fv2%2Fmedia&parent=172"}],"curies":[{"name":"wp","href":"https:\/\/api.w.org\/{rel}","templated":true}]}}