{"id":170,"date":"2013-12-14T00:30:49","date_gmt":"2013-12-13T22:30:49","guid":{"rendered":"http:\/\/4blutgruppen.metapublic.com\/?page_id=170"},"modified":"2014-02-20T15:04:53","modified_gmt":"2014-02-20T13:04:53","slug":"verbindungen-zu-arthritis","status":"publish","type":"page","link":"https:\/\/www.4blutgruppen.de\/?page_id=170","title":{"rendered":"Verbindungen zu Arthritis"},"content":{"rendered":"<p><strong><span style=\"color: #0000ff;\">Blutgruppe O: Der Psyche \/ K\u00f6rper-Faktor<\/span><\/strong><\/p>\n<p>Einige entz\u00fcndliche Autoimmunerkrankungen wie Fibromyalgie, stehen vermutlich mit Abnormalit\u00e4ten des neuroendokrinen Systems in Verbindung &#8211; insbesondere der Regulierung von Noradrenalin und Dopamin. Aus diesem Grund leiden viele Menschen die diese Vorraussetzungen erf\u00fcllen, an Depressionen. Dieser Befund hat eine besondere Relevanz f\u00fcr Blutgruppe O Individuen. Aufgrund einer Verbindung zwischen dem Blutgruppen Gen und dem Dopamin Beta Hydroxylase Gen, habe es Menschen mit der Blutgruppe O schwerer, Dopamin zu regulieren. Dopamin ist ein chemisches Element, das eng mit der Aktivit\u00e4t des S\u00e4ttigungs- oder Vergn\u00fcgungszentrums des Gehirns verbunden ist. Dieses Ungleichgewicht ist eine m\u00f6gliche Erkl\u00e4rung f\u00fcr die allgemeine Anf\u00e4lligkeit von Blutgruppe O zu manisch-depressiven Krankheiten. Somit sehen wir eine weitere Verbindung mit bestimmten entz\u00fcndlichen Krankheiten, f\u00fcr die Blut-Typ O ebenso anf\u00e4llig ist. Unterm Strich: Menschen der Blutgruppe O mit Arthritis neigen eher dazu, an Depressionen zu leiden.<\/p>\n<p><strong><span style=\"color: #0000ff;\">Blutgruppe A: Warnsignal Herzinfarkt<\/span><\/strong><\/p>\n<p>Neue Informationen \u00fcber den Zusammenhang zwischen Arthritis und einem erh\u00f6hten Risiko f\u00fcr Herzinfarkt haben eine besondere Bedeutung f\u00fcr Frauen der Blutgruppe A. Forscher am Brigham and Women&#8217;s Hospital fanden heraus, dass Frauen mit rheumatoider Arthritis ein doppelt so hohes Risiko f\u00fcr Herzinfarkt hatten, im Vergleich zu Frauen ohne rheumatoide Arthritis. Diejenigen, die diese gemeinsamen Voraussetzungen \u00fcber einen Zeitraum von mindestens zehn Jahre haben, sind mit einem dreimal so hohen Risiko f\u00fcr Herzinfarkt konfrontiert als Menschen, die nicht an rheumatioder Arthris leiden. Es gibt zahlreiche Beweise daf\u00fcr, dass Menschen der Blutgruppe A, die \u00fcbergewichtig sind, zu hohe Cholesterinwerte haben, und Diabetiker sind, sich einer gro\u00dfen Gefahr f\u00fcr Herzinfarkt aussetzen. Nun sehen wir, dass es auch eine Verbindung zu Arthritis gibt, und diese Verbindung ist eine Entz\u00fcndung. Ein Grund mehr, um sich nach der Blutgruppen-Ern\u00e4hrung zu richten.<\/p>\n<p><strong><span style=\"color: #0000ff;\">Blutgruppe B: Der Stress-Faktor<\/span><\/strong><\/p>\n<p>Eine hohe Stressbelastung ist an vielen Krankheiten beteiligt, und Untersuchungen zeigen, dass Stress eine Rolle bei Autoimmunerkrankungen wie auch bei Arthritis spielt. Stress hat auch Auswirkungen auf die Schwere der Erkrankung. Unter Stress-Situationen produziert Blutgruppe B mehr von dem Stress-Hormon Kortisol und hat M\u00fche dies aus dem K\u00f6rper wieder zu entfernen, wenn das belastende Ereignis vorbei ist. Das bedeutet, dass Blutgruppe B dazu neigt, in einem physiologischen Zustand von Stress sein, auch wenn die \u00e4u\u00dferen Umst\u00e4nde nicht stressig sind.<\/p>\n<p>F\u00fcr Blutgruppe B, ist diese sch\u00e4dliche Stress-Reaktion eine Folge des Ungleichgewichts. Wenn Ihr Immun\u00fcberwachungssystem im Gleichgewicht ist, was Sie anstreben sollten, sind Sie in der Lage, Stress, Angst und Depression abzuwehren und als kraftvolles Geschenk f\u00fcr Entspannung und Visualisierung zu nutzen. Ihr Fokus zur Erreichung der K\u00f6rper-Seele-Integrit\u00e4t muss auf der Senkung Ihres Cortisolspiegels und der Steigerung Ihrer mentalen Sch\u00e4rfe liegen.<\/p>\n<p><span style=\"color: #0000ff;\"><strong>Blutgruppe AB<\/strong><\/span><\/p>\n<p>Blutgruppe AB scheint eine Mischung aus A-und B Risikofaktoren f\u00fcr Arthrose zu sein, mit einigen einzigartigen Faktoren, die sich aus dem Fehlen Entgegengesetzter Blutgruppen Antik\u00f6rper ergibt. Wie bei Blutgruppe A geht auch bei Typ AB der Weg zu Arthritis \u00fcber die \u00dcberstimulation der Adh\u00e4sionsmolek\u00fcle (Selektine) an den W\u00e4nden der Blutgef\u00e4\u00dfe, was eine \u00fcberm\u00e4\u00dfige wei\u00dfe Blutk\u00f6rperchen Migration im Gewebe erm\u00f6glicht und eine Entz\u00fcndung ausl\u00f6st. Wie bei Blutgruppe B, ist auch Typ AB anf\u00e4llig f\u00fcr virale und bakterielle Infektionen, und diese wiederum k\u00f6nnen autoimmune entz\u00fcndliche Reaktionen ausl\u00f6sen, die h\u00e4ufig durch eine Inaktivierung oder durch eine Blockierung der F\u00e4higkeit der Leber zur normalen Entgiftung von Stoffwechselschlacken erg\u00e4nzt werden.<\/p>\n<p>&nbsp;<\/p>\n<p>Quelle: Arthritis \u2013 Fight it with the Blood Type Diet, von Peter D\u00b4Adamo<\/p>\n","protected":false},"excerpt":{"rendered":"<p>Blutgruppe O: Der Psyche \/ K\u00f6rper-Faktor Einige entz\u00fcndliche Autoimmunerkrankungen wie Fibromyalgie, stehen vermutlich mit Abnormalit\u00e4ten des neuroendokrinen Systems in Verbindung &#8211; insbesondere der Regulierung von Noradrenalin und Dopamin. Aus diesem Grund leiden viele Menschen die diese Vorraussetzungen erf\u00fcllen, an Depressionen. &hellip;<\/p>\n<p class=\"read-more\"> <a class=\"more-link\" href=\"https:\/\/www.4blutgruppen.de\/?page_id=170\"> <span class=\"screen-reader-text\">Verbindungen zu Arthritis<\/span> Read More &raquo;<\/a><\/p>\n","protected":false},"author":3,"featured_media":0,"parent":0,"menu_order":0,"comment_status":"closed","ping_status":"open","template":"content-sidebar-page.php","meta":{"footnotes":""},"class_list":["post-170","page","type-page","status-publish","hentry"],"_links":{"self":[{"href":"https:\/\/www.4blutgruppen.de\/index.php?rest_route=\/wp\/v2\/pages\/170","targetHints":{"allow":["GET"]}}],"collection":[{"href":"https:\/\/www.4blutgruppen.de\/index.php?rest_route=\/wp\/v2\/pages"}],"about":[{"href":"https:\/\/www.4blutgruppen.de\/index.php?rest_route=\/wp\/v2\/types\/page"}],"author":[{"embeddable":true,"href":"https:\/\/www.4blutgruppen.de\/index.php?rest_route=\/wp\/v2\/users\/3"}],"replies":[{"embeddable":true,"href":"https:\/\/www.4blutgruppen.de\/index.php?rest_route=%2Fwp%2Fv2%2Fcomments&post=170"}],"version-history":[{"count":1,"href":"https:\/\/www.4blutgruppen.de\/index.php?rest_route=\/wp\/v2\/pages\/170\/revisions"}],"predecessor-version":[{"id":1077,"href":"https:\/\/www.4blutgruppen.de\/index.php?rest_route=\/wp\/v2\/pages\/170\/revisions\/1077"}],"wp:attachment":[{"href":"https:\/\/www.4blutgruppen.de\/index.php?rest_route=%2Fwp%2Fv2%2Fmedia&parent=170"}],"curies":[{"name":"wp","href":"https:\/\/api.w.org\/{rel}","templated":true}]}}