{"id":168,"date":"2013-12-14T00:28:47","date_gmt":"2013-12-13T22:28:47","guid":{"rendered":"http:\/\/4blutgruppen.metapublic.com\/?page_id=168"},"modified":"2014-02-12T22:22:56","modified_gmt":"2014-02-12T20:22:56","slug":"arthritis-die-komplexitaet-der-bewegung","status":"publish","type":"page","link":"https:\/\/www.4blutgruppen.de\/?page_id=168","title":{"rendered":"Arthritis &#8211; die Komplexit\u00e4t der Bewegung"},"content":{"rendered":"<p>Der menschliche K\u00f6rper hat 120 Gelenke \u2013 bewegliche Verbindungen von Knochen. Knorpel an den Gelenkenden dient als Polsterung und erm\u00f6glicht so die Bewegung. Es ist ein bemerkenswertes System, t\u00e4glich befindet es sich tausendmal im Einsatz, wann immer Sie einen Bleistift aufheben, sich ankleiden, aus einer sitzenden Position heraus aufstehen, Ihren Kopf drehen, eine Gabel zu Ihrem Mund f\u00fchren, ein Gef\u00e4\u00df \u00f6ffnen, in Ihre Tasche greifen oder einen Raum durchqueren. Wenn Sie nie unter Gelenkschmerzen gelitten haben, f\u00fchren Sie diese gew\u00f6hnlichen Bewegungen aus, ohne sich Gedanken dar\u00fcber zu machen. Arthritis \u00e4ndert alles. Die einfachsten T\u00e4tigkeiten werden unermesslich schwierig und manchmal auch unm\u00f6gliche &#8211; Arthritis l\u00e4sst junge Leute sich alt f\u00fchlen, und sie beraubt \u00e4ltere Menschen die letzten Reste ihrer Unabh\u00e4ngigkeit.<\/p>\n<p>Arthritis kann eine schwer zu definierende Krankheit sein. Obgleich das Wort buchst\u00e4blich Entz\u00fcndung (it is, in deutsch \u201ees ist\u201c) des Gelenkes (arth) bedeutet, ist es ein Krankheitssyndrom, das mehr als hundert Gegebenheiten umfa\u00dft, mit einer Vielzahl von Gr\u00fcnden. Arthritis geht von den Verschlei\u00dferscheinungen einer Arthrose \u00fcber die entz\u00fcndlichen Effekten einer rheumatoiden Arthritis bis hin zu Krankheiten wie Fibromyalgia und Skerodermie. Mehr als 45 Million Amerikaner leiden unter Arthritis.<\/p>\n<p>Die zwei h\u00e4ufigsten Formen von Arthritis sind Arthrose und rheumatoide Arthritis. Arthrose ist eine Abnahme des Knorpels in einem oder mehreren Gelenken. Mehr als die H\u00e4lfte aller Menschen die an Arthrose leiden, sind \u00fcber f\u00fcnfundsechzig Jahre alt. Rheumatoide Arthritis ist eine entz\u00fcndliche Allgemeinerkrankung die die Synovium (Gelenkinnenhaut) angreift (die Membranen, die die Gelenke umgeben). Sie wird durch eine Funktionsst\u00f6rung im Immunsystem ausgel\u00f6st und kann in jedem m\u00f6glichem Alter auftreten.<\/p>\n<p>&nbsp;<\/p>\n<h4><span style=\"color: #0000ff;\">Entz\u00fcndungshemmende Nahrungsmittel bei Arthritis:<\/span><\/h4>\n<p><span style=\"color: #0000ff;\">Blutgruppe O<\/span>: Rotes, mageres Fleisch von biologischen gras-gef\u00fctterten Tieren. Lein\u00f6l, Oliven\u00f6l, Zwiebeln, S\u00fc\u00dfkartoffeln, Spinat, Ananas, Blaubeeren, Kirschen, Holunderbeeren, Ingwer, Cayennepfeffer, Gr\u00fcner Tee<\/p>\n<p><span style=\"color: #0000ff;\">Blutgruppe A<\/span>: Nahrungsmittel aus Soja, Lein\u00f6l, Oliven\u00f6l, Zwiebeln, Broccoli, Spinat, Avocado, Ananas, Blaubeeren, Kirschen, Holunderbeeren, Ingwer, Kurkuma, Gr\u00fcner Tee<\/p>\n<p><span style=\"color: #0000ff;\">Blutgruppe B<\/span>: Lamm, Ziege, Hammelfleisch. Joghurt, Kefir, Ghee, Oliven\u00f6l, Lein\u00f6l, Zwiebeln, Broccoli, Blaubeeren, Kirschen, Holunderbeeren, Ananas, Ingwer, Licorice (S\u00fc\u00dfholzwurzel), Gr\u00fcner Tee<\/p>\n<p><span style=\"color: #0000ff;\">Blutgruppe AB<\/span>: Nahrungsmittel aus Soja, Eier, Joghurt, Kefir, Oliven\u00f6l, Lein\u00f6l, Waln\u00fcsse, Broccoli, Blumenkohl, Tomaten, Zwiebeln, Knoblauch, Blaubeeren, Kirschen, Holunderbeeren, Grapefrucht, Gr\u00fcner Tee<\/p>\n<p>&nbsp;<\/p>\n<p>Quelle: Arthritis \u2013 fight it with the Blood Type Diet, von Peter D\u00b4Adamo<\/p>\n","protected":false},"excerpt":{"rendered":"<p>Der menschliche K\u00f6rper hat 120 Gelenke \u2013 bewegliche Verbindungen von Knochen. Knorpel an den Gelenkenden dient als Polsterung und erm\u00f6glicht so die Bewegung. Es ist ein bemerkenswertes System, t\u00e4glich befindet es sich tausendmal im Einsatz, wann immer Sie einen Bleistift &hellip;<\/p>\n<p class=\"read-more\"> <a class=\"more-link\" href=\"https:\/\/www.4blutgruppen.de\/?page_id=168\"> <span class=\"screen-reader-text\">Arthritis &#8211; die Komplexit\u00e4t der Bewegung<\/span> Read More &raquo;<\/a><\/p>\n","protected":false},"author":3,"featured_media":0,"parent":0,"menu_order":0,"comment_status":"closed","ping_status":"open","template":"content-sidebar-page.php","meta":{"footnotes":""},"class_list":["post-168","page","type-page","status-publish","hentry"],"_links":{"self":[{"href":"https:\/\/www.4blutgruppen.de\/index.php?rest_route=\/wp\/v2\/pages\/168","targetHints":{"allow":["GET"]}}],"collection":[{"href":"https:\/\/www.4blutgruppen.de\/index.php?rest_route=\/wp\/v2\/pages"}],"about":[{"href":"https:\/\/www.4blutgruppen.de\/index.php?rest_route=\/wp\/v2\/types\/page"}],"author":[{"embeddable":true,"href":"https:\/\/www.4blutgruppen.de\/index.php?rest_route=\/wp\/v2\/users\/3"}],"replies":[{"embeddable":true,"href":"https:\/\/www.4blutgruppen.de\/index.php?rest_route=%2Fwp%2Fv2%2Fcomments&post=168"}],"version-history":[{"count":1,"href":"https:\/\/www.4blutgruppen.de\/index.php?rest_route=\/wp\/v2\/pages\/168\/revisions"}],"predecessor-version":[{"id":932,"href":"https:\/\/www.4blutgruppen.de\/index.php?rest_route=\/wp\/v2\/pages\/168\/revisions\/932"}],"wp:attachment":[{"href":"https:\/\/www.4blutgruppen.de\/index.php?rest_route=%2Fwp%2Fv2%2Fmedia&parent=168"}],"curies":[{"name":"wp","href":"https:\/\/api.w.org\/{rel}","templated":true}]}}