{"id":166,"date":"2013-12-14T00:25:30","date_gmt":"2013-12-13T22:25:30","guid":{"rendered":"http:\/\/4blutgruppen.metapublic.com\/?page_id=166"},"modified":"2014-02-12T22:10:57","modified_gmt":"2014-02-12T20:10:57","slug":"arthritis","status":"publish","type":"page","link":"https:\/\/www.4blutgruppen.de\/?page_id=166","title":{"rendered":"Arthritis"},"content":{"rendered":"<p>Vor einigen Jahren, w\u00e4hrend ich viel Zeit an meinem Computer verbrachte, versteiften sich meine beiden Schultern. Dieser Zustand schien wie aus heiterem Himmel zu kommen. Eines Morgens wachte ich auf, nur um festzustellen, dass jede Bewegung meines Oberk\u00f6rpers schmerzhafte Kr\u00e4mpfe verursachte, die sich \u00fcber meinen oberen R\u00fccken und Nacken ausstrahlten. Wenn ich mich in die falsche Richtung drehte, gab es einen stechenden Schmerz \u00fcber die Vorderseite von meinen Schultern, so stark, als ob ich mich geschnitten h\u00e4tte. Nicht nur, dass ich nicht an meinem Computer arbeiten, Patienten behandeln oder Auto fahren konnte, ich war noch nicht einmal in der Lage die banalsten Aufgaben ohne unertr\u00e4gliche Schmerzen auszuf\u00fchren.<\/p>\n<p>Zuerst dachte ich, es w\u00e4re Muskelkater, aber da nach einigen Tagen keine Verbesserung eintrat, wurde mir klar, dass es ernster war. In der Tat hatte mein Zustand einen Namen \u2013 \u201eFrozen shoulder-Syndrom\u201c (schmerzhafte Schultersteife), wissenschaftlich als adh\u00e4sive Kapsulitis bekannt. Zu den konventionellen Behandlungsmethoden f\u00fcr schweres Frozen Shoulder-Syndrom geh\u00f6ren Kortikosteroid-Injektionen und sogar Operationen. Da ich die Blutgruppendi\u00e4t oft mit gro\u00dfem Erfolg bei der Behandlung von Patienten bei Einschr\u00e4nkungen der Beweglichkeit angewendet hatte, schien es logisch, dass ich mich am besten mit meiner eigenen \u201eMedizin\u201c behandelte.<\/p>\n<p>Wie Sie sich vorstellen k\u00f6nnen, nehme ich die Einhaltung der Di\u00e4t f\u00fcr meinen Typ, Blutgruppe A, ziemlich genau. Aber da ich relativ gesund bin, habe ich mich noch nie so starr an die Befolgung meiner eigenen Di\u00e4t gehalten, wie ich sie f\u00fcr Menschen empfehle, die an einer chronischen Krankheit leiden. Also, nach zwei Wochen schmerzhafter Erfahrungen mit beidseitiger \u201eFrozen Shoulder\u201c, warf ich einen vorsichtigen Blick auf meine Ern\u00e4hrung. Ich eliminierte viele f\u00fcr mich neutrale Lebensmittel, wie Weizen, und konzentrierte mich fast ausschlie\u00dflich auf Lebensmittel, die vorteilhaft f\u00fcr Blutgruppe A sind. Diese zus\u00e4tzliche Einhaltung machte sich bezahlt. Innerhalb von 72 Stunden waren meine Schultern \u201eaufgetaut\u201c, und mein Leben wieder normal.<\/p>\n<p>Nachdem ich es selbst erlebt habe, f\u00fchle ich eine neue Empathie f\u00fcr meine Patienten die an Gelenkschmerzen leiden. Und ich bin mehr denn je \u00fcberzeugt, dass die Blutgruppen-Ern\u00e4hrung einen gro\u00dfen Unterschied f\u00fcr viele Menschen machen kann.<\/p>\n<p>Peter D\u00b4Adamo<\/p>\n","protected":false},"excerpt":{"rendered":"<p>Vor einigen Jahren, w\u00e4hrend ich viel Zeit an meinem Computer verbrachte, versteiften sich meine beiden Schultern. Dieser Zustand schien wie aus heiterem Himmel zu kommen. Eines Morgens wachte ich auf, nur um festzustellen, dass jede Bewegung meines Oberk\u00f6rpers schmerzhafte Kr\u00e4mpfe &hellip;<\/p>\n<p class=\"read-more\"> <a class=\"more-link\" href=\"https:\/\/www.4blutgruppen.de\/?page_id=166\"> <span class=\"screen-reader-text\">Arthritis<\/span> Read More &raquo;<\/a><\/p>\n","protected":false},"author":3,"featured_media":0,"parent":0,"menu_order":0,"comment_status":"closed","ping_status":"open","template":"content-sidebar-page.php","meta":{"footnotes":""},"class_list":["post-166","page","type-page","status-publish","hentry"],"_links":{"self":[{"href":"https:\/\/www.4blutgruppen.de\/index.php?rest_route=\/wp\/v2\/pages\/166","targetHints":{"allow":["GET"]}}],"collection":[{"href":"https:\/\/www.4blutgruppen.de\/index.php?rest_route=\/wp\/v2\/pages"}],"about":[{"href":"https:\/\/www.4blutgruppen.de\/index.php?rest_route=\/wp\/v2\/types\/page"}],"author":[{"embeddable":true,"href":"https:\/\/www.4blutgruppen.de\/index.php?rest_route=\/wp\/v2\/users\/3"}],"replies":[{"embeddable":true,"href":"https:\/\/www.4blutgruppen.de\/index.php?rest_route=%2Fwp%2Fv2%2Fcomments&post=166"}],"version-history":[{"count":1,"href":"https:\/\/www.4blutgruppen.de\/index.php?rest_route=\/wp\/v2\/pages\/166\/revisions"}],"predecessor-version":[{"id":922,"href":"https:\/\/www.4blutgruppen.de\/index.php?rest_route=\/wp\/v2\/pages\/166\/revisions\/922"}],"wp:attachment":[{"href":"https:\/\/www.4blutgruppen.de\/index.php?rest_route=%2Fwp%2Fv2%2Fmedia&parent=166"}],"curies":[{"name":"wp","href":"https:\/\/api.w.org\/{rel}","templated":true}]}}