{"id":160,"date":"2013-12-13T23:52:05","date_gmt":"2013-12-13T21:52:05","guid":{"rendered":"http:\/\/4blutgruppen.metapublic.com\/?page_id=160"},"modified":"2026-04-03T21:25:08","modified_gmt":"2026-04-03T19:25:08","slug":"die-zusammenhaenge-zwischen-blutgruppe-und-gesundheit","status":"publish","type":"page","link":"https:\/\/www.4blutgruppen.de\/?page_id=160","title":{"rendered":"Die Zusammenh\u00e4nge zwischen Blutgruppe und Gesundheit"},"content":{"rendered":"<p>Chemische Substanzen werden seit Jahrtausenden als Medizin genutzt. Wenn ein Schamane oder Medizinmann einen Heiltrank braute, stand nicht nur die medizinische Wirksamkeit dieser Mixtur au\u00dfer Frage, man schrieb ihr auch \u00fcbernat\u00fcrliche Kr\u00e4fte zu. Der Aufguss mochte \u00fcbel riechen und scheu\u00dflich schmecken \u2013 er enthielt Magie, und der auf Heilung hoffende Patient war gern bereit, auch das bitterste Gebr\u00e4u zu schlucken.<\/p>\n<p>Daran hat sich im Prinzip nicht viel ge\u00e4ndert.<\/p>\n<p>Heute verschreiben \u00c4rzte zu viele Medikamente, und Patienten schlucken zu viele Pillen. Der Medikamentenmissbrauch ist zu einem ernsten Problem geworden. Doch im Gegensatz zu anderen Naturheilkundlern, die das gesamte Arzneibuch der Allopathie ablehnen, bin ich der Ansicht, dass wir einen ausgewogeneren und flexibleren Standpunkt einnehmen m\u00fcssen. Die meisten Pr\u00e4parate sind so zusammengesetzt, dass sie bei breiten Bev\u00f6lkerungsschichten wirksam sind, und sollten weiterhin f\u00fcr die Behandlung schwerer und gef\u00e4hrlicher Krankheiten genutzt werden.<\/p>\n<p>Trotzdem muss man auch die Gefahren realistisch sehen: Alle Arzneimittel sind letztendlich Gifte. Die guten Medikamente, die der Mensch im Laufe der Jahrhunderte entdeckt hat, sind selektiv wirkende Gifte. Doch bei einem Gro\u00dfteil der Arzneimittel handelt es sich um unspezifisch, weniger selektiv wirkende Gifte. Ein Paradebeispiel f\u00fcr die zweite Gruppe ist das umfangreiche Arsenal an Medikamenten, das von Onkologen in der Chemotherapie eingesetzt wird. Viele dieser Arzneimittel greifen nicht nur Krebszellen an, sondern zerst\u00f6ren auch wahllos gesunde Zellen. (Es liegt nicht in meiner Absicht, die Onkologie zu verteufeln. Ich beschreibe lediglich den Stand der Dinge.)<\/p>\n<p>Wie immer gibt es zwei Seiten. Die eine ist, dass die Chemotherapie manchmal wirkt, die andere, dass sie manchmal wirkt, der Patient jedoch an den Komplikationen der Behandlung stirbt. Ein schreckliches Dilemma.<\/p>\n<p>Die moderne Wissenschaft hat der \u00c4rzteschaft ein verwirrendes Aufgebot an Medikamenten beschert, und all diese Arzneimittel werden von Medizinern auf der ganzen Welt in bester Absicht verschrieben. Aber gehen wir bei der Anwendung von Antibiotika und Impfstoffen auch mit der geb\u00fchrenden Sorgfalt und Vorsicht ans Werk? Woher wissen wir, welches Medikament am besten f\u00fcr uns selbst, f\u00fcr unsere Partner oder f\u00fcr unsere Kinder geeignet sind?<\/p>\n<p>Auch diese Frage l\u00e4sst sich mit Hilfe der Blutgruppen beantworten und erhalten mehr Information auch unter: <a href=\"https:\/\/geno-typing.ch\/wordpress\/index.php\/webinare\/\">Blut Typ und Gesundheit<\/a><\/p>\n<p>Entnommen aus 4 Blutgruppen \u2013 Vier Strategien f\u00fcr ein gesundes Leben (S. 265), von Peter D\u00b4Adamo<\/p>\n","protected":false},"excerpt":{"rendered":"<p>Chemische Substanzen werden seit Jahrtausenden als Medizin genutzt. Wenn ein Schamane oder Medizinmann einen Heiltrank braute, stand nicht nur die medizinische Wirksamkeit dieser Mixtur au\u00dfer Frage, man schrieb ihr auch \u00fcbernat\u00fcrliche Kr\u00e4fte zu. Der Aufguss mochte \u00fcbel riechen und scheu\u00dflich &hellip;<\/p>\n<p class=\"read-more\"> <a class=\"more-link\" href=\"https:\/\/www.4blutgruppen.de\/?page_id=160\"> <span class=\"screen-reader-text\">Die Zusammenh\u00e4nge zwischen Blutgruppe und Gesundheit<\/span> Read More &raquo;<\/a><\/p>\n","protected":false},"author":3,"featured_media":0,"parent":0,"menu_order":0,"comment_status":"closed","ping_status":"open","template":"","meta":{"footnotes":""},"class_list":["post-160","page","type-page","status-publish","hentry"],"_links":{"self":[{"href":"https:\/\/www.4blutgruppen.de\/index.php?rest_route=\/wp\/v2\/pages\/160","targetHints":{"allow":["GET"]}}],"collection":[{"href":"https:\/\/www.4blutgruppen.de\/index.php?rest_route=\/wp\/v2\/pages"}],"about":[{"href":"https:\/\/www.4blutgruppen.de\/index.php?rest_route=\/wp\/v2\/types\/page"}],"author":[{"embeddable":true,"href":"https:\/\/www.4blutgruppen.de\/index.php?rest_route=\/wp\/v2\/users\/3"}],"replies":[{"embeddable":true,"href":"https:\/\/www.4blutgruppen.de\/index.php?rest_route=%2Fwp%2Fv2%2Fcomments&post=160"}],"version-history":[{"count":2,"href":"https:\/\/www.4blutgruppen.de\/index.php?rest_route=\/wp\/v2\/pages\/160\/revisions"}],"predecessor-version":[{"id":2176,"href":"https:\/\/www.4blutgruppen.de\/index.php?rest_route=\/wp\/v2\/pages\/160\/revisions\/2176"}],"wp:attachment":[{"href":"https:\/\/www.4blutgruppen.de\/index.php?rest_route=%2Fwp%2Fv2%2Fmedia&parent=160"}],"curies":[{"name":"wp","href":"https:\/\/api.w.org\/{rel}","templated":true}]}}