{"id":1571,"date":"2014-07-27T21:25:56","date_gmt":"2014-07-27T19:25:56","guid":{"rendered":"http:\/\/www.4blutgruppen.de\/?page_id=1571"},"modified":"2016-01-27T21:42:05","modified_gmt":"2016-01-27T19:42:05","slug":"wissenschaftliche-basis","status":"publish","type":"page","link":"https:\/\/www.4blutgruppen.de\/?page_id=1571","title":{"rendered":"Wissenschaftl. Basis"},"content":{"rendered":"<p align=\"LEFT\"><span style=\"color: #000000;\"><span style=\"font-family: Arial,sans-serif;\"><span style=\"font-size: large;\"><b>Spannung und Entspannung<\/b><\/span><\/span><\/span><\/p>\n<p>Peter J. D&#8217;Adamo, ND, MIFHI<br \/>\nCopyright 2008-2010<\/p>\n<p><span style=\"font-family: Arial,sans-serif;\"><span style=\"font-size: small;\">Sie sind eine Ansammlung von Billionen von Zellen, jede mit einer spezifischen Bauweise und Funktion. Mit wenigen Ausnahmen haben alle Zellen eine gleichartige Grundkonstruktion, diese wird meistens wie ein Spiegelei mit dem Eigelb nach oben abgebildet. In Wirklichkeit jedoch sind sie dreidimensionale Wesen und so d\u00fcrfte es besser sein sich eine durchschnittliche Zelle als Golfball vorzustellen, den Sie in der Mitte durchgeschnitten haben. Das \u201eEiwei\u00df\u201c bei unserem Zell-Modell ist der K\u00f6rper der Zelle und hier findet man viele spezialisierte Teile \u2013 Organellen genannt. Die <i>Organellen<\/i> haben bestimmte Aufgaben, \u00e4hnlich wie unsere eigenen inneren Organe. Das \u201eEigelb\u201c unseres Zell-Modells wird der Kern genannt und in diesem Teil liegt der Gegenstand unserer Zuwendung, die <i>Chromosomen<\/i>.<\/span><\/span><\/p>\n<p align=\"LEFT\"><span style=\"font-family: Arial,sans-serif;\"><span style=\"font-size: small;\">Chromosomen wurden erstmals Ende des 19. Jahrhunderts von einem deutschen Biologen namens Walther Flemming entdeckt. Flemming betrachtete Zellen unter einem Mikroskop und kam auf die Idee, Farben zu verwenden, um die Zellen einzuf\u00e4rben und so Einzelheiten besser zu sehen. Die Idee funktionierte besser als erwartet, da er sofort begann \u201eSpaghetti-\u00e4hnliche Dinge\u201c mit einer sehr dunklen Farbe im Zellkern zu sehen. Wie es \u00fcblich ist, gab er diesen Dingen einen Namen: <i>Chromosom<\/i>, nach den griechischen W\u00f6rtern f\u00fcr Farbe und K\u00f6rper.<\/span><\/span><\/p>\n<p align=\"LEFT\"><span style=\"font-family: Arial,sans-serif;\"><span style=\"font-size: small;\">Chromosomen geh\u00f6ren zu den eher dynamischen Naturerscheinungen; sie m\u00fcssen es auch sein, da sie f\u00fcr die Weitergabe des Staffelstabs des Lebens verantwortlich sind, in anderen Worten f\u00fcr die Vermehrung (Reproduktion). Die Anzahl der Chromosomen im Zellkern unterscheidet sich von Spezies zu Spezies. Wir Menschen haben 46 Chromosomen, Hunde haben 78, Alligatoren 32 und Kohlpflanzen 18 Chromosomen. <\/span><\/span><\/p>\n<p><span style=\"font-family: Garamond,serif;\"><span style=\"font-size: small;\"><span style=\"font-family: Arial,sans-serif;\"><span style=\"font-size: small;\">Die Chromosomen sind sow<\/span><\/span><span style=\"font-family: Arial,sans-serif;\"><span style=\"font-size: small;\">ohl H\u00fcter als auch Chauffeur der wichtigsten Molek\u00fcle in Ihrem K\u00f6rper; der DNS. Wie jede Blaupause muss die DNS erst \u201egelesen\u201c werden, um Arbeitsauftr\u00e4ge ausf\u00fchren zu k\u00f6nnen. Die DNS ist ein sehr langes Molek\u00fcl. Vollst\u00e4ndig auseinander gezogen w\u00e4re sie etwa knapp 2 Meter lang und dabei unsichtbar, da sie so d\u00fcnn ist. Wenn man die gesamte DNS von jeder Zelle Ihres K\u00f6rpers auseinanderziehen und in einer Reihe anordnen w\u00fcrde, so w\u00fcrde es zur Sonne und zur\u00fcck reichen \u2013 und das mehr als Tausend mal. <\/span><\/span><\/span><\/span><\/p>\n<p align=\"LEFT\"><span style=\"font-family: Arial,sans-serif;\"><span style=\"font-size: small;\">Ich denke, ein effektiver Weg zur Beschreibung der dynamischen Qualit\u00e4ten der Chromosomen ist die Verwendung von ein paar Metaphern. Meine \u00e4ltere Tochter liebt es zu stricken, so dass wir oft einen Wollladen in der Stadt wegen neuem Strickgarn besuchen. Garne gibt es in der Regel als einen Strang, der als B\u00fcndel aufgewickelt ist. Die meisten Garne haben eine L\u00e4nge von 70-130 Metern. Zu den sch\u00f6nen Dingen beim Kauf dieses Garns geh\u00f6rt, dass man es nicht als einen langen Faden bekommt, sondern in einer Form, die man unter den Arm klemmen und damit zum Auto gehen kann. Dies ist sicherlich besser als einen Knoten an die hintere Sto\u00dfstange zu kn\u00fcpfen und den Faden den ganzen Weg nach Hause hinter sich her zu ziehen. Folglich ist die erste wichtige Lektion der Dynamik von Chromosomen: wer sich fortpflanzen will braucht die DNS und muss die gesamte DNS in ein sehr kleines, dichtes B\u00fcndel komprimieren. Chromosomen sind genau das: dicht gepackte B\u00fcndel von DNS.<\/span><\/span><\/p>\n<p><span style=\"font-family: Arial,sans-serif;\"><span style=\"font-size: small;\">Auf der anderen Seite ist es sehr schwierig, wenn nicht geradezu unm\u00f6glich, etwas zu stricken, wenn das aufgewickelte Garn noch von einem Etikett umgeben ist. Um das Garn verwenden zu k\u00f6nnen, m\u00fcssen wir es auspacken und abwickeln. So ist auch das Schema der Zelle: Wenn sie die DNS ben\u00f6tigt, um Informationen zu bekommen wie man ein Protein produziert, muss sie diese auseinander wickeln. Wenn die Zelle sich fortpflanzen oder den Informationsfluss der DNS abschalten will, muss es die DNS aufwickeln und komprimieren. <\/span><\/span><\/p>\n<p align=\"LEFT\"><span style=\"font-family: Arial,sans-serif;\"><span style=\"font-size: small;\">Wie dies geschieht ist ziemlich wundersam und wird sp\u00e4ter noch Thema sein, wenn wir dar\u00fcber sprechen, wie Sie Ihr genetisches Schicksal ver\u00e4ndern k\u00f6nnen, aber f\u00fcrs Erste bleiben wir bei den Grundlagen. Die DNS wird durch spezielle Proteine, die als <i>Histone<\/i> bezeichnet werden, verpackt und komprimiert. Diese komprimierte DNS mit den Histonen wird <i>Chromatin<\/i> genannt, so liegt sie im Zellkern vor. Die Struktur der Chromatine ist auch bedeutsam f\u00fcr die Vervielf\u00e4ltigung und Reparatur der DNS.<\/span><\/span><\/p>\n<p><span style=\"font-family: Arial,sans-serif;\"><span style=\"font-size: small;\">Histone sind sehr tolle kugelf\u00f6rmige Proteine, um die sich die DNS in einer engeren oder auch lockereren Art und Weise wickelt, \u00e4hnlich wie der Karton um den das Strickgarn gewickelt ist. Als Reaktion auf strukturelle Ver\u00e4nderungen der Histone strafft oder lockert sich die gewickelte DNS. Immer wenn eine Zelle den Zugriff auf genetische Informationen, die in der DNS verschl\u00fcsselt sind, ben\u00f6tigt, findet an den Histonen im betreffenden Abschnitt der DNS eine chemische Reaktion statt, <i>Acetylierung<\/i> genannt. Dabei wird eine Acetyl-Gruppe an die Histone angelagert und veranlasst diese sich zu entspannen und auszudehnen. Wenn die Ablesung der Information erledigt ist kommen spezielle Enzyme herbei, trennen die Acetyl-Gruppe ab, die Histone ziehen sich wieder zusammen und die DNS kehrt in ihren Ruhe-Zustand zur\u00fcck. <\/span><\/span><\/p>\n<p><span style=\"font-family: Arial,sans-serif;\"><span style=\"font-size: small;\">\u00dcbrigens, das sind sehr aktuelle Informationen. Erst in j\u00fcngster Zeit haben wir diesen Mechanismus verstanden und es ist von \u00fcberaus gro\u00dfer Bedeutung, dass er von der Umwelt genutzt wird um die Funktion der Gene zu beeinflussen <i>und dass diese Ver\u00e4nderungen, ob gut oder schlecht, als Erbe weitergegeben werden k\u00f6nnen. <\/i><\/span><\/span><\/p>\n<p><span style=\"font-family: Arial,sans-serif;\"><span style=\"font-size: small;\">Wissenschaftler haben jedem menschlichen Chromosom eine Nummer gegeben, entsprechend seiner Gr\u00f6\u00dfe; somit ist Chromosom Nummer 1 das gr\u00f6\u00dfte und Chromosom Nummer 46 das kleinste. Chromosomen kommen paarweise vor, eins von jedem Elternteil. Es gibt 23 Paare und somit eine Gesamtmenge von 46 Chromosomen bei uns Menschen. Die Paare 1 bis 22 sind geschlechtunabh\u00e4ngige Chromosomen, <i>Autosome<\/i> genannt. Das Paar 23 enth\u00e4lt die X- und Y-Chromosomen, die das Geschlecht bestimmen.<\/span><\/span><\/p>\n<p><span style=\"font-family: Arial,sans-serif;\"><span style=\"font-size: small;\">In den wenigen Minuten, die Sie brauchten, bis hierher zu lesen, wurden rund 400 Millionen Ihrer roten Blutk\u00f6rperchen abgebaut und ersetzt, entsprechend den genetischen Anweisungen wie sie in Ihrer DNS enthalten sind. Hier kommt der <i>genetische Code<\/i> ins Spiel.<\/span><\/span><\/p>\n<p>https:\/\/www.dadamo.com\/science_tension.htm<\/p>\n","protected":false},"excerpt":{"rendered":"<p>Spannung und Entspannung Peter J. D&#8217;Adamo, ND, MIFHI Copyright 2008-2010 Sie sind eine Ansammlung von Billionen von Zellen, jede mit einer spezifischen Bauweise und Funktion. Mit wenigen Ausnahmen haben alle Zellen eine gleichartige Grundkonstruktion, diese wird meistens wie ein Spiegelei &hellip;<\/p>\n<p class=\"read-more\"> <a class=\"more-link\" href=\"https:\/\/www.4blutgruppen.de\/?page_id=1571\"> <span class=\"screen-reader-text\">Wissenschaftl. Basis<\/span> Read More &raquo;<\/a><\/p>\n","protected":false},"author":3,"featured_media":0,"parent":0,"menu_order":0,"comment_status":"closed","ping_status":"closed","template":"","meta":{"footnotes":""},"class_list":["post-1571","page","type-page","status-publish","hentry"],"_links":{"self":[{"href":"https:\/\/www.4blutgruppen.de\/index.php?rest_route=\/wp\/v2\/pages\/1571","targetHints":{"allow":["GET"]}}],"collection":[{"href":"https:\/\/www.4blutgruppen.de\/index.php?rest_route=\/wp\/v2\/pages"}],"about":[{"href":"https:\/\/www.4blutgruppen.de\/index.php?rest_route=\/wp\/v2\/types\/page"}],"author":[{"embeddable":true,"href":"https:\/\/www.4blutgruppen.de\/index.php?rest_route=\/wp\/v2\/users\/3"}],"replies":[{"embeddable":true,"href":"https:\/\/www.4blutgruppen.de\/index.php?rest_route=%2Fwp%2Fv2%2Fcomments&post=1571"}],"version-history":[{"count":2,"href":"https:\/\/www.4blutgruppen.de\/index.php?rest_route=\/wp\/v2\/pages\/1571\/revisions"}],"predecessor-version":[{"id":1820,"href":"https:\/\/www.4blutgruppen.de\/index.php?rest_route=\/wp\/v2\/pages\/1571\/revisions\/1820"}],"wp:attachment":[{"href":"https:\/\/www.4blutgruppen.de\/index.php?rest_route=%2Fwp%2Fv2%2Fmedia&parent=1571"}],"curies":[{"name":"wp","href":"https:\/\/api.w.org\/{rel}","templated":true}]}}