{"id":146,"date":"2013-12-13T23:31:19","date_gmt":"2013-12-13T21:31:19","guid":{"rendered":"http:\/\/4blutgruppen.metapublic.com\/?page_id=146"},"modified":"2014-02-25T14:21:36","modified_gmt":"2014-02-25T12:21:36","slug":"allergien","status":"publish","type":"page","link":"https:\/\/www.4blutgruppen.de\/?page_id=146","title":{"rendered":"Allergien"},"content":{"rendered":"<p>Das Wort Allergie bedeutet \u201eandere Verarbeitung\u201c. Es wurde Anfang des 20. Jahrhunderts gepr\u00e4gt, nachdem Hunde, die mit Proteinen anderer Tiere geimpft worden waren, heftige k\u00f6rperliche Reaktionen zeigten, wenn sie wieder in Kontakt mit diesen Proteinen kamen.<\/p>\n<p>Allergien sind Reaktionen des Immunsystems auf einen bestimmten Stoff, der mit der Nahrung aufgenommen oder eingeatmet wird oder durch Injektion bzw. Hautkontakt in den K\u00f6rper gelangt. Einfach ausgedr\u00fcckt, ist eine allergische Reaktion eine feindliche oder unangemessen verst\u00e4rkte Reaktion des Immunsystems auf etwas, das f\u00fcr viele andere Menschen harmlos ist. Meist \u00e4u\u00dfert sich eine allergische Reaktion durch Kopfschmerzen oder M\u00fcdigkeit, Niesen, tr\u00e4nende Augen und verstopfte Nase. Kritischere allergische Reaktionen z.B. auf bestimmte N\u00fcsse, Fisch und Insektenstiche sind bekannt als Anaphylaxie und zeigen sich durch eine Schwellung des Gewebes und Schwierigkeiten beim Atmen. Diese Reaktionen m\u00fcssen als schwere medizinische Notf\u00e4lle behandelt werden. Ein synthetisches Adrenalin, ein Hormon, das normalerweise von der Nebenniere produziert wird, kann verabreicht werden, um die Reaktion zu bek\u00e4mpfen. Menschen mit schweren Allergien sollten immer ein Epinephrin Spray bei sich tragen f\u00fcr den Fall eines versehentlichen Kontakts mit dem Allergen.<\/p>\n<p>Nach Auskunft des Nationalen Institutes f\u00fcr Allergien und Infektionskrankheiten (NIAID) verursacht die Behandlung von Allergien in den USA (Arztbesuche, Desensibilisierungen und Medikamente) j\u00e4hrlich Kosten von \u00fcber f\u00fcnf Milliarden Dollar. Viele Krankheiten stehen im Zusammenhang mit Allergien, unter anderem Akne, Asthma, Aufmerksamkeitsst\u00f6rungen, Blasenentz\u00fcndungen, und eine Vielzahl von Krankheiten des Verdauungssystems.<\/p>\n<h4><span style=\"color: #0000ff;\">System \u00dcberlastet<\/span><\/h4>\n<p>Warum sind manche Menschen allergisch und andere nicht? Allergien sind physiologisch gesehen, recht komplex, vereinfacht ausgedr\u00fcckt liegt der Unterschied zwischen einem Menschen, der unter Allergien leidet und jemandem, der davon frei ist, beim gesamten K\u00f6rper-System. Dies gilt vor allem f\u00fcr die saisonalen Allergien. In gewissem Sinne, sind wir alle wie Kamele. Wir k\u00f6nnen ein gewisses Ma\u00df an Belastung ertragen, ohne dass wir zusammenbrechen oder kollabieren. Die Lasten, die wir tragen, sind die Lasten die wir mit allen anderen Gesch\u00f6pfen teilen: Umweltverschmutzung und Toxine. Individuell tragen wir die Last einer schlechten Ern\u00e4hrung, stressige Beziehungen oder ein stressiger Job, Mangel an Schlaf, zu wenig oder zu viel sportliche Bet\u00e4tigung und eine beliebige Anzahl an k\u00f6rperlichen Beschwerden. Wenn Ihre Gesamtbelastung seine maximale Kapazit\u00e4t erreicht hat, und dann ein zus\u00e4tzliches B\u00fcndel \u2013 wie saisonbedingte Pollen \u2013 auf Ihren R\u00fccken geworfen wird, werden Sie zusammenbrechen. Es ist buchst\u00e4blich der Tropfen, der das Fass zum \u00dcberlaufen bringt (oder das Kamel zusammenbrechen l\u00e4sst). Um eine Allergie zu vermeiden, ist dies oft eine Frage der Verringerung der Gesamtbelastung. Das ist ein Grund, warum die Blutgruppen-Ern\u00e4hrung so effektiv ist bei Allergien. Sie beseitigt einen gro\u00dfen Teil der Belastung, die Sie tragen, damit Sie das zus\u00e4tzliche Gewicht von Umweltbelastungen leichter tragen k\u00f6nnen.<\/p>\n<p>Ern\u00e4hrung spielt eine entscheidende Rolle und geht weit \u00fcber die L\u00f6sung spezifischer Nahrungsmittelallergien hinaus. Mehr als die H\u00e4lfte Ihrer immunologischen Aktivit\u00e4t befindet sich in Ihrem Verdauungssystem. Mit der f\u00fcr Sie richtigen Ern\u00e4hrung gem\u00e4\u00df Ihrer Blutgruppe, bauen Sie systematisch eine Immunit\u00e4t auf.<\/p>\n<p>(entnommen aus Allergies: Fight Them with the Blood Type Diet\u00ae by Peter J. D&#8217;Adamo with Catherine Whitney)<\/p>\n","protected":false},"excerpt":{"rendered":"<p>Das Wort Allergie bedeutet \u201eandere Verarbeitung\u201c. Es wurde Anfang des 20. Jahrhunderts gepr\u00e4gt, nachdem Hunde, die mit Proteinen anderer Tiere geimpft worden waren, heftige k\u00f6rperliche Reaktionen zeigten, wenn sie wieder in Kontakt mit diesen Proteinen kamen. Allergien sind Reaktionen des &hellip;<\/p>\n<p class=\"read-more\"> <a class=\"more-link\" href=\"https:\/\/www.4blutgruppen.de\/?page_id=146\"> <span class=\"screen-reader-text\">Allergien<\/span> Read More &raquo;<\/a><\/p>\n","protected":false},"author":3,"featured_media":0,"parent":0,"menu_order":0,"comment_status":"closed","ping_status":"open","template":"content-sidebar-page.php","meta":{"footnotes":""},"class_list":["post-146","page","type-page","status-publish","hentry"],"_links":{"self":[{"href":"https:\/\/www.4blutgruppen.de\/index.php?rest_route=\/wp\/v2\/pages\/146","targetHints":{"allow":["GET"]}}],"collection":[{"href":"https:\/\/www.4blutgruppen.de\/index.php?rest_route=\/wp\/v2\/pages"}],"about":[{"href":"https:\/\/www.4blutgruppen.de\/index.php?rest_route=\/wp\/v2\/types\/page"}],"author":[{"embeddable":true,"href":"https:\/\/www.4blutgruppen.de\/index.php?rest_route=\/wp\/v2\/users\/3"}],"replies":[{"embeddable":true,"href":"https:\/\/www.4blutgruppen.de\/index.php?rest_route=%2Fwp%2Fv2%2Fcomments&post=146"}],"version-history":[{"count":1,"href":"https:\/\/www.4blutgruppen.de\/index.php?rest_route=\/wp\/v2\/pages\/146\/revisions"}],"predecessor-version":[{"id":1246,"href":"https:\/\/www.4blutgruppen.de\/index.php?rest_route=\/wp\/v2\/pages\/146\/revisions\/1246"}],"wp:attachment":[{"href":"https:\/\/www.4blutgruppen.de\/index.php?rest_route=%2Fwp%2Fv2%2Fmedia&parent=146"}],"curies":[{"name":"wp","href":"https:\/\/api.w.org\/{rel}","templated":true}]}}