{"id":142,"date":"2013-12-13T23:21:05","date_gmt":"2013-12-13T21:21:05","guid":{"rendered":"http:\/\/4blutgruppen.metapublic.com\/?page_id=142"},"modified":"2015-01-14T20:33:54","modified_gmt":"2015-01-14T18:33:54","slug":"secretor-und-non-secretor","status":"publish","type":"page","link":"https:\/\/www.4blutgruppen.de\/?page_id=142","title":{"rendered":"Sekretor und Non-Secretor"},"content":{"rendered":"<h4><span style=\"color: #0000ff;\">Das Wissen Ihres Secretor Status. Warum es wichtig ist.<\/span><\/h4>\n<p>Sind Sie ein Secretor oder ein Non-Secretor? Bevor Sie mit der Blutgruppen- oder GenoTyp-Ern\u00e4hrung anfingen, wussten Sie wahrscheinlich nicht, wie Sie auf diese Frage antworten sollten oder welch weit reichende Einfl\u00fcsse der Secretor Status auf Ihre Gesundheit haben kann. Ihr Secretor Status hat Einfluss auf die Umwandlung der Kohlenhydrate die in Ihren K\u00f6rperfl\u00fcssigkeiten vorhanden sind und kontrolliert wichtige Aspekte Ihres Stoffwechsels und Ihres Immunwiderstands.<\/p>\n<p>Dr. D\u00b4Adamo definiert einen Secretor als eine Person, die Blutgruppenantigene in den K\u00f6rperfl\u00fcssigkeiten wie Speichel im Mund oder im Schleim des Magens, hat. Ein Non-Secretor ist eine Person, die wenig oder keine Blutgruppenantigene in diesen Fl\u00fcssigkeiten hat. Auch wenn wir nicht genau wissen, warum die Natur die meisten von uns zu Secretoren gemacht hat (ungef\u00e4hr 80% der Bev\u00f6lkerung sind Secretoren), glauben Wissenschaftler, dass es eine Evolutionsanpassung war um den Menschen mit einem zus\u00e4tzlichen Schutz vor Umweltfaktoren wie Bakterien, Schadstoffen und anderen Reizstoffen zu versehen.<\/p>\n<p>Das Wissen um Ihren Secretor Status und das Verstehen, welche Einflussnahme er auf die Funktionsf\u00e4higkeit des K\u00f6rpers hat, ist ein Schl\u00fcssel f\u00fcr die Ern\u00e4hrung mit der Blutgruppen- und GenoTyp-Ern\u00e4hrung. Forscher vermuten, dass folgende Gesundheitsfaktoren mit dem Non-Secretor Status verbunden sind:<\/p>\n<ul>\n<li>Non-Secretoren sind im allgemeinen anf\u00e4lliger f\u00fcr Entz\u00fcndungen<\/li>\n<li>Non-Secretoren sind anf\u00e4lliger als Secretoren f\u00fcr Diabetes Typ 1 und Typ 2<\/li>\n<li>Non-Secretoren mit Diabetes Typ 1 haben mehr Probleme mit Candida, besonders im Mundbereich und im oberen Magen-Darm-Trakt<\/li>\n<li>80% aller Fibromyalgie-Patienten sind Non-Secretoren, ungeachtet der Blutgruppe<\/li>\n<li>bei Non-Secretoren findet man eine gr\u00f6\u00dfere Vielzahl an Autoimmunerkrankungen<\/li>\n<li>Non-Secretoren haben ein besonderes Risiko f\u00fcr wiederkehrende Harnwegsinfektionen und bei 55-60% fand man eine Narbenbildung der Nieren einhergehend mit dem regelm\u00e4\u00dfigen Gebrauch von Antibiotika.<\/li>\n<\/ul>\n<p>Sie k\u00f6nnen also sehen, warum es wichtig ist, Ihren Secretor Status testen zu lassen! Wenn Sie zu den 20% der Bev\u00f6lkerung geh\u00f6ren, die Non-Secretoren sind, m\u00fcssen Sie diesen Faktor bei Ihrer Ern\u00e4hrung ber\u00fccksichtigen. Einige Anpassungen zu einer bereits guten Ern\u00e4hrung gew\u00e4hrt die notwendige Unterst\u00fctzung f\u00fcr eine allumfassende Gesundheit und Wohlbefinden.<\/p>\n<p>Das Wissen um Ihren Secretor Status hilft Ihnen, Ihre Ern\u00e4hrung weiter zu verfeinern f\u00fcr noch mehr Gesundheit und Wohlbefinden.<\/p>\n<p>&nbsp;<\/p>\n<p><strong><span style=\"text-decoration: underline;\"><span style=\"color: #0000ff; text-decoration: underline;\">Einf\u00fchrung:<\/span><\/span><\/strong> In dem Buch 4Blutgruppen \u2013 Vier Strategien f\u00fcr ein gesundes Leben, f\u00fchrt Dr. D&#8217;Adamo seine Leser in das Konzept der Sekretoren \/ Nicht-Sekretoren ein. Inzwischen kennen Sie das Konzept, dass Ihre ABO-Blutgruppe von Ihrer Genetik gesteuert wird. Das Gen f\u00fcr Ihre Blutgruppe liegt auf dem Chromosom 9q34. Allerdings, es gibt ein separates Gen das mit Ihrem Blutgruppen-Gen interagiert, und Ihre F\u00e4higkeit bestimmt, ob Ihre Blutgruppe auch Antigene in Ihre K\u00f6rperfl\u00fcssigkeiten und Sekrete absondert.<\/p>\n<p>In der Genetik des Sekretor Systems bestehen zwei Optionen. Eine Person kann entweder ein Sekretor (Se) oder ein Non-Sekretor (se) sein. Dies ist v\u00f6llig unabh\u00e4ngig davon, ob Sie Blutgruppe A, B, AB oder O sind. Dies bedeutet, dass jemand ein A Sekretor oder ein A Nicht-Sekretor, ein B Sekretor oder ein B Non-Sekretor usw. sein kann.<\/p>\n<p>Einfach ausgedr\u00fcckt, ist ein Sekretor eine Person, deren Blutgruppe Antigene in K\u00f6rperfl\u00fcssigkeiten wie Speichel, Schleimhaut im Verdauungstrakt und Atemwege, etc absondert. Im Grunde bedeutet dies, dass ein Sekretor die Information Ihrer Blutgruppe in diese K\u00f6rperfl\u00fcssigkeiten setzt. Ein Nicht-Sekretor auf der anderen Seite bringt wenig, oder gar nichts von ihrer Blutgruppe in diese K\u00f6rperfl\u00fcssigkeiten. Als allgemeine Regel gilt, in den USA sind etwa 20% der Bev\u00f6lkerung Nicht-Sekretoren (die restlichen 80% sind Sekretoren).<\/p>\n<h4><span style=\"color: #0000ff;\">Vor-und Nachteile \u2013 die Rolle des Sekretor-Status<\/span><\/h4>\n<p>Im Hinblick auf die ABO Blutgruppen ist es sehr schwierig zu sagen, ob eine Blutgruppe g\u00fcnstiger ist als eine andere. Jede Blutgruppe hat ihre eigenen charakteristischen St\u00e4rken und Schw\u00e4chen. Allerdings scheint dies nicht der Fall zu sein bei dem Sekretor Gen. Im Allgemeinen bedeute dies, dass ein Non-Sekretor (bezogen auf alle verf\u00fcgbaren Informationen) tats\u00e4chlich m\u00f6gliche gesundheitliche Nachteile zu haben scheint. Einfach ausgedr\u00fcckt, bietet die F\u00e4higkeit Antigene auch in Speichel, Schleim, etc. abzusondern einen zus\u00e4tzlichen Schutz gegen die Umwelt, insbesondere in Bezug auf Mikroorganismen und Lektine.<\/p>\n<p>Ein weiterer Vorteil eines Sekretors k\u00f6nnte die allgemeine Tendenz sein, dass der Secretor-Status ein stabiles, Blutgruppen-freundliches Darm-Bakterien-\u00d6kosystem f\u00f6rdert. Viele der freundlichen (Probiotik) Bakterien in Ihrem Verdauungstrakt nutzen tats\u00e4chlich Ihre Blutgruppe als eine ihrer bevorzugten Nahrung. Da bei den Sekretoren der Schleim der den Verdauungstrakt \u00fcberzieht, stetig mit Blutgruppen-Antigenen versorgt wird, haben die Bakterien der Sekretoren eine viel konstantere Versorgung mit Nahrung.<\/p>\n<h4><span style=\"color: #0000ff;\">Metabolische Unterschiede zwischen Sekretoren und Non-Sekretoren<\/span><\/h4>\n<p>\u00c4hnlich wie bei den ABO Blutgruppen, scheint es, dass zus\u00e4tzliche genetische Informationen mit dem Sekretor Gen verkn\u00fcpft sind, da vorhersehbare Verl\u00e4ufe bei Aspekten der Physiologie die nicht die Blutgruppe betreffen, eine enge Verbindung mit dem Sekretor \/ Non-Sekretor Status haben. Aspekte der Physiologie, wie die relative Aktivit\u00e4t eines Enzyms namens Intestinale alkalische Phosphatase, Neigungen zu Blutgerinnung, Zuverl\u00e4ssigkeit einiger Tumormarker und generalisierte Leistung Ihres Immunsystems haben vorhersehbare Trends abh\u00e4ngig von Ihrem Sekretor Status.<\/p>\n<p>Die Aktivit\u00e4t der alkalinen Phosphatase in Darm und Serum korreliert stark mit den Sekretor Ph\u00e4notypen. Grunds\u00e4tzlich haben Non-Sekretoren, unabh\u00e4ngig von ihrer ABO-Blutgruppe (wie Sie sich vielleicht erinnern, hat Typ O die h\u00f6chste Aktivit\u00e4t der alkalischen Phosphatase und Typ A die Niedrigste) eine geringere Aktivit\u00e4t der alkalischen Phosphatase. Es wurde gesch\u00e4tzt, dass die alkalische Phosphatase im Serum Aktivit\u00e4t von Nicht-Sekretoren nur etwa 20% der aktiven in die Sekretor Gruppen ist.<\/p>\n<p>Wie in \u201e4 Blutgruppen \u2013 Vier Strategien f\u00fcr ein gesundes Leben\u201c erw\u00e4hnt wurde, hat die Blutgruppe in erheblichem Ma\u00df Auswirkungen auf die Gerinnungsf\u00e4higkeit. In der Tat wurde gesch\u00e4tzt, dass ein erheblicher Anteil (30%) der genetisch bedingten Varianz des Willebrand-Faktor Antigens (VWF) im Plasmagehalt in direktem Zusammenhang steht mit der ABO-Blutgruppe. In der Regel sind es Personen der Blutgruppe O, die den niedrigsten Anteil dieses Gerinnungsfaktors haben und auch die Tendenz f\u00fcr den niedrigsten Gerinnungs-Grad \/ Thrombozytenaggregation haben.<\/p>\n<p>In der Welt der Sekretoren \/ Non-Sekretoren haben die Sekretoren die langsamste Gerinnung w\u00e4hrend Nicht-Sekretoren k\u00fcrzere Blutungs-Zeiten haben und eine Tendenz zu einem h\u00f6heren Blutgerinnungsfaktor VIII (F8) und vWF haben. Die ABO und Sekretor Genetik hat tats\u00e4chlich Auswirkungen auf weitere interagierende Blutviskosit\u00e4ten. Im Wesentlichen bedeutet dies, dass ein A-Non-Sekretor weit am Ende des Spektrums steht mit den langsamsten Blutungszeiten, der dicksten Blutviskosit\u00e4t, und eine hohe Wahrscheinlichkeit zu Thrombozytenaggregation haben. Am anderen Ende des Kontinuums stehen die O Sekretoren, der die l\u00e4ngste Zeit an Blutungen haben, das d\u00fcnnste Blut, und die geringste Neigung zur Thrombozytenaggregation. Aus diesem Grund neigen Non-Sekretoren dazu (insbesondere Typ A) das h\u00f6chste Risiko f\u00fcr Atherothrombose und Herzerkrankungen zu haben.<\/p>\n<p><em><strong>solange Sie\u00a0 nicht wissen, ob Sie ein Secretor oder Non-Secretor sind, w\u00e4hlen Sie bitte die Nahrungsmittel-Liste &#8222;Secretor&#8220;.\u00a0<\/strong> <\/em><\/p>\n<hr \/>\n<h3>Wie testen?<\/h3>\n<p>der Secretor Status kann \u00fcber einen Arzt oder Heilpraktiker gemacht werden der den sog. Lewis-Test anbietet (EDTA-Test).<br \/>\nFragen Sie Ihren Arzt oder Heilpraktiker ob dieser solch einen Test vornehmen kann.<\/p>\n<p>&nbsp;<\/p>\n","protected":false},"excerpt":{"rendered":"<p>Das Wissen Ihres Secretor Status. Warum es wichtig ist. Sind Sie ein Secretor oder ein Non-Secretor? Bevor Sie mit der Blutgruppen- oder GenoTyp-Ern\u00e4hrung anfingen, wussten Sie wahrscheinlich nicht, wie Sie auf diese Frage antworten sollten oder welch weit reichende Einfl\u00fcsse &hellip;<\/p>\n<p class=\"read-more\"> <a class=\"more-link\" href=\"https:\/\/www.4blutgruppen.de\/?page_id=142\"> <span class=\"screen-reader-text\">Sekretor und Non-Secretor<\/span> Read More &raquo;<\/a><\/p>\n","protected":false},"author":3,"featured_media":0,"parent":0,"menu_order":0,"comment_status":"closed","ping_status":"open","template":"content-sidebar-page.php","meta":{"footnotes":""},"class_list":["post-142","page","type-page","status-publish","hentry"],"_links":{"self":[{"href":"https:\/\/www.4blutgruppen.de\/index.php?rest_route=\/wp\/v2\/pages\/142","targetHints":{"allow":["GET"]}}],"collection":[{"href":"https:\/\/www.4blutgruppen.de\/index.php?rest_route=\/wp\/v2\/pages"}],"about":[{"href":"https:\/\/www.4blutgruppen.de\/index.php?rest_route=\/wp\/v2\/types\/page"}],"author":[{"embeddable":true,"href":"https:\/\/www.4blutgruppen.de\/index.php?rest_route=\/wp\/v2\/users\/3"}],"replies":[{"embeddable":true,"href":"https:\/\/www.4blutgruppen.de\/index.php?rest_route=%2Fwp%2Fv2%2Fcomments&post=142"}],"version-history":[{"count":6,"href":"https:\/\/www.4blutgruppen.de\/index.php?rest_route=\/wp\/v2\/pages\/142\/revisions"}],"predecessor-version":[{"id":1693,"href":"https:\/\/www.4blutgruppen.de\/index.php?rest_route=\/wp\/v2\/pages\/142\/revisions\/1693"}],"wp:attachment":[{"href":"https:\/\/www.4blutgruppen.de\/index.php?rest_route=%2Fwp%2Fv2%2Fmedia&parent=142"}],"curies":[{"name":"wp","href":"https:\/\/api.w.org\/{rel}","templated":true}]}}