{"id":1287,"date":"2014-02-26T16:57:04","date_gmt":"2014-02-26T14:57:04","guid":{"rendered":"http:\/\/www.4blutgruppen.de\/?page_id=1287"},"modified":"2014-03-10T21:54:03","modified_gmt":"2014-03-10T19:54:03","slug":"die-dynamik-von-diabetes","status":"publish","type":"page","link":"https:\/\/www.4blutgruppen.de\/?page_id=1287","title":{"rendered":"Die Dynamik von Diabetes"},"content":{"rendered":"<p align=\"JUSTIFY\"><span style=\"font-family: Arial,sans-serif;\"><span style=\"font-size: small;\">Die Blutgruppendi\u00e4t kann der bisher wirksamste Ansatz sein zur Kontrolle der Diabetes-Epidemie. Obwohl die Zahl der Betroffenen in den letzten Jahren zunimmt, sind 90 Prozent aller Diabetes vermeidbar durch richtige Ern\u00e4hrung und entsprechende sportliche \u00dcbungen. Dar\u00fcber hinaus zeigen neue Forschungen des National Institutes of Health, dass selbst Menschen mit einer au\u00dfergew\u00f6hnlich hohen genetischen Neigung zu Diabetes, ihr Risiko um fast 60 Prozent senken k\u00f6nnen durch ihre Ern\u00e4hrung und Lebensweise. Stellen Sie sich das einmal vor! Wir haben die Macht praktisch alle sch\u00e4dlichen Auswirkungen von Diabetes, durch einige einfache \u00c4nderungen in der Art und Weise wie wir essen und leben, zu beseitigen. <\/span><\/span><\/p>\n<p align=\"JUSTIFY\"><span style=\"font-family: Arial,sans-serif;\"><span style=\"font-size: small;\">Die Entwicklung bis zu einer vollst\u00e4ndig ausgebildeten Diabetes dauert eine gewisse Zeit, so dass die Blutgruppen-Ern\u00e4hrung einen dramatisch pr\u00e4ventiven Einfluss haben kann. Wenn Sie dieses Buch lesen, kann es sein, dass Sie bereits Diabetes haben, aber es ist wahrscheinlicher, dass Sie in der Vorstufe zum Diabetiker sind und m\u00f6chten dem Fortschreiten der Diabetes Einhalt gebieten. Im Vor-Diabetiker-Stadium sind Sie wahrscheinlich \u00fcbergewichtig und machen Erfahrungen mit Symptomen von unregelm\u00e4\u00dfigem Blutzucker. <\/span><\/span><\/p>\n<p align=\"JUSTIFY\"><span style=\"font-family: Arial,sans-serif;\"><span style=\"font-size: small;\">Ein Bluttest kann erh\u00f6hte Werte von Blutzucker zeigen \u2013 ein Zeichen von bevorstehender oder anhaltender Hyperglyk\u00e4mie. Wenn Sie in diesem Zustand anhaltender Hyperglyk\u00e4mie bleiben, ist Diabetes unvermeidlich. <\/span><\/span><\/p>\n<p align=\"JUSTIFY\"><span style=\"font-family: Arial,sans-serif;\"><span style=\"font-size: small;\">Dies ist, wo die Blutgruppen-Ern\u00e4hrung ins Spiel kommt. Umfassende wissenschaftliche und klinische Test haben eindeutig gezeigt, dass man die Entwicklung zu einer vollst\u00e4ndigen Erwachsenen-Diabetes umkehren k\u00f6nnen wenn Sie Ihre Ern\u00e4hrung optimieren. Die Blutgruppendi\u00e4t ist die einzige individuelle Herangehensweise an eine Diabetes-Pr\u00e4vention und \u2013Handhabung die derzeit zur Verf\u00fcgung steht. Im Gegensatz zu anderen Ern\u00e4hrungspl\u00e4nen, die einen Plan aufstellen, der f\u00fcr alle passt, befasst sich die Blutgruppen-Ern\u00e4hrung mit den entscheidenden genetischen Unterschieden, welche die Art und Weise, wie Ihr K\u00f6rper Nahrung verstoffwechselt, beeinflussen. <\/span><\/span><\/p>\n<p align=\"JUSTIFY\">\n<p align=\"JUSTIFY\"><span style=\"font-family: Arial,sans-serif;\"><span style=\"font-size: small;\"><b>Diabetes:<\/b><\/span><\/span><span style=\"font-family: Arial,sans-serif;\"><span style=\"font-size: small;\"><b>Ein<\/b><\/span><\/span><span style=\"font-family: Arial,sans-serif;\"><span style=\"font-size: small;\"><b>Problem<\/b><\/span><\/span><span style=\"font-family: Arial,sans-serif;\"><span style=\"font-size: small;\"><b>mit Nahrung<\/b><\/span><\/span><\/p>\n<p align=\"JUSTIFY\"><span style=\"font-family: Arial,sans-serif;\"><span style=\"font-size: small;\">Diabetes ist eine Krankheit, die die F\u00e4higkeit Ihres K\u00f6rpers Nahrung effizient zu nutzen, beeintr\u00e4chtigt. Das Hormon Insulin, das in der Bauchspeicheldr\u00fcse produziert wird, hilft Ihrem K\u00f6rper Nahrung in Energie umzuwandeln. Diabetes tritt auf, wenn eine der folgenden Voraussetzungen erf\u00fcllt ist: entweder Ihre Bauchspeicheldr\u00fcse produziert kein Insulin mehr, oder Ihr K\u00f6rper kann das produzierte Insulin nicht richtig nutzen. <\/span><\/span><\/p>\n<p align=\"JUSTIFY\"><span style=\"font-family: Arial,sans-serif;\"><span style=\"font-size: small;\">Um zu verstehen, warum Insulin wichtig ist, ist es hilfreich mehr dar\u00fcber zu wissen, wie Nahrung zur Energiegewinnung genutzt wird. Ihr K\u00f6rper besteht aus Millionen von Zellen. Zur Energiegewinnung brauchen diese Zellen Nahrung in einer sehr einfachen Form. Ein Gro\u00dfteil der Nahrungsmittel, die Sie zu sich nehmen wird in einen Einfachzucker, Glucose genannt, aufgespaltet. Glucose liefert die Energie, die Sie f\u00fcr die t\u00e4glichen Aktivit\u00e4ten ben\u00f6tigen. <\/span><\/span><\/p>\n<p align=\"JUSTIFY\"><span style=\"font-family: Arial,sans-serif;\"><span style=\"font-size: small;\">Wenn Sie etwas essen, gibt Ihre Bauchspeicheldr\u00fcse Insulin in den Blutkreislauf ab, um bei der Aufspaltung und Absorption von Glucose, Fetts\u00e4uren und Aminos\u00e4uren zu helfen. Wenn Ihre Bauchspeicheldr\u00fcse kein Insulin produziert, oder wenn Ihr K\u00f6rper es nicht richtig nutzen kann, k\u00f6nnen die Nahrungsmittel die Sie zu sich nehmen, nicht verstoffwechselt werden. Wenn Sie Insulin produzieren, aber nicht darauf reagieren, wird das daraus resultierende Ergebnis Insulin-Resistenz genannt. Dies ist allgemein verbreitet bei vielen \u00fcbergewichtigen Personen wenn ihr K\u00f6rper zu altern beginnt. Sie m\u00fcssen mehr und mehr Insulin produzieren mit immer geringerer Wirkung. Schlie\u00dflich sammelt sich die \u00fcbersch\u00fcssige Glukose im Blut, anstatt sie zur Energiegewinnung zu nutzen oder sie als Fett zu speichern. Deshalb haben Diabetiker einen hohen Blutzuckerspiegel. Wenn zuviel Glukose im Blut ist, kann es nicht durch die Nieren verarbeitet werden und wird durch den Urin ausgeschieden. Die eigentliche Bezeichnung f\u00fcr die Krankheit, Diabetes mellitus, bedeutet w\u00f6rtlich \u201eflie\u00dfen mit Honig\u201c, bezogen auf die Menge an Zucker die mit dem Harn ausgeschieden wird. In l\u00e4ngst vergangenen Tagen, vor Glucose-Tests und Urin-Streifen, testeten unerschrockene \u00c4rzte oftmals geschmacklich den Urin des Patienten auf einen s\u00fc\u00dflichen Geschmack hin als Merkmal um Diabetes zu diagnostizieren. Das ist Hingabe zum Job!<\/span><\/span><\/p>\n<p align=\"JUSTIFY\"><span style=\"font-family: Arial,sans-serif;\"><span style=\"font-size: small;\">Diabetes besteht eigentlich aus zwei verschiedenen Krankheiten. Diabetes Typ 1 ist eine St\u00f6rung der Insulinproduktion. Diabetes Typ 2 ist eine St\u00f6rung der Insulin-Nutzung. Schwangerschafts-Diabetes wird h\u00e4ufig als eine dritte Form bezeichnet, aber eigentlich gibt es einen Zusammenhang zu Diabetes Typ 2. Schwangerschafts-Diabetes ist ein vor\u00fcbergehender Zustand der Insulinresistenz, der meist in der H\u00e4lfte der Schwangerschaft auftritt als Folge einer \u00fcberm\u00e4\u00dfigen Hormonproduktion oder aufgrund der Unf\u00e4higkeit der Bauchspeicheldr\u00fcse das zus\u00e4tzlich ben\u00f6tigte Insulin zu produzieren. Schwangerschaftsdiabetes verschwindet normalerweise nach der Schwangerschaft, aber Frauen, die Schwangerschaftsdiabetes hatten, haben ein erh\u00f6htes Risiko sp\u00e4ter einen Typ-2-Diabetes zu entwickeln. <\/span><\/span><\/p>\n<p align=\"JUSTIFY\"><span style=\"font-family: Arial,sans-serif;\"><span style=\"font-size: small;\">Die meisten der pr\u00e4ventiven Schwerpunkte liegen auf Diabetes Typ 2, welche f\u00fcr die Mehrheit der F\u00e4lle zutrifft und mit der richtigen Ern\u00e4hrung vermieden werden kann. Es ist nicht so deutlich, wie Diabetes Typ 1 verhindert werden kann. Allerdings k\u00f6nnen beide Formen von Diabetes leichter bew\u00e4ltigt werden, wenn Sie die Ern\u00e4hrung gem\u00e4\u00df Ihrer Blutgruppe befolgen.<\/span><\/span><\/p>\n","protected":false},"excerpt":{"rendered":"<p>Die Blutgruppendi\u00e4t kann der bisher wirksamste Ansatz sein zur Kontrolle der Diabetes-Epidemie. Obwohl die Zahl der Betroffenen in den letzten Jahren zunimmt, sind 90 Prozent aller Diabetes vermeidbar durch richtige Ern\u00e4hrung und entsprechende sportliche \u00dcbungen. Dar\u00fcber hinaus zeigen neue Forschungen &hellip;<\/p>\n<p class=\"read-more\"> <a class=\"more-link\" href=\"https:\/\/www.4blutgruppen.de\/?page_id=1287\"> <span class=\"screen-reader-text\">Die Dynamik von Diabetes<\/span> Read More &raquo;<\/a><\/p>\n","protected":false},"author":3,"featured_media":0,"parent":0,"menu_order":0,"comment_status":"closed","ping_status":"closed","template":"content-sidebar-page.php","meta":{"footnotes":""},"class_list":["post-1287","page","type-page","status-publish","hentry"],"_links":{"self":[{"href":"https:\/\/www.4blutgruppen.de\/index.php?rest_route=\/wp\/v2\/pages\/1287","targetHints":{"allow":["GET"]}}],"collection":[{"href":"https:\/\/www.4blutgruppen.de\/index.php?rest_route=\/wp\/v2\/pages"}],"about":[{"href":"https:\/\/www.4blutgruppen.de\/index.php?rest_route=\/wp\/v2\/types\/page"}],"author":[{"embeddable":true,"href":"https:\/\/www.4blutgruppen.de\/index.php?rest_route=\/wp\/v2\/users\/3"}],"replies":[{"embeddable":true,"href":"https:\/\/www.4blutgruppen.de\/index.php?rest_route=%2Fwp%2Fv2%2Fcomments&post=1287"}],"version-history":[{"count":1,"href":"https:\/\/www.4blutgruppen.de\/index.php?rest_route=\/wp\/v2\/pages\/1287\/revisions"}],"predecessor-version":[{"id":1288,"href":"https:\/\/www.4blutgruppen.de\/index.php?rest_route=\/wp\/v2\/pages\/1287\/revisions\/1288"}],"wp:attachment":[{"href":"https:\/\/www.4blutgruppen.de\/index.php?rest_route=%2Fwp%2Fv2%2Fmedia&parent=1287"}],"curies":[{"name":"wp","href":"https:\/\/api.w.org\/{rel}","templated":true}]}}