{"id":1165,"date":"2014-02-23T20:20:39","date_gmt":"2014-02-23T18:20:39","guid":{"rendered":"http:\/\/www.4blutgruppen.de\/?page_id=1165"},"modified":"2020-06-10T09:27:24","modified_gmt":"2020-06-10T07:27:24","slug":"genetische-medizin-und-zellreparatur","status":"publish","type":"page","link":"https:\/\/www.4blutgruppen.de\/?page_id=1165","title":{"rendered":"Genetische Medizin und Zellreparatur"},"content":{"rendered":"<p><span style=\"font-family: Arial,sans-serif;\"><span style=\"font-size: small;\">Wer nimmt also an dieser genetischen Stadtsitzung teil und wie werden Entscheidungen dort gef\u00e4llt? Ich beantworte diese Frage in Teil 1 dieses Buches vollst\u00e4ndig, aber ich m\u00f6chte Ihnen jetzt eine schnelle Antwort geben.<\/span><\/span><\/p>\n<p><span style=\"font-family: Arial,sans-serif;\"><span style=\"font-size: small;\">Offensichtlich sind bei der Stadtratsitzung die Gene anwesend, mit denen Sie geboren sind. Diese Gene bestimmen eine ganze Menge Faktoren, beispielsweise wie Sie auf Umweltbedrohungen reagieren, ob Sie zu Allergien und Asthmaanf\u00e4llen neigen und ob Sie eher dazu tendieren, Kalorien als Fett zu speichern oder ob Sie sie schnell verbrauchen. Das sind Ihre Sitzungsteilnehmer\u00a0 &#8211; aber das sind nicht die einzigen bei der Sitzung.<\/span><\/span><\/p>\n<p><span style=\"font-family: Arial,sans-serif;\"><span style=\"font-size: small;\">Ein weiterer wichtiger Teilnehmer ist Ihre Umwelt. Die Umwelt k\u00f6nnen Sie sich fast wie eine\u00a0 Amtsperson der Stadt vorstellen \u2013 es ist die Person, die die Tagesordnung erstellt. Abh\u00e4ngig davon, welche Art von Bedrohung Ihre Umwelt zeigt, werden Ihre Gen-Stadtr\u00e4te wahrscheinlich ganz unterschiedlich reagieren.<\/span><\/span><\/p>\n<p><span style=\"font-family: Arial,sans-serif;\"><span style=\"font-size: small;\">Um ein sehr einfaches Beispiel zu nehmen, eine sonnige Umwelt stellt die Sitzungsteilnehmer vor eine neue Notwendigkeit: <\/span><\/span><span style=\"font-family: Arial,sans-serif;\"><span style=\"font-size: small;\"><i>Sch\u00fctzt uns alle davor, verbrannt zu werden!<\/i><\/span><\/span><span style=\"font-family: Arial,sans-serif;\"><span style=\"font-size: small;\"> Wenn Sie mit einer nat\u00fcrlich bleichen Haut geboren wurden, dann erleben Sie eine leuchtende, hei\u00dfe Sonne als unmittelbare Bedrohung. Wenn Ihre Gene nichts tun, k\u00f6nnte diese Sonne bei Ihnen leicht eine Verbrennung zweiten Grades verursachen.<\/span><\/span><\/p>\n<p><span style=\"font-family: Arial,sans-serif;\"><span style=\"font-size: small;\">Gl\u00fccklicherweise gibt es eine genetische Alternative: Fordern Sie Ihre Hautzellen dazu auf, etwas zus\u00e4tzliches Melanin zu produzieren, das Ihre Haut mit einem netten, sch\u00fctzenden Braun versieht. Wenn die Umwelt also diese neue Drohung verk\u00fcndet, dann bestimmt sie auch die Tagesordnung &#8211; und Ihre Gene reagieren dementsprechend. Die Melanin produzierenden Gene kommen ans Mikrofon\u00a0 und haben das Sagen. Sie sprechen solange weiter, wie die Bedrohung &#8211; die Sonne &#8211; da ist. Wenn sich die Sonne auf einen weniger gef\u00e4hrlichen Winkel verschiebt, verk\u00fcndet die Umwelt eine neue Tagesordnung: <\/span><\/span><span style=\"font-family: Arial,sans-serif;\"><span style=\"font-size: small;\"><i>Erhalten Sie mehr Vitamin D vom Tageslicht.<\/i><\/span><\/span><span style=\"font-family: Arial,sans-serif;\"><span style=\"font-size: small;\"> Weil dieses Ziel leichter mit blasser Haut erreicht wird, werden Ihre Melanin-Gene ganz still. Ihre Gene f\u00fcr bleiche Haut gehen wieder ans Mikrofon und Ihre Haut nimmt wieder ihre fr\u00fchere Farbe an. <\/span><\/span><\/p>\n<p><span style=\"font-family: Arial,sans-serif;\"><span style=\"font-size: small;\">Selbstverst\u00e4ndlich haben einige von uns nicht viele Melanin produzierenden Gene. Das sind die, die kaum braun werden und schnell verbrennen. Egal wie laut diese Melanin produzierenden Gene sprechen, sie werden niemals gut geh\u00f6rt. Andere haben eine nat\u00fcrlich dunkle Haut &#8211; die Melanin produzierenden Gene sind st\u00e4ndig am Sprechen. So kann unsere Stadtratsitzung nichts tun, was sie entscheidet. Aber h\u00e4ufig gibt es ein gewisses Ma\u00df an Flexibilit\u00e4t. <\/span><\/span><span style=\"font-family: Arial,sans-serif;\"><span style=\"font-size: small;\"><b>Um uns vor Umweltbedrohungen zu sch\u00fctzen, k\u00f6nnen unsere Gene h\u00e4ufig beschlie\u00dfen, zu sprechen oder leise zu sein.<\/b><\/span><\/span><\/p>\n<p><span style=\"font-family: Arial,sans-serif;\"><span style=\"font-size: small;\">Ein weiterer Anwesender auf der Sitzung ist die Ern\u00e4hrung. Stellen Sie sich vor, es w\u00e4re eine weitere Amtsperson, die auf dem Podium sitzt und verschiedene Antworten von den Genen im Zuh\u00f6rerkreis anregt. Noch einmal, wir haben keine unbegrenzten M\u00f6glichkeiten, eine Reaktion zu erhalten \u2013 wir m\u00fcssen mit den Figuren arbeiten, mit denen wir geboren wurden. Aber was die Ern\u00e4hrung auf dem Podium sagt, kann eine gro\u00dfe Wirkung haben darauf, welches Gen spricht und welches still ist. <\/span><\/span><\/p>\n<p><span style=\"font-family: Arial,sans-serif;\"><span style=\"font-size: small;\">So wurden einige von uns mit \u201e\u00f6konomischer\u201c Genetik geboren &#8211; Genen, deren Funktion es ist, jede zus\u00e4tzliche Kalorie festzuhalten und als Fett zu speichern. Wir w\u00fcnschen uns, dass diese \u00f6konomischen Gene laut sprechen, wenn Nahrung knapp ist &#8211; tats\u00e4chlich ist das wahrscheinlich der Grund, warum sie sich entwickelten, n\u00e4mlich, uns vor Hunger zu sch\u00fctzen. Wenn die Nahrung aber reichlich ist, w\u00e4re es nett, sie zum Schweigen zu bringen, damit wir nicht mehr Gewicht zulegen wie unsere K\u00f6rper braucht. Wenn man sich mit viel Kohlenhydraten und Einfachzuckern ern\u00e4hrt,\u00a0 l\u00e4dt man jene Gene ein, ihren Platz am Mikrofon in Beschlag zu nehmen und so laut zu sprechen, dass keine anderen Stimmen geh\u00f6rt werden k\u00f6nnen. Wenn man dagegen mehr mageres Protein isst und die Funktionsf\u00e4higkeit der K\u00f6rperreaktion auf das Hormon Insulin erh\u00f6ht, dann ermuntert man jene \u201e\u00f6konomischen\u201c Gene dazu, zur\u00fcckzutreten und ihre Stimmen zu senken, so dass wir auf Dauer Gewicht verlieren.<\/span><\/span><\/p>\n<p><span style=\"font-family: Arial,sans-serif;\"><span style=\"font-size: small;\">Ebenso wurden einige von uns mit \u201ereaktiven\u201c Genen geboren, die unser Immunsystem anweisen, bei der geringf\u00fcgigsten m\u00f6glichen Bedrohung deutlich ausgepr\u00e4gte Reaktionen zu zeigen. Diese Gene erzeugen eine Entz\u00fcndung &#8211; Hitze, Schwellung, Schmerz und zus\u00e4tzliche wei\u00dfe Blutk\u00f6rperchen \u2013 beim geringsten Anlass. Sie k\u00f6nnen Allergien, Asthmaanf\u00e4lle, rheumatoide Arthritis und eine Masse anderer Zust\u00e4nde verursachen. <\/span><\/span><\/p>\n<p><span style=\"font-family: Arial,sans-serif;\"><span style=\"font-size: small;\">Eine Ern\u00e4hrung, die viel \u201ereaktive Proteine\u201c wie Gluten (kommt in vielen Getreidesorten wie Weizen, Roggen und Gerste vor) oder Lektine (kommen in bestimmten Getreidesorten, in Samen, in N\u00fcssen und in Gem\u00fcse vor) enth\u00e4lt, l\u00e4dt diese entz\u00fcndlichen Gene ein, das Mikrofon in Beschlag zu nehmen. Eine Ern\u00e4hrung, die den Verzehr dieser reaktiven Nahrungsmittel minimiert, ermutigt diese Gene dagegen, sich hinzusetzen und mit dem \u201eGeschrei\u201c aufzuh\u00f6ren. Das Asthma wird ertr\u00e4glicher, die Gelenkschmerzen lassen nach, und wir k\u00f6nnen nun Zust\u00e4nde aushalten, die uns vorher keuchen oder uns in Schmerz kr\u00fcmmen lie\u00df.<\/span><\/span><\/p>\n<p><span style=\"font-family: Arial,sans-serif;\"><span style=\"font-size: small;\">Es ist also unser erstes Ziel, diese Stadtratsitzung wieder auf den richtigen Weg zur\u00fcckzubekommen. Wir m\u00f6chten sicher sein, dass wir von den richtigen Teilen unseres genetischen Aufbaus h\u00f6ren und diejenigen Gene zum Schweigen bringen, die nicht so n\u00fctzlich sind. Die Gene, die uns f\u00fcr bestimmte Krankheiten und St\u00f6rungen anf\u00e4llig machen, sollten angeregt werden, sich vom Mikrofon zur\u00fcck\u00adzuhalten. Die Gene, die uns helfen, uns gesund und gl\u00fccklich zu f\u00fchlen, zu einem langen Leben und einem lebendigen hohen Alter f\u00fchren, sollte eingeladen werden, den Ton anzugeben.<\/span><\/span><\/p>\n<p><span style=\"font-family: Arial,sans-serif;\"><span style=\"font-size: small;\">Das ist es, was ich <\/span><\/span><span style=\"font-family: Arial,sans-serif;\"><span style=\"font-size: small;\"><b>genetische Medizin<\/b><\/span><\/span><span style=\"font-family: Arial,sans-serif;\"><span style=\"font-size: small;\"> nenne, und es ist der erste Gesichtspunkt des Genotyp-Programms, weil es buchst\u00e4blich dazu entworfen wurde, die Reaktionen Ihrer Gene zu umzupro\u00adgrammieren. Dementsprechend habe ich individualisierte Ern\u00e4hrungspl\u00e4ne f\u00fcr jeden Genotypus aufgestellt und die Nahrungsmittel und Nahrungserg\u00e4nzungen herausgestellt, die am besten funktionieren, um einige Gene zum Schweigen zu bringen und andere ins Spiel zu bringen und so optimale Gesundheit, optimales Gewicht und optimale Vitalit\u00e4t zu erzeugen. Da jede Ihrer K\u00f6rper\u00adfunktionen letztlich bei Ihren Genen anf\u00e4ngt, ist die genetische Medizin die am tiefsten reichende und am l\u00e4ngsten anhaltende Kraft f\u00fcr \u00c4nderung. Es ist der schnellste Weg, diese positiven \u00c4nderungen in Gang zu bekommen und die sicherste Weise, diese positiven Ver\u00e4nderungen aufrecht zu erhalten. <\/span><\/span><\/p>\n<p><span style=\"font-family: Arial,sans-serif;\"><span style=\"font-size: small;\">Aber was ist jetzt mit all den Sch\u00e4den, die entstanden, als Ihre Stadtratssitzung aus dem Gleichge\u00adwicht war? Was ist mit den Gelenkschmerzen, die durch die \u00dcberreaktion der reaktiven Gene verursacht wurden, oder dem Altern des Gewebes, das dadurch entstand, dass die \u00f6konomischen Gene durch verursachten, dass sie den Zucker zur\u00fcckhielten? Gl\u00fccklicherweise kann die richtige Ern\u00e4hrung helfen, diese Effekte auch wieder umzudrehen. Das ist die zweite Komponente des GenoTyp-Programms, die ich <\/span><\/span><span style=\"font-family: Arial,sans-serif;\"><span style=\"font-size: small;\"><i><b>zellulare Medizin<\/b><\/i><\/span><\/span><span style=\"font-family: Arial,sans-serif;\"><span style=\"font-size: small;\"> nenne. Nahrungsmittel und Erg\u00e4nzungen sind zellulare Medizin, die die Zellen ern\u00e4hren und reinigen, die Gesundheit Ihrer Organe sicherstellen oder die F\u00e4higkeit der Zelle wieder herstellen, richtig auf die Hormonbotschaften des K\u00f6rpers zu reagieren. Mit Hilfe der zellularen Medizin k\u00f6nnen Sie anfangen, den Schaden zu reparieren, der sich durch Jahre des schlechten Verhaltens bei diesen genetischen Stadtratsitzungen angesammelt hat.<\/span><\/span><\/p>\n<p><span style=\"font-family: Arial,sans-serif;\"><span style=\"font-size: small;\">Hier kommen jetzt die guten Nachrichten. Sobald Sie Ihre Gene umprogrammiert haben, so dass sie sich auf ges\u00fcndere Art verhalten und den zellularen Schaden reparieren, der entstanden ist, k\u00f6nnen Sie auf einige di\u00e4tetische Beschr\u00e4nkungen verzichten und sich an einer noch abwechslungs\u00adreicheren Angebot\u00a0 von Nahrungsmitteln erfreuen. Vielleicht k\u00f6nnen Sie keine unbegrenzten Mengen von allem essen \u2013 unsere K\u00f6rper sind einfach nicht so gebaut. Aber Sie werden vermutlich in der Lage sein, Ihre Nahrungsmittelauswahl auf eine noch breitere Basis zu stellen und trotzdem Ihr Gewicht, Ihre Vitalit\u00e4t und Ihre Gesundheit beizubehalten. Was noch besser ist, Sie k\u00f6nnen Nahrung benutzen, um sich zu sch\u00fctzen, wenn Krankheit Sie bedroht oder wenn Sie durch Stress ein gr\u00f6\u00dferes Risiko tragen. Zu solchen Zeiten k\u00f6nnen Sie zu einer strengeren Version Ihrer Genotyp-Di\u00e4t zur\u00fcckkehren und dann, wenn die Bedrohung vorbei ist, Ihre Essgewohnheiten wieder locker lassen.<\/span><\/span><\/p>\n","protected":false},"excerpt":{"rendered":"<p>Wer nimmt also an dieser genetischen Stadtsitzung teil und wie werden Entscheidungen dort gef\u00e4llt? Ich beantworte diese Frage in Teil 1 dieses Buches vollst\u00e4ndig, aber ich m\u00f6chte Ihnen jetzt eine schnelle Antwort geben. Offensichtlich sind bei der Stadtratsitzung die Gene &hellip;<\/p>\n<p class=\"read-more\"> <a class=\"more-link\" href=\"https:\/\/www.4blutgruppen.de\/?page_id=1165\"> <span class=\"screen-reader-text\">Genetische Medizin und Zellreparatur<\/span> Read More &raquo;<\/a><\/p>\n","protected":false},"author":3,"featured_media":0,"parent":0,"menu_order":0,"comment_status":"closed","ping_status":"closed","template":"","meta":{"footnotes":""},"class_list":["post-1165","page","type-page","status-publish","hentry"],"_links":{"self":[{"href":"https:\/\/www.4blutgruppen.de\/index.php?rest_route=\/wp\/v2\/pages\/1165","targetHints":{"allow":["GET"]}}],"collection":[{"href":"https:\/\/www.4blutgruppen.de\/index.php?rest_route=\/wp\/v2\/pages"}],"about":[{"href":"https:\/\/www.4blutgruppen.de\/index.php?rest_route=\/wp\/v2\/types\/page"}],"author":[{"embeddable":true,"href":"https:\/\/www.4blutgruppen.de\/index.php?rest_route=\/wp\/v2\/users\/3"}],"replies":[{"embeddable":true,"href":"https:\/\/www.4blutgruppen.de\/index.php?rest_route=%2Fwp%2Fv2%2Fcomments&post=1165"}],"version-history":[{"count":2,"href":"https:\/\/www.4blutgruppen.de\/index.php?rest_route=\/wp\/v2\/pages\/1165\/revisions"}],"predecessor-version":[{"id":2084,"href":"https:\/\/www.4blutgruppen.de\/index.php?rest_route=\/wp\/v2\/pages\/1165\/revisions\/2084"}],"wp:attachment":[{"href":"https:\/\/www.4blutgruppen.de\/index.php?rest_route=%2Fwp%2Fv2%2Fmedia&parent=1165"}],"curies":[{"name":"wp","href":"https:\/\/api.w.org\/{rel}","templated":true}]}}