{"id":1161,"date":"2014-02-23T20:14:16","date_gmt":"2014-02-23T18:14:16","guid":{"rendered":"http:\/\/www.4blutgruppen.de\/?page_id=1161"},"modified":"2020-06-10T09:25:23","modified_gmt":"2020-06-10T07:25:23","slug":"moeglichkeiten-unser-leben-zu-veraendern","status":"publish","type":"page","link":"https:\/\/www.4blutgruppen.de\/?page_id=1161","title":{"rendered":"M\u00f6glichkeiten unser Leben zu ver\u00e4ndern"},"content":{"rendered":"<p><span style=\"font-family: Arial,sans-serif;\"><span style=\"font-size: small;\">Als Arzt der Naturheilkunde und Forscher hatte ich immer einen tiefen Glauben in unsere F\u00e4higkeit, die Kontrolle \u00fcber unseren K\u00f6rper und unser Leben zu \u00fcbernehmen. T\u00e4glich habe ich Patienten behandelt, die eine Gesundheit, eine Vitalit\u00e4t und eine Freude im Leben entdeckten, die sie nie f\u00fcr m\u00f6glich gehalten hatten, einfach, indem sie ihre Ern\u00e4hrung \u00e4nderten, die empfohlenen Nahrungserg\u00e4nzungen einnahmen und ein passendes Training aufnahmen. Seit mein erstes Buch\u00a0\u00a0\u00a0 \u201e<\/span><\/span><span style=\"color: #000000;\"><span style=\"font-family: Arial,sans-serif;\"><span style=\"font-size: small;\">4 Blutgruppen &#8211; Vier Strategien f\u00fcr ein gesundes Leben\u201c vor <\/span><\/span><\/span><span style=\"font-family: Arial,sans-serif;\"><span style=\"font-size: small;\">elf Jahren <\/span><\/span><span style=\"color: #000000;\"><span style=\"font-family: Arial,sans-serif;\"><span style=\"font-size: small;\">v<\/span><\/span><\/span><span style=\"font-family: Arial,sans-serif;\"><span style=\"font-size: small;\">er\u00f6ffentlicht wurde, hatte ich das Privileg, die ermutigendsten Geschichten \u00fcber Leute zu h\u00f6ren, deren Leben sich gewandelt hatte, indem sie den Di\u00e4t- und Trainingsplan fanden, der am besten zu ihnen passte.<\/span><\/span><\/p>\n<p><span style=\"font-family: Arial,sans-serif;\"><span style=\"font-size: small;\">Ich gebe jedoch zu, ich hatte einen blinden Fleck, von dem ich glaube, dass viele von Ihnen ihn mit mir geteilt haben. Ich nahm immer an, dass unser Leben, was die Genetik betrifft, schon festgelegt ist. Ich glaubte, dass die Gene, die wir von unseren Eltern haben, die Karten sind, mit denen wir uns abfinden m\u00fcssen. Ich wusste, dass wir viel Spielraum haben darin, wie man diese Karten spielt &#8211; und ich fuhr fort, zahlreiche B\u00fccher zu schreiben, die vielen Leuten halfen, sie besser zu spielen. Aber ich war ziemlich sicher, dass die Karten, die wir zum Zeitpunkt der Zeugung empfingen, die sind, die wir ein Leben lang haben.<\/span><\/span><\/p>\n<p><span style=\"font-family: Arial,sans-serif;\"><span style=\"font-size: small;\">Stellen Sie sich also meine Freude vor, als ich anfing zu entdecken, dass wir eine enorme F\u00e4higkeit\u00a0 haben, unsere Leben zu verbessern, sogar was unsere Gene betrifft. Es ist richtig, wir k\u00f6nnen nichts daran \u00e4ndern, welche Chromosomen wir von unseren Eltern erhalten haben; wir k\u00f6nnen weder neue Gene zu der Mischung hinzuf\u00fcgen noch alte ausrotten. Aber die Gene, die wir bei der Empf\u00e4ngnis erhalten, sind nur der Anfang der Geschichte.<\/span><\/span><\/p>\n<p><span style=\"font-family: Arial,sans-serif;\"><span style=\"font-size: small;\">Von unserer Zeit in der Geb\u00e4rmutter an durch unsere Kindheit, Jugend und als Erwachsene <\/span><\/span><span style=\"font-family: Arial,sans-serif;\"><span style=\"font-size: small;\"><i><b>haben wir die F\u00e4higkeit, das Gewicht (die Gewichtigkeit) einiger Gene zu erh\u00f6hen und andere zu in ihrer Wirkung zu reduzieren, und so in betr\u00e4chtlichem Ausma\u00df unsere M\u00f6glichkeiten f\u00fcr Gesundheit und Gl\u00fcck zu erh\u00f6hen.<\/b><\/i><\/span><\/span><span style=\"font-family: Arial,sans-serif;\"><span style=\"font-size: small;\"> Wir k\u00f6nnen den normalen Ablauf unseres Lebens und unserer Gesundheit verstehen &#8211; welche k\u00f6rperlichen Herausforderungen wahrscheinlich zu erwarten sind und welche St\u00f6rungen f\u00fcr uns am wahrscheinlichsten sind &#8211; und wir k\u00f6nnen wirkungsvoll reagieren.<\/span><\/span><\/p>\n<p><span style=\"font-family: Arial,sans-serif;\"><span style=\"font-size: small;\">Und was das Beste daran ist, wir ben\u00f6tigen keine Laborwerte, Medikamente, Operation oder keinen medizinischen Eingriff, um dieses wundersame Meisterst\u00fcck durchzuf\u00fchren. Alles, das wir ben\u00f6tigen, ist ein Verst\u00e4ndnis des Di\u00e4t- und Trainingsplanes, wie er f\u00fcr unseren speziellen Genotyp richtig ist &#8211; die einzigartige Weise, in der unsere Gene und unsere Zellen zusammenwirken.<\/span><\/span><\/p>\n<p><span style=\"font-family: Arial,sans-serif;\"><span style=\"font-size: small;\">Obgleich in der traditionellen wissenschaftlichen Praxis das Wort Genotyp nur dazu verwendet wird, die tats\u00e4chliche Zusammensetzung der Gene einer Person zu beschreiben, habe ich mir dazu entschieden, den Ausdruck auf eine einzigartige Art zu verwenden, weil ich glaube, dass wir mit dieser engen, linearen Definition nicht auf dem richtigen Weg sind. Die Standarddefinition verweist nur auf Chromosomen, aber mein eigener Gebrauch des Wortes Genotyp schlie\u00dft das Verh\u00e4ltnis mit der Umwelt, den Einfluss der Familiengeschichte der letzten Zeit und den Einfluss der f\u00f6talen oder vorgeburtlichen Vorgeschichte mit ein.<\/span><\/span><\/p>\n<p><span style=\"font-family: Arial,sans-serif;\"><span style=\"font-size: small;\">Ein Archetyp ist ein idealisiertes Modell einer Person oder des Konzeptes. Archetypen sind zeitlos und \u00fcberall um uns. Wenn wir beispielsweise an den archetypischen \u201eKumpan des Helden\u201c denken, kommen uns m\u00f6glicherweise Robin Hood\u2019s Freund \u201eLittle John\u201c oder Han Solo\u2019s Kopilot Chewbacca in den Sinn. Jede Figur stammt aus einer speziellen Geschichtsperiode, aber beide passen auf den zeitlosen Archetyp.<\/span><\/span><\/p>\n<p><span style=\"font-family: Arial,sans-serif;\"><span style=\"font-size: small;\">So kommen in unserem kleinen Universum Worte und Konzepte zusammen, um etwas Neues und vollst\u00e4ndig anders Geartetes zu bilden: einen genetischen Archetyp &#8211; einen Genotyp.<\/span><\/span><\/p>\n<p><span style=\"font-family: Arial,sans-serif;\"><span style=\"font-size: small;\">Ich entwickelte das Konzept des Genotypus und erkannte sechs Genotypen, indem ich statistische Analysen von schon bekannten Daten machte, wie Gene, St\u00f6rungen und k\u00f6rperliche Merkmale gemeinsam geh\u00e4uft auftreten. Ich gr\u00fcndete meine Arbeit auf die schon bekannten Zusammenh\u00e4nge\u00a0 zwischen solchen Merkmalen wie beispielsweise Mustern in Fingerabdr\u00fccken und bestimmten Funktionsst\u00f6rungen, Beinl\u00e4nge und das Risiko f\u00fcr Prostatakrebs und schaufelf\u00f6rmige Schneidez\u00e4hne und die Ern\u00e4hrung der Vorfahren. <\/span><\/span><\/p>\n<p><span style=\"font-family: Arial,sans-serif;\"><span style=\"font-size: small;\">Statistische Analysen der schon bekannten Zusammenh\u00e4nge ergaben sechs eindeutige und best\u00e4ndige Kategorien, die ich als die sechs Genotypen benannt habe. Der Leser, der mehr \u00fcber das wissenschaftliche Grundprinzip hinter der Genotyp-Di\u00e4t erfahren m\u00f6chte, ist dazu eingeladen, die englische Website www.genotypediet.com zu besuchen, um mehr Daten dar\u00fcber zu bekommen. <\/span><\/span><\/p>\n<p><span style=\"font-family: Arial,sans-serif;\"><span style=\"font-size: small;\"><i>Quelle: The GenoType Diet \u2013 Change Your Genetic Destiny, von Peter D\u00b4Adamo<\/i><\/span><\/span><\/p>\n<p>weitere Info \u00fcber GenoTyp Ern\u00e4hrung unter <a title=\"GenoTyp Ern\u00e4hrung\" href=\"https:\/\/www.geno-typing.ch\" target=\"_blank\" rel=\"noopener noreferrer\">www.geno-typing.ch<\/a><\/p>\n","protected":false},"excerpt":{"rendered":"<p>Als Arzt der Naturheilkunde und Forscher hatte ich immer einen tiefen Glauben in unsere F\u00e4higkeit, die Kontrolle \u00fcber unseren K\u00f6rper und unser Leben zu \u00fcbernehmen. T\u00e4glich habe ich Patienten behandelt, die eine Gesundheit, eine Vitalit\u00e4t und eine Freude im Leben &hellip;<\/p>\n<p class=\"read-more\"> <a class=\"more-link\" href=\"https:\/\/www.4blutgruppen.de\/?page_id=1161\"> <span class=\"screen-reader-text\">M\u00f6glichkeiten unser Leben zu ver\u00e4ndern<\/span> Read More &raquo;<\/a><\/p>\n","protected":false},"author":3,"featured_media":0,"parent":0,"menu_order":0,"comment_status":"closed","ping_status":"closed","template":"","meta":{"footnotes":""},"class_list":["post-1161","page","type-page","status-publish","hentry"],"_links":{"self":[{"href":"https:\/\/www.4blutgruppen.de\/index.php?rest_route=\/wp\/v2\/pages\/1161","targetHints":{"allow":["GET"]}}],"collection":[{"href":"https:\/\/www.4blutgruppen.de\/index.php?rest_route=\/wp\/v2\/pages"}],"about":[{"href":"https:\/\/www.4blutgruppen.de\/index.php?rest_route=\/wp\/v2\/types\/page"}],"author":[{"embeddable":true,"href":"https:\/\/www.4blutgruppen.de\/index.php?rest_route=\/wp\/v2\/users\/3"}],"replies":[{"embeddable":true,"href":"https:\/\/www.4blutgruppen.de\/index.php?rest_route=%2Fwp%2Fv2%2Fcomments&post=1161"}],"version-history":[{"count":4,"href":"https:\/\/www.4blutgruppen.de\/index.php?rest_route=\/wp\/v2\/pages\/1161\/revisions"}],"predecessor-version":[{"id":2082,"href":"https:\/\/www.4blutgruppen.de\/index.php?rest_route=\/wp\/v2\/pages\/1161\/revisions\/2082"}],"wp:attachment":[{"href":"https:\/\/www.4blutgruppen.de\/index.php?rest_route=%2Fwp%2Fv2%2Fmedia&parent=1161"}],"curies":[{"name":"wp","href":"https:\/\/api.w.org\/{rel}","templated":true}]}}