{"id":115,"date":"2013-12-12T22:28:45","date_gmt":"2013-12-12T20:28:45","guid":{"rendered":"http:\/\/4blutgruppen.metapublic.com\/?page_id=115"},"modified":"2023-10-16T10:50:18","modified_gmt":"2023-10-16T08:50:18","slug":"genotyp-ernaehrung","status":"publish","type":"page","link":"https:\/\/www.4blutgruppen.de\/?page_id=115","title":{"rendered":"GenoTyp Ern\u00e4hrung"},"content":{"rendered":"<h2><span style=\"color: #0000ff;\">Ver\u00e4ndern Sie Ihr Genetisches Schicksal<\/span><\/h2>\n<p>Mit \u201e4 Blutgruppen \u2013 Vier Strategien f\u00fcr ein gesundes Leben\u201c und weiteren Blutgruppen-B\u00fcchern startete Dr. Peter J. D&#8217;Adamo eine internationale Begeisterung f\u00fcr Gesundheit und hat bewiesen, dass, wenn es um Ern\u00e4hrung geht, es keinen Plan gibt, der f\u00fcr alle passend ist. Mit &#8222;Change Your Genetic Destiny &#8218;, bringt er seine bahnbrechenden Forschungsarbeiten auf die n\u00e4chste Ebene &#8211; mit einem ma\u00dfgeschneiderten Programm, das mit Ihrem Erbgut zusammenarbeitet zur Maximierung der Gesundheit und f\u00fcr Gewichtsverlust, sowie zur Vermeidung oder sogar Umkehrung von Krankheit. Gem\u00e4\u00df Dr. D&#8217;Adamo, sind eine Vielzahl von Umweltfaktoren, einschlie\u00dflich Ern\u00e4hrung und Lebensstil, daf\u00fcr verantwortlich, ob und wie Ihre Gene sich \u00e4u\u00dfern. Mit den richtigen Tools (Werkzeugen) k\u00f6nnen Sie die \u201eguten\u201c Gene aktivieren und die \u201eschlechten\u201c ruhig stellen.<\/p>\n<p>Mit Hilfe der Familiengeschichte und der Blutgruppe, sowie einfachen Diagnose-Tools wie Fingerabdruck-Analyse und Messung des Kieferwinkels, zeigt Dr. D&#8217;Adamo, wie Sie Ihr Erbgut entdecken und welcher der Pl\u00e4ne der sechs GenoTypen der Richtige f\u00fcr Sie ist. Eine Bestimmung des GenoTyp zeigt bisher verborgene genetische St\u00e4rken und Schw\u00e4chen und bietet einen pr\u00e4zisen Plan f\u00fcr Ern\u00e4hrung und Lebensweise f\u00fcr jeden Einzelnen. Basierend auf den neuesten und modernsten genetischen Forschungen ist dies ein \u201eeinundzwanzigster-Jahrhundert-Plan\u201c f\u00fcr Gesundheit und Wellness von einem renommierten Gesundheits-Pionier.<\/p>\n<p>&#8222;Seine Betrachtungsweise \u00fcber Ern\u00e4hrung und Gesundheit der vier Blutgruppen erweiternd, erkl\u00e4rt der naturheilkundliche Arzt D&#8217;Adamo (Eat Right 4 Your Type) die Profile der sechs GenoTypen und zeigt wie seine Leser die Auswirkungen der Gene umprogrammieren k\u00f6nnen um Gewicht zu verlieren, Zellen zu reparieren, Erkrankungen zu vermeiden und gesund zu altern. D&#8217;Adamo st\u00fctzt sich auf die Epigenetik, die Untersuchungen der Wechselwirkung zwischen Genen und Umwelt, um darzulegen, dass eine ma\u00dfgeschneiderte Ern\u00e4hrung und ein Lebensstil gem\u00e4\u00df der &#8222;GenoTypen&#8220; (genetische \u00dcberlebensstrategien die Ethnizit\u00e4t und Rasse vorausgehen und an solchen externen Merkmalen wie K\u00f6rperbau, Kiefer und Form der Z\u00e4hne erkennbar sind) das wirksamste Mittel sind, um eine optimale Gesundheit zu erreichen.<\/p>\n<p>W\u00e4hrend die Gegebenheiten der pr\u00e4natalen Umwelt \u2013 unsere eigenen und die unserer Vorfahren \u2013 tief greifende Auswirkungen auf unsere Gene haben, behauptet D&#8217;Adamo, dass jeder Leser die Kontrolle \u00fcber sein Erbe hat, indem er die positiven Gene aktivieren und die negativen ruhig stellen kann durch Methylierung, Histon-Acetylierung und andere biologische Prozesse. Er stellt Methoden f\u00fcr seine Leser zur Verf\u00fcgung, um ihren Typ bestimmen zu k\u00f6nnen, dazu geh\u00f6ren K\u00f6rperma\u00dfe, Fingerabdr\u00fccke und die pers\u00f6nliche und famili\u00e4re Geschichte. D&#8217;Adamo&#8217;s Ern\u00e4hrungsempfehlungen sind flexibel und bestehen aus Listen von Lebensmitteln zur Unterst\u00fctzung eines jeden GenoTyps mit Lebensmitteln, die zu begrenzen oder zu vermeiden sind; Ern\u00e4hrungspl\u00e4ne und Rezepte finden Sie auf der Website des Autors.<\/p>\n<p>D&#8217;Adamo&#8217;s einnehmender Schreibstil, seine Begeisterung f\u00fcr sein Fach und eine pers\u00f6nliche Beratung wird f\u00fcr diejenigen, die eine praktische Betrachtungsweise f\u00fcr ihre Gesundheit unter Berufung auf die Erforschung neuer Theorien genie\u00dfen m\u00f6chten.\u201c<\/p>\n<p>&#8211;Publisher&#8217;s Weekly<\/p>\n<p>weitere Infos zur GenoTyp Ern\u00e4hrung unter <a title=\"GenoTyp Ern\u00e4hrung\" href=\"https:\/\/www.geno-typing.ch\" target=\"_blank\" rel=\"noopener noreferrer\">www.geno-typing.ch<\/a><\/p>\n<h1><span style=\"font-family: Arial,sans-serif;\">Vorwort zum Buch von Dr. D\u2019Adamo<br \/>\n<span style=\"font-size: large;\">&#8222;Ver\u00e4ndere Dein genetisches Schicksal&#8220;<\/span><\/span><\/h1>\n<h1><span style=\"font-family: Arial,sans-serif;\"><b style=\"font-size: small;\">Von Tom Greenfield, ND, DO, MIFHI<\/b><br \/>\n<\/span><\/h1>\n<p><span style=\"font-family: Arial,sans-serif;\"><span style=\"font-size: small;\">Die meisten Therapeuten, die die Blutgruppen als Teil ihres Behandlungsansatzes einige Zeit ange\u00adwendet haben, erkennen die charakteristischen Auswirkungen der Blutgruppe des Patienten: Es ist sogar m\u00f6glich, eine wohlbegr\u00fcndete Vermutung \u00fcber die Blutgruppe eines Patienten abzugeben, bevor er getestet wurde. Es gibt eine bestimmte Art und Weise, wie ein Individuum auftritt und sich verh\u00e4lt, die wir als Zugeh\u00f6rigkeit zu einer bestimmten Kategorie von Leuten erkennen k\u00f6nnen, die sich in bestimmten Dingen \u00e4hnlich sind und die in besonderer Weise auf die Umwelt reagieren. Wer das Konzept von Dr. Peter D\u2019Adamos Bluttypen-Ern\u00e4hrung in seiner ganzheitlichen Naturheilpraxis verwendet, wei\u00df, dass Patienten nur dadurch die tiefgreifendsten Verbesserungen ihrer Gesundheit erfahren, dass man sie \u00fcber ihre passende Ern\u00e4hrung und ihr geeignetes Training informiert. Der einfache Ansatz versetzt Leute auch in die Lage, sich selbst zu helfen,<\/span><\/span><\/p>\n<p><img decoding=\"async\" src=\"https:\/\/geno-typing.ch\/wordpress\/wp-content\/uploads\/2016\/01\/adamobuchtitel-209x300.png\" alt=\"adamobuchtitel\" \/><\/p>\n","protected":false},"excerpt":{"rendered":"<p>Ver\u00e4ndern Sie Ihr Genetisches Schicksal Mit \u201e4 Blutgruppen \u2013 Vier Strategien f\u00fcr ein gesundes Leben\u201c und weiteren Blutgruppen-B\u00fcchern startete Dr. Peter J. D&#8217;Adamo eine internationale Begeisterung f\u00fcr Gesundheit und hat bewiesen, dass, wenn es um Ern\u00e4hrung geht, es keinen Plan &hellip;<\/p>\n<p class=\"read-more\"> <a class=\"more-link\" href=\"https:\/\/www.4blutgruppen.de\/?page_id=115\"> <span class=\"screen-reader-text\">GenoTyp Ern\u00e4hrung<\/span> Read More &raquo;<\/a><\/p>\n","protected":false},"author":3,"featured_media":0,"parent":0,"menu_order":0,"comment_status":"closed","ping_status":"closed","template":"","meta":{"footnotes":""},"class_list":["post-115","page","type-page","status-publish","hentry"],"_links":{"self":[{"href":"https:\/\/www.4blutgruppen.de\/index.php?rest_route=\/wp\/v2\/pages\/115","targetHints":{"allow":["GET"]}}],"collection":[{"href":"https:\/\/www.4blutgruppen.de\/index.php?rest_route=\/wp\/v2\/pages"}],"about":[{"href":"https:\/\/www.4blutgruppen.de\/index.php?rest_route=\/wp\/v2\/types\/page"}],"author":[{"embeddable":true,"href":"https:\/\/www.4blutgruppen.de\/index.php?rest_route=\/wp\/v2\/users\/3"}],"replies":[{"embeddable":true,"href":"https:\/\/www.4blutgruppen.de\/index.php?rest_route=%2Fwp%2Fv2%2Fcomments&post=115"}],"version-history":[{"count":7,"href":"https:\/\/www.4blutgruppen.de\/index.php?rest_route=\/wp\/v2\/pages\/115\/revisions"}],"predecessor-version":[{"id":2143,"href":"https:\/\/www.4blutgruppen.de\/index.php?rest_route=\/wp\/v2\/pages\/115\/revisions\/2143"}],"wp:attachment":[{"href":"https:\/\/www.4blutgruppen.de\/index.php?rest_route=%2Fwp%2Fv2%2Fmedia&parent=115"}],"curies":[{"name":"wp","href":"https:\/\/api.w.org\/{rel}","templated":true}]}}